{"id":82,"date":"2017-06-28T13:45:01","date_gmt":"2017-06-28T17:45:01","guid":{"rendered":"http:\/\/ppgbioanimal.draconis.ufms.br\/?page_id=82"},"modified":"2025-09-19T11:09:59","modified_gmt":"2025-09-19T15:09:59","slug":"docentes","status":"publish","type":"page","link":"https:\/\/ppgta.ufms.br\/pb\/docentes\/","title":{"rendered":"Professores"},"content":{"rendered":"<h2>Professores Permanentes\u200b<\/h2>\n<table style=\"border-collapse: collapse;width: 100%\">\n<tbody>\n<tr style=\"height: 24px\">\n<td rowspan=\"3\"><a href=\"https:\/\/ppgta.ufms.br\/antonio\/\"><img decoding=\"async\" class=\"aligncenter wp-image-198\" src=\"https:\/\/ppgta.ufms.br\/files\/2017\/06\/toni300.jpg\" alt=\"\" width=\"175\" height=\"175\" \/><\/a><\/td>\n<td style=\"height: 24px\">Antonio Conceicao Paranhos Filho<\/td>\n<\/tr>\n<tr style=\"height: 24px\">\n<td style=\"height: 24px\">Diagn\u00f3stico e Avalia\u00e7\u00e3o de Impactos Ambientais<\/td>\n<\/tr>\n<tr style=\"height: 24px\">\n<td><a href=\"http:\/\/lattes.cnpq.br\/8366463150019459\">http:\/\/lattes.cnpq.br\/8366463150019459<\/a><\/td>\n<\/tr>\n<tr style=\"height: 24px\">\n<td rowspan=\"3\"><a href=\"https:\/\/ppgta.ufms.br\/docentes\/carlos\/\"><img decoding=\"async\" class=\"aligncenter wp-image-199\" src=\"https:\/\/ppgta.ufms.br\/files\/2017\/06\/carlos1.jpg\" alt=\"\" width=\"175\" height=\"175\" \/><\/a><\/td>\n<td style=\"height: 24px\">Carlos Nobuyoshi Ide<\/td>\n<\/tr>\n<tr style=\"height: 24px\">\n<td style=\"height: 24px\">Tecnologias de Controle da Polui\u00e7\u00e3oRecursos H\u00eddricos<\/td>\n<\/tr>\n<tr style=\"height: 24px\">\n<td style=\"height: 24px\"><a href=\"http:\/\/lattes.cnpq.br\/7754483170804600\">http:\/\/lattes.cnpq.br\/7754483170804600<\/a><\/td>\n<\/tr>\n<tr style=\"height: 24px\">\n<td rowspan=\"3\"><a href=\"https:\/\/ppgta.ufms.br\/docentes\/dulce\/\"><img decoding=\"async\" class=\"aligncenter wp-image-226\" src=\"https:\/\/ppgta.ufms.br\/files\/2017\/06\/dulce1.png\" alt=\"\" width=\"175\" height=\"175\" srcset=\"https:\/\/ppgta.ufms.br\/files\/2017\/06\/dulce1.png 200w, https:\/\/ppgta.ufms.br\/files\/2017\/06\/dulce1-150x150.png 150w\" sizes=\"(max-width: 175px) 100vw, 175px\" \/><\/a><\/td>\n<td style=\"height: 24px\">Dulce Buchala Bicca Rodrigues<\/td>\n<\/tr>\n<tr style=\"height: 24px\">\n<td style=\"height: 24px\">Recursos H\u00eddricos<\/td>\n<\/tr>\n<tr style=\"height: 24px\">\n<td style=\"height: 24px\"><a href=\"http:\/\/lattes.cnpq.br\/4956730907128122\">http:\/\/lattes.cnpq.br\/4956730907128122<\/a><\/td>\n<\/tr>\n<tr style=\"height: 24px\">\n<td rowspan=\"3\"><a href=\"https:\/\/ppgta.ufms.br\/docentes\/fabio-2\/\"><img loading=\"lazy\" decoding=\"async\" class=\"wp-image-204 aligncenter\" src=\"https:\/\/ppgta.ufms.br\/files\/2017\/06\/f\u00e1bio.jpg\" alt=\"\" width=\"175\" height=\"175\" srcset=\"https:\/\/ppgta.ufms.br\/files\/2017\/06\/f\u00e1bio.jpg 200w, https:\/\/ppgta.ufms.br\/files\/2017\/06\/f\u00e1bio-150x150.jpg 150w\" sizes=\"(max-width: 175px) 100vw, 175px\" \/><\/a><\/td>\n<td style=\"height: 24px\">Fabio Verissimo Goncalves<\/td>\n<\/tr>\n<tr style=\"height: 24px\">\n<td style=\"height: 24px\">Recursos H\u00eddricos<\/td>\n<\/tr>\n<tr style=\"height: 24px\">\n<td style=\"height: 24px\"><a href=\"http:\/\/lattes.cnpq.br\/8133907731850115\">http:\/\/lattes.cnpq.br\/8133907731850115<\/a><\/td>\n<\/tr>\n<tr style=\"height: 24px\">\n<td rowspan=\"3\"><a href=\"https:\/\/ppgta.ufms.br\/docentes\/isabel\/\"><img loading=\"lazy\" decoding=\"async\" class=\"wp-image-208 aligncenter\" src=\"https:\/\/ppgta.ufms.br\/files\/2017\/06\/Isabel_Almeida9.png\" alt=\"\" width=\"175\" height=\"175\" srcset=\"https:\/\/ppgta.ufms.br\/files\/2017\/06\/Isabel_Almeida9.png 180w, https:\/\/ppgta.ufms.br\/files\/2017\/06\/Isabel_Almeida9-150x150.png 150w\" sizes=\"(max-width: 175px) 100vw, 175px\" \/><\/a><\/td>\n<td style=\"height: 24px\">Isabel Kaufmann De Almeida<\/td>\n<\/tr>\n<tr style=\"height: 24px\">\n<td style=\"height: 24px\">Recursos H\u00eddricos<\/td>\n<\/tr>\n<tr style=\"height: 24px\">\n<td style=\"height: 24px\"><a href=\"http:\/\/lattes.cnpq.br\/7494871013945299\">http:\/\/lattes.cnpq.br\/7494871013945299<\/a><\/td>\n<\/tr>\n<tr style=\"height: 24px\">\n<td rowspan=\"3\"><a href=\"https:\/\/ppgta.ufms.br\/johannes\/\"><img loading=\"lazy\" decoding=\"async\" class=\"wp-image-210 aligncenter\" src=\"https:\/\/ppgta.ufms.br\/files\/2017\/06\/johannes-300x300.png\" alt=\"\" width=\"175\" height=\"175\" srcset=\"https:\/\/ppgta.ufms.br\/files\/2017\/06\/johannes-300x300.png 300w, https:\/\/ppgta.ufms.br\/files\/2017\/06\/johannes-150x150.png 150w, https:\/\/ppgta.ufms.br\/files\/2017\/06\/johannes-768x768.png 768w, https:\/\/ppgta.ufms.br\/files\/2017\/06\/johannes-1024x1024.png 1024w, https:\/\/ppgta.ufms.br\/files\/2017\/06\/johannes-320x320.png 320w, https:\/\/ppgta.ufms.br\/files\/2017\/06\/johannes.png 1729w\" sizes=\"(max-width: 175px) 100vw, 175px\" \/><\/a><\/td>\n<td style=\"height: 24px\">Johannes Gerson Janzen<\/td>\n<\/tr>\n<tr style=\"height: 24px\">\n<td style=\"height: 24px\">Recursos H\u00eddricos<\/p>\n<p>Tecnologias de Controle da Polui\u00e7\u00e3o<\/td>\n<\/tr>\n<tr style=\"height: 24px\">\n<td style=\"height: 24px\"><a href=\"http:\/\/lattes.cnpq.br\/8377932686189760\">http:\/\/lattes.cnpq.br\/8377932686189760<\/a><\/td>\n<\/tr>\n<tr style=\"height: 24px\">\n<td rowspan=\"3\"><a href=\"https:\/\/ppgta.ufms.br\/docentes\/jose\/\"><img loading=\"lazy\" decoding=\"async\" class=\"wp-image-212 aligncenter\" src=\"https:\/\/ppgta.ufms.br\/files\/2017\/06\/Jose_Junior43.png\" alt=\"\" width=\"175\" height=\"175\" srcset=\"https:\/\/ppgta.ufms.br\/files\/2017\/06\/Jose_Junior43.png 180w, https:\/\/ppgta.ufms.br\/files\/2017\/06\/Jose_Junior43-150x150.png 150w\" sizes=\"(max-width: 175px) 100vw, 175px\" \/><\/a><\/td>\n<td style=\"height: 24px\">Jose Marcato Junior<\/td>\n<\/tr>\n<tr style=\"height: 24px\">\n<td style=\"height: 24px\">Diagn\u00f3stico e Avalia\u00e7\u00e3o de Impactos Ambientais<\/td>\n<\/tr>\n<tr style=\"height: 24px\">\n<td style=\"height: 24px\"><a href=\"http:\/\/lattes.cnpq.br\/1054922336409334\">http:\/\/lattes.cnpq.br\/1054922336409334<\/a><\/td>\n<\/tr>\n<tr style=\"height: 24px\">\n<td style=\"height: 72px\" rowspan=\"3\"><a href=\"https:\/\/ppgta.ufms.br\/files\/2020\/12\/Keila_Oliveira2.jpg\"><img loading=\"lazy\" decoding=\"async\" class=\" wp-image-1108 aligncenter\" src=\"https:\/\/ppgta.ufms.br\/files\/2020\/12\/Keila_Oliveira2-150x150.jpg\" alt=\"\" width=\"176\" height=\"176\" srcset=\"https:\/\/ppgta.ufms.br\/files\/2020\/12\/Keila_Oliveira2-150x150.jpg 150w, https:\/\/ppgta.ufms.br\/files\/2020\/12\/Keila_Oliveira2-300x300.jpg 300w, https:\/\/ppgta.ufms.br\/files\/2020\/12\/Keila_Oliveira2-320x320.jpg 320w, https:\/\/ppgta.ufms.br\/files\/2020\/12\/Keila_Oliveira2.jpg 512w\" sizes=\"(max-width: 176px) 100vw, 176px\" \/><\/a><\/td>\n<td style=\"height: 24px\">Keila Roberta Ferreira De Oliveira<\/td>\n<\/tr>\n<tr style=\"height: 24px\">\n<td style=\"height: 24px\">Tecnologias de Controle de Polui\u00e7\u00e3o<\/td>\n<\/tr>\n<tr style=\"height: 24px\">\n<td style=\"height: 24px\">http:\/\/lattes.cnpq.br\/1588477674884807<\/td>\n<\/tr>\n<tr style=\"height: 24px\">\n<td rowspan=\"3\"><a href=\"https:\/\/ppgta.ufms.br\/docentes\/kennedy\/\"><img loading=\"lazy\" decoding=\"async\" class=\"aligncenter wp-image-296\" src=\"https:\/\/ppgta.ufms.br\/files\/2017\/07\/perfil.png\" alt=\"\" width=\"175\" height=\"175\" srcset=\"https:\/\/ppgta.ufms.br\/files\/2017\/07\/perfil.png 200w, https:\/\/ppgta.ufms.br\/files\/2017\/07\/perfil-150x150.png 150w\" sizes=\"(max-width: 175px) 100vw, 175px\" \/><\/a><\/td>\n<td style=\"height: 24px\">Kennedy Francis Roche<\/td>\n<\/tr>\n<tr style=\"height: 24px\">\n<td style=\"height: 24px\">Diagn\u00f3stico e Avalia\u00e7\u00e3o de Impactos Ambientais<\/td>\n<\/tr>\n<tr style=\"height: 24px\">\n<td style=\"height: 24px\"><a href=\"http:\/\/lattes.cnpq.br\/2388031186936813\">http:\/\/lattes.cnpq.br\/2388031186936813<\/a><\/td>\n<\/tr>\n<tr style=\"height: 24px\">\n<td rowspan=\"3\"><img loading=\"lazy\" decoding=\"async\" class=\"aligncenter wp-image-1655\" src=\"https:\/\/ppgta.ufms.br\/files\/2023\/11\/Marc_square.jpg\" alt=\"\" width=\"175\" height=\"175\" srcset=\"https:\/\/ppgta.ufms.br\/files\/2023\/11\/Marc_square.jpg 301w, https:\/\/ppgta.ufms.br\/files\/2023\/11\/Marc_square-150x150.jpg 150w\" sizes=\"(max-width: 175px) 100vw, 175px\" \/><\/td>\n<td style=\"height: 24px\">Marc Arpad Boncz<\/td>\n<\/tr>\n<tr style=\"height: 24px\">\n<td style=\"height: 24px\">Tecnologias de Controle da Polui\u00e7\u00e3o<\/td>\n<\/tr>\n<tr style=\"height: 24px\">\n<td style=\"height: 24px\"><a href=\"http:\/\/lattes.cnpq.br\/6356969961148023\">http:\/\/lattes.cnpq.br\/6356969961148023<\/a><\/td>\n<\/tr>\n<tr style=\"height: 24px\">\n<td rowspan=\"3\"><a href=\"https:\/\/ppgta.ufms.br\/docentes\/paula\/\"><img loading=\"lazy\" decoding=\"async\" class=\"wp-image-215 aligncenter\" src=\"https:\/\/ppgta.ufms.br\/files\/2017\/06\/paula1.png\" alt=\"\" width=\"175\" height=\"175\" srcset=\"https:\/\/ppgta.ufms.br\/files\/2017\/06\/paula1.png 225w, https:\/\/ppgta.ufms.br\/files\/2017\/06\/paula1-150x150.png 150w\" sizes=\"(max-width: 175px) 100vw, 175px\" \/><\/a><\/td>\n<td style=\"height: 24px\">Paula Loureiro Paulo<\/td>\n<\/tr>\n<tr style=\"height: 24px\">\n<td style=\"height: 24px\">Tecnologias de Controle da Polui\u00e7\u00e3o<\/td>\n<\/tr>\n<tr style=\"height: 24px\">\n<td style=\"height: 24px\"><a href=\"http:\/\/lattes.cnpq.br\/7671945473090510\">http:\/\/lattes.cnpq.br\/7671945473090510<\/a><\/td>\n<\/tr>\n<tr style=\"height: 24px\">\n<td rowspan=\"3\"><a href=\"https:\/\/ppgta.ufms.br\/docentes\/paulo\/\"><img loading=\"lazy\" decoding=\"async\" class=\"wp-image-216 aligncenter\" src=\"https:\/\/ppgta.ufms.br\/files\/2017\/06\/Paulo_Tarso_Oliveira.png\" alt=\"\" width=\"175\" height=\"175\" srcset=\"https:\/\/ppgta.ufms.br\/files\/2017\/06\/Paulo_Tarso_Oliveira.png 180w, https:\/\/ppgta.ufms.br\/files\/2017\/06\/Paulo_Tarso_Oliveira-150x150.png 150w\" sizes=\"(max-width: 175px) 100vw, 175px\" \/><\/a><\/td>\n<td style=\"height: 24px\">Paulo Tarso Sanches De Oliveira<\/td>\n<\/tr>\n<tr style=\"height: 24px\">\n<td style=\"height: 24px\">Recursos H\u00eddricos<\/td>\n<\/tr>\n<tr style=\"height: 24px\">\n<td style=\"height: 24px\"><a href=\"http:\/\/lattes.cnpq.br\/5149856612324019\">http:\/\/lattes.cnpq.br\/5149856612324019<\/a><\/td>\n<\/tr>\n<tr style=\"height: 24px\">\n<td rowspan=\"3\"><a href=\"https:\/\/ppgta.ufms.br\/files\/2020\/12\/sandra-garcia-gabas.jpg\"><img loading=\"lazy\" decoding=\"async\" class=\"wp-image-1109 aligncenter\" src=\"https:\/\/ppgta.ufms.br\/files\/2020\/12\/sandra-garcia-gabas-150x150.jpg\" alt=\"\" width=\"176\" height=\"176\" srcset=\"https:\/\/ppgta.ufms.br\/files\/2020\/12\/sandra-garcia-gabas-150x150.jpg 150w, https:\/\/ppgta.ufms.br\/files\/2020\/12\/sandra-garcia-gabas-300x300.jpg 300w, https:\/\/ppgta.ufms.br\/files\/2020\/12\/sandra-garcia-gabas-320x320.jpg 320w, https:\/\/ppgta.ufms.br\/files\/2020\/12\/sandra-garcia-gabas.jpg 500w\" sizes=\"(max-width: 176px) 100vw, 176px\" \/><\/a><\/td>\n<td style=\"height: 24px\">Sandra Garcia Gabas<\/td>\n<\/tr>\n<tr style=\"height: 24px\">\n<td style=\"height: 24px\">Recursos H\u00eddricos<\/td>\n<\/tr>\n<tr style=\"height: 24px\">\n<td style=\"height: 24px\"><a href=\"http:\/\/lattes.cnpq.br\/9791605657566596\">http:\/\/lattes.cnpq.br\/9791605657566596<\/a><\/td>\n<\/tr>\n<tr style=\"height: 24px\">\n<td rowspan=\"3\"><a href=\"https:\/\/ppgta.ufms.br\/docentes\/thiago-rangel-rodrigues\/\"><img loading=\"lazy\" decoding=\"async\" class=\"aligncenter wp-image-554 \" src=\"https:\/\/ppgta.ufms.br\/files\/2017\/06\/thiago12.jpg\" alt=\"\" width=\"176\" height=\"176\" srcset=\"https:\/\/ppgta.ufms.br\/files\/2017\/06\/thiago12.jpg 175w, https:\/\/ppgta.ufms.br\/files\/2017\/06\/thiago12-150x150.jpg 150w\" sizes=\"(max-width: 176px) 100vw, 176px\" \/><\/a><\/td>\n<td style=\"height: 24px\">Thiago Rangel Rodrigues<\/td>\n<\/tr>\n<tr style=\"height: 24px\">\n<td style=\"height: 24px\">Diagn\u00f3stico e Avalia\u00e7\u00e3o de Impactos Ambientais<\/td>\n<\/tr>\n<tr style=\"height: 24px\">\n<td style=\"height: 24px\"><a href=\"http:\/\/lattes.cnpq.br\/7044858666359931\">http:\/\/lattes.cnpq.br\/7044858666359931<\/a><\/td>\n<\/tr>\n<tr style=\"height: 24px\">\n<td rowspan=\"3\"><img loading=\"lazy\" decoding=\"async\" class=\"aligncenter size-full wp-image-1763\" src=\"https:\/\/ppgta.ufms.br\/files\/2024\/02\/WesleyNunesGoncalves.jpg\" alt=\"\" width=\"176\" height=\"176\" srcset=\"https:\/\/ppgta.ufms.br\/files\/2024\/02\/WesleyNunesGoncalves.jpg 225w, https:\/\/ppgta.ufms.br\/files\/2024\/02\/WesleyNunesGoncalves-150x150.jpg 150w\" sizes=\"(max-width: 176px) 100vw, 176px\" \/><\/td>\n<td style=\"height: 24px\">Wesley Nunes Goncalves<\/td>\n<\/tr>\n<tr style=\"height: 24px\">\n<td style=\"height: 24px\">Diagn\u00f3stico e Avalia\u00e7\u00e3o de Impactos Ambientais<\/td>\n<\/tr>\n<tr style=\"height: 24px\">\n<td style=\"height: 24px\"><a href=\"http:\/\/lattes.cnpq.br\/4498921794690866\">http:\/\/lattes.cnpq.br\/4498921794690866<\/a><\/td>\n<\/tr>\n<tr style=\"height: 24px\">\n<td rowspan=\"3\"><a href=\"https:\/\/ppgta.ufms.br\/files\/2020\/12\/maxresdefault-e1607644426321.jpg\"><img loading=\"lazy\" decoding=\"async\" class=\"aligncenter wp-image-1112\" src=\"https:\/\/ppgta.ufms.br\/files\/2020\/12\/maxresdefault-e1607644426321-143x150.jpg\" alt=\"\" width=\"176\" height=\"176\" \/><\/a><\/td>\n<td style=\"height: 24px\">William Marcos Da Silva<\/td>\n<\/tr>\n<tr style=\"height: 24px\">\n<td style=\"height: 24px\">Diagn\u00f3stico e Avalia\u00e7\u00e3o de Impactos Ambientais<\/td>\n<\/tr>\n<tr style=\"height: 24px\">\n<td style=\"height: 24px\"><a href=\"http:\/\/lattes.cnpq.br\/0717237912454543\">http:\/\/lattes.cnpq.br\/0717237912454543<\/a><\/td>\n<\/tr>\n<tr style=\"height: 24px\">\n<td style=\"height: 72px\" rowspan=\"3\"><img loading=\"lazy\" decoding=\"async\" class=\"aligncenter wp-image-296\" src=\"https:\/\/ppgta.ufms.br\/files\/2017\/07\/perfil.png\" alt=\"\" width=\"175\" height=\"175\" srcset=\"https:\/\/ppgta.ufms.br\/files\/2017\/07\/perfil.png 200w, https:\/\/ppgta.ufms.br\/files\/2017\/07\/perfil-150x150.png 150w\" sizes=\"(max-width: 175px) 100vw, 175px\" \/><\/td>\n<td style=\"height: 24px\">Widinei Alves Fernandes<\/td>\n<\/tr>\n<tr style=\"height: 24px\">\n<td style=\"height: 24px\">Diagnostico e Avalia\u00e7\u00e3o de Impactos Ambientais<\/td>\n<\/tr>\n<tr style=\"height: 24px\">\n<td style=\"height: 24px\">http:\/\/lattes.cnpq.br\/8019402730275057<\/td>\n<\/tr>\n<\/tbody>\n<\/table>\n<h2>Professores Colaboradores<\/h2>\n<table style=\"border-collapse: collapse;width: 100%;height: 360px\">\n<tbody>\n<tr style=\"height: 24px\">\n<td style=\"height: 72px\" rowspan=\"3\"><a href=\"https:\/\/ppgta.ufms.br\/amilcar\/\"><img loading=\"lazy\" decoding=\"async\" class=\"aligncenter wp-image-202\" src=\"https:\/\/ppgta.ufms.br\/files\/2017\/06\/amilcar300-1.jpg\" alt=\"\" width=\"175\" height=\"175\" \/><\/a><\/td>\n<td style=\"height: 24px\">Amilcar Machulek Junior<\/td>\n<\/tr>\n<tr style=\"height: 24px\">\n<td style=\"height: 24px\">Tecnologias de Controle de Polui\u00e7\u00e3o<\/td>\n<\/tr>\n<tr style=\"height: 24px\">\n<td style=\"height: 24px\"><a href=\"http:\/\/lattes.cnpq.br\/0513770505200043\">http:\/\/lattes.cnpq.br\/0513770505200043<\/a><\/td>\n<\/tr>\n<tr style=\"height: 24px\">\n<td style=\"height: 72px\" rowspan=\"3\"><img loading=\"lazy\" decoding=\"async\" class=\"aligncenter wp-image-1762\" src=\"https:\/\/ppgta.ufms.br\/files\/2024\/02\/JamilAlexandreAyachAnache.jpg\" alt=\"\" width=\"176\" height=\"176\" \/><\/td>\n<td style=\"height: 24px\">Jamil Alexandre Ayach Anache<\/td>\n<\/tr>\n<tr style=\"height: 24px\">\n<td style=\"height: 24px\">Recursos Hidricos<\/td>\n<\/tr>\n<tr style=\"height: 24px\">\n<td style=\"height: 24px\"><a href=\"http:\/\/lattes.cnpq.br\/8735169530525485\">http:\/\/lattes.cnpq.br\/8735169530525485<\/a><\/td>\n<\/tr>\n<tr style=\"height: 24px\">\n<td style=\"height: 72px\" rowspan=\"3\"><a href=\"https:\/\/ppgta.ufms.br\/docentes\/teodorico\/\"><img loading=\"lazy\" decoding=\"async\" class=\"wp-image-217 aligncenter\" src=\"https:\/\/ppgta.ufms.br\/files\/2017\/06\/teodorico1-300x300.png\" alt=\"\" width=\"175\" height=\"175\" srcset=\"https:\/\/ppgta.ufms.br\/files\/2017\/06\/teodorico1-300x300.png 300w, https:\/\/ppgta.ufms.br\/files\/2017\/06\/teodorico1-150x150.png 150w, https:\/\/ppgta.ufms.br\/files\/2017\/06\/teodorico1-320x320.png 320w, https:\/\/ppgta.ufms.br\/files\/2017\/06\/teodorico1.png 430w\" sizes=\"(max-width: 175px) 100vw, 175px\" \/><\/a><\/td>\n<td style=\"height: 24px\">Teodorico Alves Sobrinho<\/td>\n<\/tr>\n<tr style=\"height: 24px\">\n<td style=\"height: 24px\">Recursos Hidricos<\/td>\n<\/tr>\n<tr style=\"height: 24px\">\n<td style=\"height: 24px\">http:\/\/lattes.cnpq.br\/8947362945273719<\/td>\n<\/tr>\n<\/tbody>\n<\/table>","protected":false},"excerpt":{"rendered":"<p>Professores Permanentes\u200b Antonio Conceicao Paranhos Filho Diagn\u00f3stico e Avalia\u00e7\u00e3o de Impactos Ambientais http:\/\/lattes.cnpq.br\/8366463150019459 Carlos Nobuyoshi Ide Tecnologias de Controle da Polui\u00e7\u00e3oRecursos H\u00eddricos http:\/\/lattes.cnpq.br\/7754483170804600 Dulce Buchala Bicca Rodrigues Recursos H\u00eddricos http:\/\/lattes.cnpq.br\/4956730907128122 Fabio Verissimo Goncalves Recursos H\u00eddricos http:\/\/lattes.cnpq.br\/8133907731850115 Isabel Kaufmann De Almeida Recursos H\u00eddricos http:\/\/lattes.cnpq.br\/7494871013945299 Johannes Gerson Janzen Recursos H\u00eddricos Tecnologias de Controle da Polui\u00e7\u00e3o http:\/\/lattes.cnpq.br\/8377932686189760 Jose [&hellip;]<\/p>\n","protected":false},"author":3160,"featured_media":0,"parent":0,"menu_order":0,"comment_status":"closed","ping_status":"closed","template":"","meta":{"footnotes":""},"coauthors":[40],"class_list":["post-82","page","type-page","status-publish","hentry"],"_links":{"self":[{"href":"https:\/\/ppgta.ufms.br\/pb\/wp-json\/wp\/v2\/pages\/82","targetHints":{"allow":["GET"]}}],"collection":[{"href":"https:\/\/ppgta.ufms.br\/pb\/wp-json\/wp\/v2\/pages"}],"about":[{"href":"https:\/\/ppgta.ufms.br\/pb\/wp-json\/wp\/v2\/types\/page"}],"author":[{"embeddable":true,"href":"https:\/\/ppgta.ufms.br\/pb\/wp-json\/wp\/v2\/users\/3160"}],"replies":[{"embeddable":true,"href":"https:\/\/ppgta.ufms.br\/pb\/wp-json\/wp\/v2\/comments?post=82"}],"version-history":[{"count":53,"href":"https:\/\/ppgta.ufms.br\/pb\/wp-json\/wp\/v2\/pages\/82\/revisions"}],"predecessor-version":[{"id":2028,"href":"https:\/\/ppgta.ufms.br\/pb\/wp-json\/wp\/v2\/pages\/82\/revisions\/2028"}],"wp:attachment":[{"href":"https:\/\/ppgta.ufms.br\/pb\/wp-json\/wp\/v2\/media?parent=82"}],"wp:term":[{"taxonomy":"author","embeddable":true,"href":"https:\/\/ppgta.ufms.br\/pb\/wp-json\/wp\/v2\/coauthors?post=82"}],"curies":[{"name":"wp","href":"https:\/\/api.w.org\/{rel}","templated":true}]}}