{"id":785,"date":"2019-04-08T10:56:39","date_gmt":"2019-04-08T14:56:39","guid":{"rendered":"https:\/\/ppgta.ufms.br\/?page_id=785"},"modified":"2019-04-11T11:57:13","modified_gmt":"2019-04-11T15:57:13","slug":"cooperacoes-com-o-exterior","status":"publish","type":"page","link":"https:\/\/ppgta.ufms.br\/pb\/cooperacoes-com-o-exterior\/","title":{"rendered":"Coopera\u00e7\u00f5es com o exterior"},"content":{"rendered":"<table class=\"table table-striped table-bordered\">\n<tbody>\n<tr>\n<td><strong>Tipo Documento<\/strong><\/td>\n<td>\u00a0<strong>Universidade<\/strong><\/td>\n<td>\u00a0<strong>Pa\u00eds<\/strong><\/td>\n<td>\u00a0<strong>Per\u00edodo<\/strong><\/td>\n<td>\u00a0<strong>Link Documento<\/strong><\/td>\n<\/tr>\n<tr>\n<td>(Memorando de Entendimento)<br \/>\n(Protocolo de Inten\u00e7\u00f5es)<br \/>\n(Acordo de Coopera\u00e7\u00e3o)<\/td>\n<td><\/td>\n<td><\/td>\n<td><\/td>\n<td><\/td>\n<\/tr>\n<tr>\n<td><\/td>\n<td><\/td>\n<td><\/td>\n<td><\/td>\n<td><\/td>\n<\/tr>\n<\/tbody>\n<\/table>","protected":false},"excerpt":{"rendered":"<p>Tipo Documento \u00a0Universidade \u00a0Pa\u00eds \u00a0Per\u00edodo \u00a0Link Documento (Memorando de Entendimento) (Protocolo de Inten\u00e7\u00f5es) (Acordo de Coopera\u00e7\u00e3o)<\/p>\n","protected":false},"author":52,"featured_media":0,"parent":0,"menu_order":0,"comment_status":"closed","ping_status":"closed","template":"","meta":{"footnotes":""},"coauthors":[],"class_list":["post-785","page","type-page","status-publish","hentry"],"_links":{"self":[{"href":"https:\/\/ppgta.ufms.br\/pb\/wp-json\/wp\/v2\/pages\/785","targetHints":{"allow":["GET"]}}],"collection":[{"href":"https:\/\/ppgta.ufms.br\/pb\/wp-json\/wp\/v2\/pages"}],"about":[{"href":"https:\/\/ppgta.ufms.br\/pb\/wp-json\/wp\/v2\/types\/page"}],"author":[{"embeddable":true,"href":"https:\/\/ppgta.ufms.br\/pb\/wp-json\/wp\/v2\/users\/52"}],"replies":[{"embeddable":true,"href":"https:\/\/ppgta.ufms.br\/pb\/wp-json\/wp\/v2\/comments?post=785"}],"version-history":[{"count":8,"href":"https:\/\/ppgta.ufms.br\/pb\/wp-json\/wp\/v2\/pages\/785\/revisions"}],"predecessor-version":[{"id":802,"href":"https:\/\/ppgta.ufms.br\/pb\/wp-json\/wp\/v2\/pages\/785\/revisions\/802"}],"wp:attachment":[{"href":"https:\/\/ppgta.ufms.br\/pb\/wp-json\/wp\/v2\/media?parent=785"}],"wp:term":[{"taxonomy":"author","embeddable":true,"href":"https:\/\/ppgta.ufms.br\/pb\/wp-json\/wp\/v2\/coauthors?post=785"}],"curies":[{"name":"wp","href":"https:\/\/api.w.org\/{rel}","templated":true}]}}