{"id":775,"date":"2019-04-08T10:52:18","date_gmt":"2019-04-08T14:52:18","guid":{"rendered":"https:\/\/ppgta.ufms.br\/?page_id=775"},"modified":"2019-04-08T11:21:39","modified_gmt":"2019-04-08T15:21:39","slug":"scholarship-reports","status":"publish","type":"page","link":"https:\/\/ppgta.ufms.br\/pb\/scholarship-reports\/","title":{"rendered":"Relat\u00f3rios dos bolsistas"},"content":{"rendered":"<table class=\"table table-striped table-bordered\">\n<tbody>\n<tr>\n<td><strong>Tipo de Bolsa<\/strong><\/td>\n<td><strong> Contemplado <\/strong><\/td>\n<td><strong> Pa\u00eds <\/strong><\/td>\n<td><strong> Universidade <\/strong><\/td>\n<td><strong> Per\u00edodo <\/strong><\/td>\n<td><strong> Link para relat\u00f3rio <\/strong><\/td>\n<\/tr>\n<tr>\n<td><\/td>\n<td><\/td>\n<td><\/td>\n<td><\/td>\n<td><\/td>\n<td><\/td>\n<\/tr>\n<tr>\n<td><\/td>\n<td><\/td>\n<td><\/td>\n<td><\/td>\n<td><\/td>\n<td><\/td>\n<\/tr>\n<\/tbody>\n<\/table>","protected":false},"excerpt":{"rendered":"<p>Tipo de Bolsa Contemplado Pa\u00eds Universidade Per\u00edodo Link para relat\u00f3rio<\/p>\n","protected":false},"author":52,"featured_media":0,"parent":0,"menu_order":0,"comment_status":"closed","ping_status":"closed","template":"","meta":{"footnotes":""},"coauthors":[],"class_list":["post-775","page","type-page","status-publish","hentry"],"_links":{"self":[{"href":"https:\/\/ppgta.ufms.br\/pb\/wp-json\/wp\/v2\/pages\/775","targetHints":{"allow":["GET"]}}],"collection":[{"href":"https:\/\/ppgta.ufms.br\/pb\/wp-json\/wp\/v2\/pages"}],"about":[{"href":"https:\/\/ppgta.ufms.br\/pb\/wp-json\/wp\/v2\/types\/page"}],"author":[{"embeddable":true,"href":"https:\/\/ppgta.ufms.br\/pb\/wp-json\/wp\/v2\/users\/52"}],"replies":[{"embeddable":true,"href":"https:\/\/ppgta.ufms.br\/pb\/wp-json\/wp\/v2\/comments?post=775"}],"version-history":[{"count":4,"href":"https:\/\/ppgta.ufms.br\/pb\/wp-json\/wp\/v2\/pages\/775\/revisions"}],"predecessor-version":[{"id":806,"href":"https:\/\/ppgta.ufms.br\/pb\/wp-json\/wp\/v2\/pages\/775\/revisions\/806"}],"wp:attachment":[{"href":"https:\/\/ppgta.ufms.br\/pb\/wp-json\/wp\/v2\/media?parent=775"}],"wp:term":[{"taxonomy":"author","embeddable":true,"href":"https:\/\/ppgta.ufms.br\/pb\/wp-json\/wp\/v2\/coauthors?post=775"}],"curies":[{"name":"wp","href":"https:\/\/api.w.org\/{rel}","templated":true}]}}