{"id":772,"date":"2019-04-08T10:50:32","date_gmt":"2019-04-08T14:50:32","guid":{"rendered":"https:\/\/ppgta.ufms.br\/?page_id=772"},"modified":"2019-10-14T20:52:37","modified_gmt":"2019-10-15T00:52:37","slug":"results-of-international-missions","status":"publish","type":"page","link":"https:\/\/ppgta.ufms.br\/pb\/results-of-international-missions\/","title":{"rendered":"Resultados de Miss\u00f5es Internacionais"},"content":{"rendered":"<table class=\"table table-striped table-bordered\">\n<tbody>\n<tr>\n<td style=\"width: 239px\"><strong>Miss\u00e3o<\/strong><\/td>\n<td style=\"width: 146px\"><strong> Pa\u00eds <\/strong><\/td>\n<td style=\"width: 159px\"><strong> Universidade <\/strong><\/td>\n<td style=\"width: 196px\"><strong> Professor(a)<\/strong><\/td>\n<td style=\"width: 143px\"><strong> Per\u00edodo <\/strong><\/td>\n<td style=\"width: 160px\"><strong> Link para relat\u00f3rio <\/strong><\/td>\n<\/tr>\n<tr>\n<td style=\"width: 239px\">Mission to University of Arizona<\/td>\n<td style=\"width: 146px\">Estados Unidos<\/td>\n<td style=\"width: 159px\">University of Arizona<\/td>\n<td style=\"width: 196px\">Prof. Paulo de Tarso<\/td>\n<td style=\"width: 143px\">25\/03\/2019 at\u00e9 12\/04\/2019<\/td>\n<td style=\"width: 160px\"><a href=\"https:\/\/ppgta.ufms.br\/files\/2019\/10\/Travel_report_PauloTarco.pdf\">Relat\u00f3rio<\/a><\/td>\n<\/tr>\n<tr>\n<td style=\"width: 239px\">Mission to University of Tokyo and IGARSS 2019<\/td>\n<td style=\"width: 146px\">Jap\u00e3o<\/td>\n<td style=\"width: 159px\">University of Tokyo<\/td>\n<td style=\"width: 196px\">Prof. Jos\u00e9 Marcato Junior<\/td>\n<td style=\"width: 143px\">25\/07\/2019 at\u00e9 02\/08\/2019<\/td>\n<td style=\"width: 160px\"><a href=\"https:\/\/ppgta.ufms.br\/files\/2019\/10\/Travel_report_Marcato.pdf\">Relat\u00f3rio<\/a><\/td>\n<\/tr>\n<\/tbody>\n<\/table>","protected":false},"excerpt":{"rendered":"<p>Miss\u00e3o Pa\u00eds Universidade Professor(a) Per\u00edodo Link para relat\u00f3rio Mission to University of Arizona Estados Unidos University of Arizona Prof. Paulo de Tarso 25\/03\/2019 at\u00e9 12\/04\/2019 Relat\u00f3rio Mission to University of Tokyo and IGARSS 2019 Jap\u00e3o University of Tokyo Prof. Jos\u00e9 Marcato Junior 25\/07\/2019 at\u00e9 02\/08\/2019 Relat\u00f3rio<\/p>\n","protected":false},"author":52,"featured_media":0,"parent":0,"menu_order":0,"comment_status":"closed","ping_status":"closed","template":"","meta":{"footnotes":""},"coauthors":[],"class_list":["post-772","page","type-page","status-publish","hentry"],"_links":{"self":[{"href":"https:\/\/ppgta.ufms.br\/pb\/wp-json\/wp\/v2\/pages\/772","targetHints":{"allow":["GET"]}}],"collection":[{"href":"https:\/\/ppgta.ufms.br\/pb\/wp-json\/wp\/v2\/pages"}],"about":[{"href":"https:\/\/ppgta.ufms.br\/pb\/wp-json\/wp\/v2\/types\/page"}],"author":[{"embeddable":true,"href":"https:\/\/ppgta.ufms.br\/pb\/wp-json\/wp\/v2\/users\/52"}],"replies":[{"embeddable":true,"href":"https:\/\/ppgta.ufms.br\/pb\/wp-json\/wp\/v2\/comments?post=772"}],"version-history":[{"count":11,"href":"https:\/\/ppgta.ufms.br\/pb\/wp-json\/wp\/v2\/pages\/772\/revisions"}],"predecessor-version":[{"id":900,"href":"https:\/\/ppgta.ufms.br\/pb\/wp-json\/wp\/v2\/pages\/772\/revisions\/900"}],"wp:attachment":[{"href":"https:\/\/ppgta.ufms.br\/pb\/wp-json\/wp\/v2\/media?parent=772"}],"wp:term":[{"taxonomy":"author","embeddable":true,"href":"https:\/\/ppgta.ufms.br\/pb\/wp-json\/wp\/v2\/coauthors?post=772"}],"curies":[{"name":"wp","href":"https:\/\/api.w.org\/{rel}","templated":true}]}}