{"id":75,"date":"2017-06-28T13:39:09","date_gmt":"2017-06-28T17:39:09","guid":{"rendered":"http:\/\/ppgbioanimal.draconis.ufms.br\/?page_id=75"},"modified":"2020-06-24T12:58:02","modified_gmt":"2020-06-24T16:58:02","slug":"grupos-de-pesquisa","status":"publish","type":"page","link":"https:\/\/ppgta.ufms.br\/pb\/grupos-de-pesquisa\/","title":{"rendered":"Grupos de Pesquisa"},"content":{"rendered":"<a href=\"http:\/\/dgp.cnpq.br\/dgp\/espelhogrupo\/2206967839286370\">Grupo de Pesquisa em Tecnologias Ambientais da UFMS<\/a><\/p>\n<p><a href=\"http:\/\/dgp.cnpq.br\/dgp\/espelhogrupo\/1059487143886761\">Biodiversidade de ambientes aqu\u00e1ticos da Bacia do Alto Paraguai<\/a><\/p>\n<p><a href=\"http:\/\/dgp.cnpq.br\/dgp\/espelhogrupo\/9186022236625736\">ModelHy: Modelagem Hidrol\u00f3gica e Ecotecnologias<\/a><\/p>\n<p><a href=\"http:\/\/dgp.cnpq.br\/dgp\/espelhogrupo\/2539865126511660\">Saneamento focado em recursos<\/a><\/p>\n<p><a href=\"http:\/\/dgp.cnpq.br\/dgp\/espelhogrupo\/8134815994484321\">Geotecnologias para aplica\u00e7\u00f5es ambientais<\/a><\/p>\n<p><a href=\"http:\/\/dgp.cnpq.br\/dgp\/espelhogrupo\/2358493508061136\">Hidrologia e Seguran\u00e7a H\u00eddrica<\/a><\/p>\n<p><a href=\"http:\/\/dgp.cnpq.br\/dgp\/espelhogrupo\/6132631432949959\">HEroS: Hidrologia, Eros\u00e3o e Sedimentos<\/a><\/p>\n<p><a href=\"http:\/\/dgp.cnpq.br\/dgp\/espelhogrupo\/5784376628610472\">Computation of Fluids Flow Engineering<\/a><\/p>\n<p><a href=\"http:\/\/dgp.cnpq.br\/dgp\/espelhogrupo\/9695885799006205\">Grupo de Fotoqu\u00edmica e Eletroqu\u00edmica Aplicada<\/a>","protected":false},"excerpt":{"rendered":"<p>Grupo de Pesquisa em Tecnologias Ambientais da UFMS Biodiversidade de ambientes aqu\u00e1ticos da Bacia do Alto Paraguai ModelHy: Modelagem Hidrol\u00f3gica e Ecotecnologias Saneamento focado em recursos Geotecnologias para aplica\u00e7\u00f5es ambientais Hidrologia e Seguran\u00e7a H\u00eddrica HEroS: Hidrologia, Eros\u00e3o e Sedimentos Computation of Fluids Flow Engineering Grupo de Fotoqu\u00edmica e Eletroqu\u00edmica Aplicada<\/p>\n","protected":false},"author":1731,"featured_media":0,"parent":0,"menu_order":0,"comment_status":"closed","ping_status":"closed","template":"","meta":{"footnotes":""},"coauthors":[],"class_list":["post-75","page","type-page","status-publish","hentry"],"_links":{"self":[{"href":"https:\/\/ppgta.ufms.br\/pb\/wp-json\/wp\/v2\/pages\/75","targetHints":{"allow":["GET"]}}],"collection":[{"href":"https:\/\/ppgta.ufms.br\/pb\/wp-json\/wp\/v2\/pages"}],"about":[{"href":"https:\/\/ppgta.ufms.br\/pb\/wp-json\/wp\/v2\/types\/page"}],"author":[{"embeddable":true,"href":"https:\/\/ppgta.ufms.br\/pb\/wp-json\/wp\/v2\/users\/1731"}],"replies":[{"embeddable":true,"href":"https:\/\/ppgta.ufms.br\/pb\/wp-json\/wp\/v2\/comments?post=75"}],"version-history":[{"count":3,"href":"https:\/\/ppgta.ufms.br\/pb\/wp-json\/wp\/v2\/pages\/75\/revisions"}],"predecessor-version":[{"id":1033,"href":"https:\/\/ppgta.ufms.br\/pb\/wp-json\/wp\/v2\/pages\/75\/revisions\/1033"}],"wp:attachment":[{"href":"https:\/\/ppgta.ufms.br\/pb\/wp-json\/wp\/v2\/media?parent=75"}],"wp:term":[{"taxonomy":"author","embeddable":true,"href":"https:\/\/ppgta.ufms.br\/pb\/wp-json\/wp\/v2\/coauthors?post=75"}],"curies":[{"name":"wp","href":"https:\/\/api.w.org\/{rel}","templated":true}]}}