{"id":72,"date":"2017-06-28T13:38:26","date_gmt":"2017-06-28T17:38:26","guid":{"rendered":"http:\/\/ppgbioanimal.draconis.ufms.br\/?page_id=72"},"modified":"2023-02-22T16:21:07","modified_gmt":"2023-02-22T20:21:07","slug":"admissao","status":"publish","type":"page","link":"https:\/\/ppgta.ufms.br\/pb\/admissao\/","title":{"rendered":"Admiss\u00e3o"},"content":{"rendered":"<p style=\"text-align: justify\">O objetivo do PPGTA \u00e9 selecionar pessoas que completar\u00e3o nosso rigoroso e exigente programa ao fim de obter o grau de Mestre ou Doutor. Nossos estudos de p\u00f3s-gradua\u00e7\u00e3o s\u00e3o intensos e individuais , demandando muito tempo, iniciativa, e disciplina de cada candidato. O processo seletivo de admiss\u00e3o \u00e9 competitivo.<\/p>\n<h2 style=\"text-align: justify\"><strong>O que n\u00f3s buscamos<\/strong><\/h2>\n<ul style=\"text-align: justify\">\n<li>Faculdade intelectual de excel\u00eancia<\/li>\n<li>Excelentes registros acad\u00eamicos<\/li>\n<li>Trabalhos anteriores em disciplinas relacionadas \u00e0 \u00e1rea de concentra\u00e7\u00e3o pretendida<\/li>\n<li>Forte compromisso com uma carreira na pesquisa<\/li>\n<\/ul>\n<h2 style=\"text-align: justify\"><strong>Requisitos<\/strong><\/h2>\n<p style=\"text-align: justify\">Os requisitos gerais que voc\u00ea deve atender para se inscrever no PGTA s\u00e3o apresentados a seguir. Instru\u00e7\u00f5es completas com rela\u00e7\u00e3o aos requisitos de aplica\u00e7\u00e3o estar\u00e3o dispon\u00edveis em cada edital de aplica\u00e7\u00e3o.<\/p>\n<h3 style=\"text-align: justify\">Graus anteriores<\/h3>\n<h4 style=\"text-align: justify\">Mestrado<\/h4>\n<p style=\"text-align: justify\">Aplica\u00e7\u00f5es ao grau de Mestrado s\u00e3o aceitos de pessoas que completaram ou completar\u00e3o no momento da matr\u00edcula uma gradua\u00e7\u00e3o. A maioria dos alunos possui uma forma\u00e7\u00e3o na \u00e1rea de Engenharia Ambiental ou Civil. Entretanto, os crit\u00e9rios para admiss\u00e3o no PGTA n\u00e3o s\u00e3o espec\u00edficos com rela\u00e7\u00e3o a este item, e alunos talentosos com forma\u00e7\u00e3o em outras \u00e1reas da engenharia ou ci\u00eancia podem ser selecionados.<\/p>\n<h4 style=\"text-align: justify\">Doutorado<\/h4>\n<p style=\"text-align: justify\">Para qualificar para nosso Doutorado \u00e9 esperado que os alunos possuam Mestrado.<\/p>\n<h3 style=\"text-align: justify\">L\u00edngua Inglesa<\/h3>\n<p style=\"text-align: justify\">Se Ingl\u00eas n\u00e3o \u00e9 a sua l\u00edngua nativa, voc\u00ea precisar\u00e1 apresentar uma prova de sua profici\u00eancia em Ingl\u00eas\u00a0no momento da inscri\u00e7\u00e3o. O PGTA utiliza o\u00a0<b><a href=\"https:\/\/en.wikipedia.org\/wiki\/Common_European_Framework_of_Reference_for_Languages\">Quadro Europeu Comum de Refer\u00eancia para L\u00ednguas<\/a>\u00a0<\/b>como refer\u00eancia para l\u00edngua inglesa. Atualmente exigimos no m\u00ednimo B2.<\/p>\n<h3 style=\"text-align: justify\">Curr\u00edculo<\/h3>\n<p style=\"text-align: justify\">Voc\u00ea precisa submeter seu curr\u00edculo atualizado e documentado nos moldes da Plataforma CNPq Lattes como parte de seu processo de aplica\u00e7\u00e3o.<\/p>\n<h3 style=\"text-align: justify\">Aplica\u00e7\u00e3o<\/h3>\n<p style=\"text-align: justify\">O website de aplica\u00e7\u00e3o (www.posgraduacao.ufms.br) estar\u00e1 dispon\u00edvel no per\u00edodo de inscri\u00e7\u00e3o. Para quaisquer perguntas favor entrar em contato atrav\u00e9s do e-mail pgta.faeng@ufms.br<\/p>\n<p style=\"text-align: justify\">","protected":false},"excerpt":{"rendered":"<p>O objetivo do PPGTA \u00e9 selecionar pessoas que completar\u00e3o nosso rigoroso e exigente programa ao fim de obter o grau de Mestre ou Doutor. Nossos estudos de p\u00f3s-gradua\u00e7\u00e3o s\u00e3o intensos e individuais , demandando muito tempo, iniciativa, e disciplina de cada candidato. O processo seletivo de admiss\u00e3o \u00e9 competitivo. O que n\u00f3s buscamos Faculdade intelectual [&hellip;]<\/p>\n","protected":false},"author":1731,"featured_media":0,"parent":0,"menu_order":0,"comment_status":"closed","ping_status":"closed","template":"","meta":{"footnotes":""},"coauthors":[],"class_list":["post-72","page","type-page","status-publish","hentry"],"_links":{"self":[{"href":"https:\/\/ppgta.ufms.br\/pb\/wp-json\/wp\/v2\/pages\/72","targetHints":{"allow":["GET"]}}],"collection":[{"href":"https:\/\/ppgta.ufms.br\/pb\/wp-json\/wp\/v2\/pages"}],"about":[{"href":"https:\/\/ppgta.ufms.br\/pb\/wp-json\/wp\/v2\/types\/page"}],"author":[{"embeddable":true,"href":"https:\/\/ppgta.ufms.br\/pb\/wp-json\/wp\/v2\/users\/1731"}],"replies":[{"embeddable":true,"href":"https:\/\/ppgta.ufms.br\/pb\/wp-json\/wp\/v2\/comments?post=72"}],"version-history":[{"count":21,"href":"https:\/\/ppgta.ufms.br\/pb\/wp-json\/wp\/v2\/pages\/72\/revisions"}],"predecessor-version":[{"id":1650,"href":"https:\/\/ppgta.ufms.br\/pb\/wp-json\/wp\/v2\/pages\/72\/revisions\/1650"}],"wp:attachment":[{"href":"https:\/\/ppgta.ufms.br\/pb\/wp-json\/wp\/v2\/media?parent=72"}],"wp:term":[{"taxonomy":"author","embeddable":true,"href":"https:\/\/ppgta.ufms.br\/pb\/wp-json\/wp\/v2\/coauthors?post=72"}],"curies":[{"name":"wp","href":"https:\/\/api.w.org\/{rel}","templated":true}]}}