{"id":69,"date":"2017-06-28T13:37:00","date_gmt":"2017-06-28T17:37:00","guid":{"rendered":"http:\/\/ppgbioanimal.draconis.ufms.br\/?page_id=69"},"modified":"2023-02-22T16:32:22","modified_gmt":"2023-02-22T20:32:22","slug":"doutorado","status":"publish","type":"page","link":"https:\/\/ppgta.ufms.br\/pb\/doutorado\/","title":{"rendered":"Doutorado"},"content":{"rendered":"<p style=\"text-align: justify\">O programa de Doutorado do PPGTA est\u00e1 comprometido em educar pesquisadores que ir\u00e3o liderar em seus campos de pesquisa, avan\u00e7ar a educa\u00e7\u00e3o na \u00e1rea de Recursos H\u00eddricos e Saneamento e ensinar nas universidades mais prestigiadas do mundo.<\/p>\n<h2 style=\"text-align: justify\">Curso<\/h2>\n<p style=\"text-align: justify\">Alunos de doutorado cumprem seu curso e requerimentos metodol\u00f3gicos se aproveitando das mais que 30 disciplinas oferecidas pelo PPGTA \u2014 adicionadas \u00e0s centenas oferecidas pela UFMS. A lista a seguir apresenta as <strong>disciplinas obrigat\u00f3rias<\/strong> para os alunos de Doutorado conforme definido na\u00a0<a href=\"https:\/\/ppgta.ufms.br\/files\/2023\/01\/Resolucao-estrutura-curricular_22_12_2020.pdf\">RESOLU\u00c7\u00c3O N\u00ba 87, DE 22 DE DEZEMBRO DE 2020<\/a>:<\/p>\n<ul style=\"text-align: justify\">\n<li>Atividades Especiais II<\/li>\n<li>Atividades de Pesquisa II<\/li>\n<li>Atividades Internacionais II<\/li>\n<li>Estat\u00edstica para Experimentos II<\/li>\n<li>Fundamentos de Hidrologia<\/li>\n<li>Matem\u00e1tica Aplicada aos Recursos H\u00eddricos<\/li>\n<li>Metodologia Cient\u00edfica<\/li>\n<li>Semin\u00e1rios<\/li>\n<li>Tese de Doutorado<\/li>\n<\/ul>\n<h2 style=\"text-align: justify\">Qualifica\u00e7\u00e3o<\/h2>\n<p style=\"text-align: justify\">Al\u00e9m de realizarem disciplinas optativas, os alunos devem apresentar um artigo de revis\u00e3o e um projeto de pesquisa.<\/p>\n<h2 style=\"text-align: justify\">Tese<\/h2>\n<p style=\"text-align: justify\">Ap\u00f3s os alunos terem terminado as disciplinas, eles come\u00e7am a trabalhar na tese, a parte mais n\u00e3o estruturada e dif\u00edcil dos estudos de Doutorado. Os alunos precisam escolher um t\u00f3pico, aprov\u00e1-lo para um comit\u00ea do programa, investig\u00e1-lo intensamente e escrever a tese. O passo final, antes de terminar o Doutorado, \u00e9 uma defesa p\u00fablica da disserta\u00e7\u00e3o.<\/p>\n<h2 style=\"text-align: justify\">Mais informa\u00e7\u00f5es<\/h2>\n<p style=\"text-align: justify\">Para informa\u00e7\u00f5es adicionais relacionadas ao Doutorado, acesse <a href=\"https:\/\/posgraduacao.ufms.br\/portal\/cursos\/view\/121\" target=\"_blank\" rel=\"noopener\">aqui!<\/a><\/p>","protected":false},"excerpt":{"rendered":"<p>O programa de Doutorado do PPGTA est\u00e1 comprometido em educar pesquisadores que ir\u00e3o liderar em seus campos de pesquisa, avan\u00e7ar a educa\u00e7\u00e3o na \u00e1rea de Recursos H\u00eddricos e Saneamento e ensinar nas universidades mais prestigiadas do mundo. Curso Alunos de doutorado cumprem seu curso e requerimentos metodol\u00f3gicos se aproveitando das mais que 30 disciplinas oferecidas [&hellip;]<\/p>\n","protected":false},"author":3160,"featured_media":0,"parent":0,"menu_order":0,"comment_status":"closed","ping_status":"closed","template":"","meta":{"footnotes":""},"coauthors":[],"class_list":["post-69","page","type-page","status-publish","hentry"],"_links":{"self":[{"href":"https:\/\/ppgta.ufms.br\/pb\/wp-json\/wp\/v2\/pages\/69","targetHints":{"allow":["GET"]}}],"collection":[{"href":"https:\/\/ppgta.ufms.br\/pb\/wp-json\/wp\/v2\/pages"}],"about":[{"href":"https:\/\/ppgta.ufms.br\/pb\/wp-json\/wp\/v2\/types\/page"}],"author":[{"embeddable":true,"href":"https:\/\/ppgta.ufms.br\/pb\/wp-json\/wp\/v2\/users\/3160"}],"replies":[{"embeddable":true,"href":"https:\/\/ppgta.ufms.br\/pb\/wp-json\/wp\/v2\/comments?post=69"}],"version-history":[{"count":7,"href":"https:\/\/ppgta.ufms.br\/pb\/wp-json\/wp\/v2\/pages\/69\/revisions"}],"predecessor-version":[{"id":1496,"href":"https:\/\/ppgta.ufms.br\/pb\/wp-json\/wp\/v2\/pages\/69\/revisions\/1496"}],"wp:attachment":[{"href":"https:\/\/ppgta.ufms.br\/pb\/wp-json\/wp\/v2\/media?parent=69"}],"wp:term":[{"taxonomy":"author","embeddable":true,"href":"https:\/\/ppgta.ufms.br\/pb\/wp-json\/wp\/v2\/coauthors?post=69"}],"curies":[{"name":"wp","href":"https:\/\/api.w.org\/{rel}","templated":true}]}}