{"id":66,"date":"2017-06-28T13:36:35","date_gmt":"2017-06-28T17:36:35","guid":{"rendered":"http:\/\/ppgbioanimal.draconis.ufms.br\/?page_id=66"},"modified":"2023-02-22T16:31:15","modified_gmt":"2023-02-22T20:31:15","slug":"mestrado","status":"publish","type":"page","link":"https:\/\/ppgta.ufms.br\/pb\/mestrado\/","title":{"rendered":"Mestrado"},"content":{"rendered":"<p style=\"text-align: justify\">O PGTA oferece um programa de Mestrado de dois anos projetado para preparar alunos para carreiras em\u00a0<strong>Recursos H\u00eddricos e Saneamento<\/strong>.<\/p>\n<h2 style=\"text-align: justify\">Curso<\/h2>\n<p style=\"text-align: justify\">Alunos de mestrado cumprem seu curso e requerimentos metodol\u00f3gicos se aproveitando das mais que 30 disciplinas oferecidas pelo PGTA \u2014 adicionadas \u00e0s centenas oferecidas pela UFMS. A lista a seguir apresenta as <strong>disciplinas obrigat\u00f3rias<\/strong> para os alunos de Mestrado conforme definido na <a href=\"https:\/\/ppgta.ufms.br\/files\/2023\/01\/Resolucao-estrutura-curricular_22_12_2020.pdf\">RESOLU\u00c7\u00c3O N\u00ba 87, DE 22 DE DEZEMBRO DE 2020<\/a>:<\/p>\n<ul style=\"text-align: justify\">\n<li>Atividades Especiais I<\/li>\n<li>Atividades de Pesquisa I<\/li>\n<li>Disserta\u00e7\u00e3o de Mestrado<\/li>\n<li>Estat\u00edstica para Experimentos I<\/li>\n<li>Fundamentos de Hidrologia<\/li>\n<li>Metodologia Cient\u00edfica<\/li>\n<\/ul>\n<h2 style=\"text-align: justify\">Qualifica\u00e7\u00e3o<\/h2>\n<p style=\"text-align: justify\">Al\u00e9m de realizarem disciplinas optativas, os alunos devem apresentar um artigo de revis\u00e3o e um projeto de pesquisa.<\/p>\n<h2 style=\"text-align: justify\">Disserta\u00e7\u00e3o<\/h2>\n<p style=\"text-align: justify\">Ap\u00f3s os alunos terem terminado as disciplinas, eles come\u00e7am a trabalhar na disserta\u00e7\u00e3o, a parte mais n\u00e3o estruturada e dif\u00edcil dos estudos de Mestrado. Os alunos precisam escolher um t\u00f3pico, aprov\u00e1-lo para um comit\u00ea do programa, investig\u00e1-lo intensamente e escrever a disserta\u00e7\u00e3o. O passo final, antes de terminar o Mestrado, \u00e9 uma defesa p\u00fablica da disserta\u00e7\u00e3o.<\/p>\n<h2 style=\"text-align: justify\">Mais informa\u00e7\u00f5es<\/h2>\n<p style=\"text-align: justify\">Para informa\u00e7\u00f5es adicionais relacionadas ao Mestrado, acesse <a href=\"https:\/\/posgraduacao.ufms.br\/portal\/cursos\/view\/33\" target=\"_blank\" rel=\"noopener\">aqui!<\/a><\/p>","protected":false},"excerpt":{"rendered":"<p>O PGTA oferece um programa de Mestrado de dois anos projetado para preparar alunos para carreiras em\u00a0Recursos H\u00eddricos e Saneamento. Curso Alunos de mestrado cumprem seu curso e requerimentos metodol\u00f3gicos se aproveitando das mais que 30 disciplinas oferecidas pelo PGTA \u2014 adicionadas \u00e0s centenas oferecidas pela UFMS. A lista a seguir apresenta as disciplinas obrigat\u00f3rias [&hellip;]<\/p>\n","protected":false},"author":1731,"featured_media":0,"parent":0,"menu_order":0,"comment_status":"closed","ping_status":"closed","template":"","meta":{"footnotes":""},"coauthors":[],"class_list":["post-66","page","type-page","status-publish","hentry"],"_links":{"self":[{"href":"https:\/\/ppgta.ufms.br\/pb\/wp-json\/wp\/v2\/pages\/66","targetHints":{"allow":["GET"]}}],"collection":[{"href":"https:\/\/ppgta.ufms.br\/pb\/wp-json\/wp\/v2\/pages"}],"about":[{"href":"https:\/\/ppgta.ufms.br\/pb\/wp-json\/wp\/v2\/types\/page"}],"author":[{"embeddable":true,"href":"https:\/\/ppgta.ufms.br\/pb\/wp-json\/wp\/v2\/users\/1731"}],"replies":[{"embeddable":true,"href":"https:\/\/ppgta.ufms.br\/pb\/wp-json\/wp\/v2\/comments?post=66"}],"version-history":[{"count":7,"href":"https:\/\/ppgta.ufms.br\/pb\/wp-json\/wp\/v2\/pages\/66\/revisions"}],"predecessor-version":[{"id":1495,"href":"https:\/\/ppgta.ufms.br\/pb\/wp-json\/wp\/v2\/pages\/66\/revisions\/1495"}],"wp:attachment":[{"href":"https:\/\/ppgta.ufms.br\/pb\/wp-json\/wp\/v2\/media?parent=66"}],"wp:term":[{"taxonomy":"author","embeddable":true,"href":"https:\/\/ppgta.ufms.br\/pb\/wp-json\/wp\/v2\/coauthors?post=66"}],"curies":[{"name":"wp","href":"https:\/\/api.w.org\/{rel}","templated":true}]}}