{"id":59,"date":"2017-06-28T13:34:56","date_gmt":"2017-06-28T17:34:56","guid":{"rendered":"http:\/\/ppgbioanimal.draconis.ufms.br\/?page_id=59"},"modified":"2023-02-22T16:24:43","modified_gmt":"2023-02-22T20:24:43","slug":"facilidadeslaboratorios","status":"publish","type":"page","link":"https:\/\/ppgta.ufms.br\/pb\/facilidadeslaboratorios\/","title":{"rendered":"Estrutura"},"content":{"rendered":"<h3 style=\"text-align: justify\">Sala de Perman\u00eancia<\/h3>\n<p style=\"text-align: justify\">O Programa conta ainda com uma sala de perman\u00eancia para os discentes, com tr\u00eas computadores e Internet dispon\u00edvel e acesso irrestrito aos alunos, al\u00e9m de diversos pontos de Internet para acesso com Notebook.<\/p>\n<h3 style=\"text-align: justify\">Recursos de Inform\u00e1tica<\/h3>\n<ul style=\"text-align: justify\">\n<li>A infraestrutura de inform\u00e1tica do PGTA \u00e9 bastante completa. O Sistema de Gest\u00e3o de P\u00f3s-gradua\u00e7\u00e3o (SIGPOS) (https:\/\/sistemas.ufms.br\/sigpos\/) realiza a gest\u00e3o do PGTA, permitindo a realiza\u00e7\u00e3o das seguintes opera\u00e7\u00f5es: controle do curso, controle de docentes, controle da estrutura curricular, oferta de disciplinas, abertura de processos seletivos, recebimento de alunos, lan\u00e7amento de trabalhos de conclus\u00e3o, emiss\u00e3o de hist\u00f3rico, diploma e certificados, entre outras. Os dados lan\u00e7ados no SIGPOS podem ser visualizados por candidatos e alunos atrav\u00e9s do Portal de P\u00f3s-gradua\u00e7\u00e3o, dispon\u00edvel no endere\u00e7o <a href=\"https:\/\/posgraduacao.ufms.br\/portal\">https:\/\/posgraduacao.ufms.br\/portal<\/a>. Esse Portal tamb\u00e9m \u00e9 utilizado para realiza\u00e7\u00e3o de inscri\u00e7\u00e3o online de candidatos em processo seletivo e solicita\u00e7\u00e3o de matr\u00edcula online de alunos regulares do programa.<\/li>\n<li>\u00c9 permitido ao p\u00f3s graduando a inscri\u00e7\u00e3o de seu computador pessoal para acesso \u00e0 internet no campus e acesso ao Portal de Peri\u00f3dicos da Capes fora do Campus, com login pessoal. A UFMS fornece acesso \u00e0 rede wifi eduroam dispon\u00edvel por todo o C\u00e2mpus atrav\u00e9s do login realizado pelo Passaporte UFMS. O Passaporte UFMS \u00e9 o sistema de gerenciamento de contas de usu\u00e1rios para acesso aos computadores da UFMS e os sistemas desenvolvidos pela Ag\u00eancia de Tecnologia da Informa\u00e7\u00e3o e Comunica\u00e7\u00e3o da UFMS. Tamb\u00e9m \u00e9 disponibilizado o acesso ao Portal de Peri\u00f3dicos da Capes no Campus, e atrav\u00e9s do acesso remoto via CAFe mediante login pessoal. A CAFe permite o acesso remoto ao conte\u00fado assinado do Portal de Peri\u00f3dicos dispon\u00edvel para cada institui\u00e7\u00e3o de ensino.<\/li>\n<\/ul>\n<h3 style=\"text-align: justify\"><strong>Laborat\u00f3rios<\/strong><\/h3>\n<p style=\"text-align: justify\"><strong>Laborat\u00f3rio de Qualidade Ambiental (LAQUA).<\/strong> O Laborat\u00f3rio de Qualidade Ambiental, com \u00e1rea f\u00edsica de 417m\u00b2, que tem como foco atividades de ensino, pesquisa e extens\u00e3o nas \u00e1reas de Qualidade da \u00c1gua e Bioss\u00f3lidos. Atualmente o laborat\u00f3rio est\u00e1 capacitado para realizar an\u00e1lises f\u00edsico-qu\u00edmicas e microbiol\u00f3gicas em \u00e1guas naturais, \u00e1gua pot\u00e1vel e efluentes dom\u00e9sticos e industriais, al\u00e9m de an\u00e1lises de sedimentometria, lodos provenientes de Esta\u00e7\u00f5es de Tratamento de Efluentes e ensaios de ecotoxicologia. Para isto, o Laqua est\u00e1 equipado com as tecnologias de cromatografia gasosa, cromatografia i\u00f4nica, espectrofotometria de absor\u00e7\u00e3o at\u00f4mica e determina\u00e7\u00e3o de Carbono Org\u00e2nico Total. Ainda, o laborat\u00f3rio possui capacidade para a realiza\u00e7\u00e3o de simula\u00e7\u00f5es de processos unit\u00e1rios de tratamento de \u00e1gua e efluentes. O LAQUA abrange Laborat\u00f3rio de An\u00e1lise F\u00edsico-Qu\u00edmica da \u00c1gua, Laborat\u00f3rio de An\u00e1lise Bacteriol\u00f3gica da \u00e1gua. Est\u00e1 equipado com Espectr\u00f4metro de Absor\u00e7\u00e3o At\u00f4mica (VARIAN), e Extrator com Flu\u00eddo Supercr\u00edtico, Cromat\u00f3grafo Gasoso com detectores de captura de eletr\u00f3ns (ECD) e de f\u00f3sforo e nitrog\u00eanio (NPD). Ainda, o LAQUA disp\u00f5e de equipamentos para an\u00e1lises f\u00edsico-qu\u00edmicas, abrangendo Laborat\u00f3rio de An\u00e1lise F\u00edsico-Qu\u00edmica da \u00c1gua, Laborat\u00f3rio de An\u00e1lise Bacteriol\u00f3gica da \u00e1gua. O LAQUA atende \u00e0s atividades de ensino, pesquisa e extens\u00e3o.<\/p>\n<p style=\"text-align: justify\"><strong>Laborat\u00f3rio de Efici\u00eancia Energ\u00e9tica e Hidr\u00e1ulica no Saneamento (LENHS).<\/strong> A ELETROBR\u00c1S, no \u00e2mbito do Procel Sanear, firmou conv\u00eanios de coopera\u00e7\u00e3o t\u00e9cnico-financeira com Universidades Federais nas cinco regi\u00f5es do pa\u00eds. Na regi\u00e3o Centro-Oeste, foi escolhido a Universidade Federal de Mato Grosso do Sul (UFMS). Os principais objetivos da implanta\u00e7\u00e3o do Laborat\u00f3rio de Efici\u00eancia Energ\u00e9tica e Hidr\u00e1ulica no Saneamento (LENHS) foram: consolidar centros de refer\u00eancia regionais de efici\u00eancia energ\u00e9tica e hidr\u00e1ulica no saneamento para atividades de ensino, pesquisa aplicada e extens\u00e3o; enfatizar medi\u00e7\u00f5es el\u00e9tricas e hidr\u00e1ulicas nos sistemas de saneamento; apoiar o PROCEL SANEAR na implementa\u00e7\u00e3o de a\u00e7\u00f5es voltadas \u00e0 efici\u00eancia energ\u00e9tica e hidr\u00e1ulica no setor saneamento; produzir documenta\u00e7\u00e3o informativa sobre melhores pr\u00e1ticas integrando o uso eficiente de energia e \u00e1gua no saneamento; desenvolver e aplicar inova\u00e7\u00f5es tecnol\u00f3gicas advindas dos trabalhos acad\u00eamicos e favorecer a efetiva transforma\u00e7\u00e3o do mercado, fundamentalmente de sistemas de abastecimento de \u00e1gua, por meio do incremento da efici\u00eancia. O LENHS da UFMS est\u00e1 instalado numa \u00e1rea de 455 m\u00b2, possuindo bancada para ensaios experimentais (adutoras, redes em malha com simula\u00e7\u00e3o de vazamentos, sistema bombeamento\/reserva\u00e7\u00e3o, transientes hidr\u00e1ulicos) e equipamentos m\u00f3veis para pesquisa em laborat\u00f3rio (Particle Image Velocimetry, PIV, etc.) e campo. O LENHS tem atuado nas atividades de ensino de gradua\u00e7\u00e3o e p\u00f3s-gradua\u00e7\u00e3o, auxiliado a administra\u00e7\u00e3o universit\u00e1ria atrav\u00e9s do programa PURA (Programa de Uso Racional da \u00c1gua nos Campi da UFMS) e prestadores de servi\u00e7os de saneamento, ag\u00eancias reguladoras e \u00f3rg\u00e3os de financiamento.<\/p>\n<p style=\"text-align: justify\">Principais equipamentos: Medidor de espessura ultrass\u00f4nico; Bar\u00f4metro com alt\u00edmetro port\u00e1til; Meg\u00f4metro digital port\u00e1til; Maleta para medi\u00e7\u00e3o de par\u00e2metros hidr\u00e1ulicos; Geofone eletr\u00f4nico; Localizador de massa met\u00e1lica; Locador de tubula\u00e7\u00e3o e cabo energizado ; Haste de escuta ; V\u00e1lvula geradora de ondas sonoras em tubula\u00e7\u00f5es; Medidor de vaz\u00e3o ultrass\u00f4nico port\u00e1til ; Tac\u00f4metro \u00f3tico; Analisador de energia el\u00e9trica; Alicate watt\u00edmetro digital port\u00e1til; Tubo de pitot; Medidor de vaz\u00e3o ultrass\u00f4nico Doppler (ADV); Varivolt monof\u00e1sico; Calibrador digital de press\u00e3o multifun\u00e7\u00e3o; Registrador de dados data-logger ; Calibrador digital de press\u00e3o multifun\u00e7\u00e3o; Registrador de dados data-logger; Transmissor inteligente de press\u00e3o (C\u00e9lula SMAR); Particle image velocimetry (PIV).<\/p>\n<p style=\"text-align: justify\"><strong>Laborat\u00f3rio de Geoprocessamento para Aplica\u00e7\u00f5es Ambientais (LabGIS):<\/strong> O Laborat\u00f3rio de Geoprocessamento para Aplica\u00e7\u00f5es Ambientais (LabGIS)\u00a0 faz parte da Faculdade de Engenharias, Arquitetura e Urbanismo e Geografia (FAENG) sob a coordena\u00e7\u00e3o do Prof. Antonio Concei\u00e7\u00e3o Paranhos Filho,\u00a0 o LabGIS iniciou suas atividades no ano de 2002\u00a0 e atende alunos de oito cursos de gradua\u00e7\u00e3o (Engenharias Ambiental e Civil,\u00a0 Ci\u00eancias Biol\u00f3gicas, Arquitetura e Urbanismo, Medicina Veterin\u00e1ria, Enfermagem,\u00a0 Geografia e Direito) al\u00e9m de discentes das p\u00f3s-gradua\u00e7\u00f5es em Tecnologias Ambientais, Ecologia e Conserva\u00e7\u00e3o,\u00a0 Doen\u00e7as Infecciosas e Parasit\u00e1rias, Biologia Vegetal, Biotecnologia e Biodiversidade, Geografia (Aquidauana), Recursos Naturais, Direito, al\u00e9m de, eventualmente outros cursos de gradua\u00e7\u00e3o e p\u00f3s-gradua\u00e7\u00e3o da UFMS e de parceria com outras institui\u00e7\u00f5es como USP, UFERSA, UERN e UFSC.<\/p>\n<p style=\"text-align: justify\"><strong>Laborat\u00f3rio ModelHy:<\/strong> O laborat\u00f3rio implementado de 2017, enquadrado nas \u00e1reas de Engenharia Civil, Modelagem, Hidr\u00e1ulica, Projetos e Desenvolvimento de Prot\u00f3tipos, fornece estrutura para o desenvolvimento dos projetos de pesquisa, ensino e extens\u00e3o do Grupo de Pesquisa ModelHy. Esse grupo de pesquisa multidisciplinar formado por 39 integrantes, entre pesquisadores e estudantes em diferentes n\u00edveis de treinamento, centra-se na an\u00e1lise e desenvolvimento de modelos matem\u00e1ticos e an\u00e1lise de ecotecnologias que se adaptam \u00e0 estrutura e complexidade de determinado sistema. Os modelos s\u00e3o desenvolvidos atrav\u00e9s da combina\u00e7\u00e3o de diferentes fontes de informa\u00e7\u00e3o, incluindo dados de monitoramento hidrol\u00f3gico, clim\u00e1tico e hidrogeol\u00f3gico, dados de sensoriamento remoto, an\u00e1lise qu\u00edmica e indicadores ecol\u00f3gicos. As ecotecnologias centram-se principalmente em energias renov\u00e1veis, t\u00e9cnicas compensat\u00f3rias de drenagem urbana e protocolos de avalia\u00e7\u00e3o.<\/p>\n<p style=\"text-align: justify\"><strong>Laborat\u00f3rio de tratamento de efluentes (LabE)<\/strong>: s\u00e3o realizadas pesquisas relacionadas a efluentes de agroind\u00fastria e saneamento focado em recursos. Este laborat\u00f3rio foi implementado em 2011, contando com uma sala climatizada para reatores e experimentos em escala de bancada. Anexo ao LabE, foi instalada uma casa de vegeta\u00e7\u00e3o de 36 m2, com sistema de irriga\u00e7\u00e3o.<\/p>\n<p style=\"text-align: justify\"><strong>Laborat\u00f3rio de Hidrossedimentologia (HEroS):<\/strong>\u00a0O Laborat\u00f3rio HEroS d\u00e1 suporte ao grupo de Pesquisa HEroS e Hidrologia e Seguran\u00e7a H\u00eddrica \u00e0s atividades de pesquisa dos projetos de alunos orientados de p\u00f3s gradua\u00e7\u00e3o do PGTA, de gradua\u00e7\u00e3o e bolsistas PIBIC ou volunt\u00e1rios. A partir de 2014, com a inaugura\u00e7\u00e3o das novas instala\u00e7\u00f5es do Programa de P\u00f3s Gradua\u00e7\u00e3o em Tecnologias Ambientais da UFMS, o Laborat\u00f3rio ganhou novo espa\u00e7o f\u00edsico (110 m2) e passou a ser denominado de Laborat\u00f3rio HEroS: Hidrologia, Eros\u00e3o e Sedimentos. A estrutura f\u00edsica do laborat\u00f3rio conta com espa\u00e7o e equipamentos que permite a elabora\u00e7\u00e3o de an\u00e1lises granulom\u00e9tricas, de concentra\u00e7\u00e3o de sedimentos para obten\u00e7\u00e3o de descarga s\u00f3lida em suspens\u00e3o e de fundo. Ainda permite o uso de programas de computador (software) para estudo de s\u00e9ries hist\u00f3ricas de vaz\u00e3o e de chuva.<\/p>\n<p style=\"text-align: justify\"><strong>Laborat\u00f3rio de \u00c1guas Subterr\u00e2neas e \u00c1reas Contaminadas (LASAC): <\/strong>Houve mudan\u00e7a f\u00edsica e expans\u00e3o do laborat\u00f3rio, de 18 para 30 m2, em 2016. Em 2015, foi instalada uma \u00e1rea experimental de Geotecnia e Hidrogeologia, de 400 m2, no campus de Campo Grande, anexa a FAENG. O laborat\u00f3rio \u00e9 utilizado para atividades pr\u00e1ticas de aulas de gradua\u00e7\u00e3o e de p\u00f3s-gradua\u00e7\u00e3o; d\u00e1 suporte a projetos de pesquisas de mestrado e doutorado em hidrogeologia e geotecnia ambiental, bem como trabalhos de inicia\u00e7\u00e3o cient\u00edfica e trabalhos de conclus\u00e3o de curso.<\/p>\n<p style=\"text-align: justify\"><strong>Laborat\u00f3rio de Geologia (LabGeo):<\/strong>\u00a0O laborat\u00f3rio \u00e9 utilizado para aulas pr\u00e1ticas de geologia para alunos de gradua\u00e7\u00e3o e de p\u00f3s-gradua\u00e7\u00e3o; fornece material e amostras utilizadas nos projetos de extens\u00e3o; \u00e9 utilizado para o desenvolvimento de materiais did\u00e1ticos; recebe alunos em visitas orientadas; atende professores de escolas p\u00fablicas em demandas referentes \u00e0s geoci\u00eancias; oferece oficinas de divulga\u00e7\u00e3o cient\u00edfica de geologia, paleontologia e hidrogeologia.<\/p>\n<p style=\"text-align: justify\"><strong>Laborat\u00f3rio de Microbiologia Ambiental e Ecologia:<\/strong>\u00a0Conta com 2 microsc\u00f3pios \u00f3ticos e 2 microsc\u00f3pios estereosc\u00f3pios, espectrofot\u00f4metro, mufla, centr\u00edfuga, 1 geladeira, 1 freezer, sistema de filtra\u00e7\u00e3o e vidraria para an\u00e1lises qu\u00edmicas. 1 Capela de fluxo laminar, 1 microsc\u00f3pio \u00f3tico e sistema de ilumina\u00e7\u00e3o para cultivo de algas, uma sonda multipar\u00e2metro em manuten\u00e7\u00e3o (laqua), 2 microsc\u00f3pios \u00f3ticos sendo 1 com captura de imagem e 3 microsc\u00f3pios estereosc\u00f3pios.<\/p>\n<p style=\"text-align: justify\"><strong>Laborat\u00f3rio Computational Fluid Dynamics (CFD):<\/strong>\u00a0O laborat\u00f3rio CFD-UFMS se especializou na aplica\u00e7\u00e3o da Computational Fluid Dynamics (CFD) aos problemas da engenharia civil e ambiental que envolvem o escoamento de fluidos. O laborat\u00f3rio CFD-UFMS possui:<\/p>\n<ul style=\"text-align: justify\">\n<li>1 Servidor SGI H2106, configurado com 4 Processadores AMD Opteron 6276 16-Core 2.3GHz; 128-GB RAM DDR3 DIMM 1333MHz; 6 (seis) discos de 2TB SATA 7.2Krpm, Raid 0; DVD-RW; Fonte de alimenta\u00e7\u00e3o redundante; 2 (dois) ports Gigabit Ethernet.<\/li>\n<li>1 software ANSYS Academic Research.<\/li>\n<li>15 microcomputadores.<\/li>\n<li>Sala de aula\/laborat\u00f3rio onde \u00e9 ministrada a disciplina CFD (Computational Fluid Dynamics) e os alunos podem realizar suas simula\u00e7\u00f5es. Em 2012 tamb\u00e9m iniciamos colabora\u00e7\u00e3o com laborat\u00f3rio de Bot\u00e2nica do CCBS, para o desenvolvimento de pesquisas direcionadas a adapta\u00e7\u00e3o de plantas ornamentais e reuso de \u00e1guas cinza.<\/li>\n<\/ul>\n<p style=\"text-align: justify\"><strong>Laborat\u00f3rio de Geom\u00e1tica:<\/strong> No contexto do PGTA, o Laborat\u00f3rio de Geom\u00e1tica permite o mapeamento planialtim\u00e9trico do terreno visando dar suporte em aplica\u00e7\u00f5es voltadas para os recursos h\u00eddricos, tais como, delimita\u00e7\u00e3o de bacias hidrogr\u00e1ficas, modelagem hidrol\u00f3gica, dentre outras; o mapeamento dos elementos do balan\u00e7o h\u00eddrico usando dados e t\u00e9cnicas do Sensoriamento Remoto; estudos voltados para a estimativa h\u00eddrica baseada em receptores GNSS (Global Navigation Satellite System).<\/p>\n<p style=\"text-align: justify\"><strong>Laborat\u00f3rio de Limnologia (LabLim):<\/strong>\u00a0O Laborat\u00f3rio de Limnologia tem uma \u00e1rea de 10 metros quadrados. Est\u00e1 equipado com quatro microscopias compostos e tr\u00eas microsc\u00f3pios tipo lupa, bem como um micrometro ocular e c\u00e2maras de Sedgewick-Rafter para an\u00e1lises microsc\u00f3picas. Equipamento para amostragem de \u00e1gua e organismos em campo incluem uma rede de Surber, redes de pl\u00e2ncton, e Garrafa de Van Dorn. Pesquisas em andamento incluem an\u00e1lises de comunidades de macroinvertebrados e de pl\u00e2ncton, bem como quantifica\u00e7\u00e3o de grau de contamina\u00e7\u00e3o de ambientes naturais com pl\u00e1sticos e micro pl\u00e1sticos.<\/p>\n<p style=\"text-align: justify\"><strong>Laborat\u00f3rio de Desenvolvimento de Prot\u00f3tipos e An\u00e1lise de Ciclo de Vida (LabPRO):<\/strong> O grupo de pesquisa &#8216;Saneamento Focado em Recursos&#8217; conta com o Laborat\u00f3rio de Desenvolvimento de Prot\u00f3tipos e ACV LabPRO (45 m\u00b2), onde existe espa\u00e7o f\u00edsico para perman\u00eancia dos p\u00f3s-graduandos e alunos de inicia\u00e7\u00e3o cient\u00edfica, sendo equipado com ferramentas, computadores e espa\u00e7o para reuni\u00f5es. \u00c9 o local onde prot\u00f3tipos de reatores s\u00e3o montados, onde Analise de Ciclo de Vida s\u00e3o realizados num computador equipado com software SimaPro 9.0, e onde o grupo de trabalho se re\u00fane e discute resultados de pesquisa e propostas.<\/p>","protected":false},"excerpt":{"rendered":"<p>Sala de Perman\u00eancia O Programa conta ainda com uma sala de perman\u00eancia para os discentes, com tr\u00eas computadores e Internet dispon\u00edvel e acesso irrestrito aos alunos, al\u00e9m de diversos pontos de Internet para acesso com Notebook. Recursos de Inform\u00e1tica A infraestrutura de inform\u00e1tica do PGTA \u00e9 bastante completa. O Sistema de Gest\u00e3o de P\u00f3s-gradua\u00e7\u00e3o (SIGPOS) [&hellip;]<\/p>\n","protected":false},"author":1731,"featured_media":0,"parent":0,"menu_order":0,"comment_status":"closed","ping_status":"closed","template":"","meta":{"footnotes":""},"coauthors":[],"class_list":["post-59","page","type-page","status-publish","hentry"],"_links":{"self":[{"href":"https:\/\/ppgta.ufms.br\/pb\/wp-json\/wp\/v2\/pages\/59","targetHints":{"allow":["GET"]}}],"collection":[{"href":"https:\/\/ppgta.ufms.br\/pb\/wp-json\/wp\/v2\/pages"}],"about":[{"href":"https:\/\/ppgta.ufms.br\/pb\/wp-json\/wp\/v2\/types\/page"}],"author":[{"embeddable":true,"href":"https:\/\/ppgta.ufms.br\/pb\/wp-json\/wp\/v2\/users\/1731"}],"replies":[{"embeddable":true,"href":"https:\/\/ppgta.ufms.br\/pb\/wp-json\/wp\/v2\/comments?post=59"}],"version-history":[{"count":5,"href":"https:\/\/ppgta.ufms.br\/pb\/wp-json\/wp\/v2\/pages\/59\/revisions"}],"predecessor-version":[{"id":1492,"href":"https:\/\/ppgta.ufms.br\/pb\/wp-json\/wp\/v2\/pages\/59\/revisions\/1492"}],"wp:attachment":[{"href":"https:\/\/ppgta.ufms.br\/pb\/wp-json\/wp\/v2\/media?parent=59"}],"wp:term":[{"taxonomy":"author","embeddable":true,"href":"https:\/\/ppgta.ufms.br\/pb\/wp-json\/wp\/v2\/coauthors?post=59"}],"curies":[{"name":"wp","href":"https:\/\/api.w.org\/{rel}","templated":true}]}}