{"id":56,"date":"2017-06-28T13:34:24","date_gmt":"2017-06-28T17:34:24","guid":{"rendered":"http:\/\/ppgbioanimal.draconis.ufms.br\/?page_id=56"},"modified":"2021-02-03T13:12:10","modified_gmt":"2021-02-03T17:12:10","slug":"missao-e-visao","status":"publish","type":"page","link":"https:\/\/ppgta.ufms.br\/pb\/missao-e-visao\/","title":{"rendered":"Vis\u00e3o, Miss\u00e3o e Objetivos"},"content":{"rendered":"<h3>Vis\u00e3o<\/h3>\n<p>Ser um programa de excel\u00eancia na \u00e1rea de Engenharias I e refer\u00eancia em ensino e Pesquisa em Recursos H\u00eddricos e Saneamento Ambiental.<\/p>\n<h3>Miss\u00e3o<\/h3>\n<p>Formar cientistas, professores e gestores capazes de assumir posi\u00e7\u00f5es de lideran\u00e7a na \u00e1rea de Recursos H\u00eddricos e Saneamento Ambiental.<\/p>\n<h3>Objetivos<\/h3>\n<ul>\n<li>Produzir ci\u00eancia de alto n\u00edvel;<\/li>\n<li>Formar cientistas, professores e gestores de excel\u00eancia;<\/li>\n<li>Publicar em revistas de alto fator de impacto;<\/li>\n<li>Divulgar o conhecimento para popula\u00e7\u00e3o em geral por meio de v\u00eddeos educativos, entrevistas, reportagens e palestras;<\/li>\n<li>Estabelecer redes internacionais de colabora\u00e7\u00e3o em pesquisa com diversos pa\u00edses;<\/li>\n<li>Atrair alunos nacionais e internacionais para participar do programa;<\/li>\n<li>Atrair professores de renome para atuarem como visitantes durante per\u00edodos sab\u00e1ticos ou mesmo para ingressar como permanente no programa;<\/li>\n<li>Ser programa de excel\u00eancia e refer\u00eancia.<\/li>\n<\/ul>","protected":false},"excerpt":{"rendered":"<p>Vis\u00e3o Ser um programa de excel\u00eancia na \u00e1rea de Engenharias I e refer\u00eancia em ensino e Pesquisa em Recursos H\u00eddricos e Saneamento Ambiental. Miss\u00e3o Formar cientistas, professores e gestores capazes de assumir posi\u00e7\u00f5es de lideran\u00e7a na \u00e1rea de Recursos H\u00eddricos e Saneamento Ambiental. Objetivos Produzir ci\u00eancia de alto n\u00edvel; Formar cientistas, professores e gestores de [&hellip;]<\/p>\n","protected":false},"author":1731,"featured_media":0,"parent":0,"menu_order":0,"comment_status":"closed","ping_status":"closed","template":"","meta":{"footnotes":""},"coauthors":[],"class_list":["post-56","page","type-page","status-publish","hentry"],"_links":{"self":[{"href":"https:\/\/ppgta.ufms.br\/pb\/wp-json\/wp\/v2\/pages\/56","targetHints":{"allow":["GET"]}}],"collection":[{"href":"https:\/\/ppgta.ufms.br\/pb\/wp-json\/wp\/v2\/pages"}],"about":[{"href":"https:\/\/ppgta.ufms.br\/pb\/wp-json\/wp\/v2\/types\/page"}],"author":[{"embeddable":true,"href":"https:\/\/ppgta.ufms.br\/pb\/wp-json\/wp\/v2\/users\/1731"}],"replies":[{"embeddable":true,"href":"https:\/\/ppgta.ufms.br\/pb\/wp-json\/wp\/v2\/comments?post=56"}],"version-history":[{"count":3,"href":"https:\/\/ppgta.ufms.br\/pb\/wp-json\/wp\/v2\/pages\/56\/revisions"}],"predecessor-version":[{"id":1145,"href":"https:\/\/ppgta.ufms.br\/pb\/wp-json\/wp\/v2\/pages\/56\/revisions\/1145"}],"wp:attachment":[{"href":"https:\/\/ppgta.ufms.br\/pb\/wp-json\/wp\/v2\/media?parent=56"}],"wp:term":[{"taxonomy":"author","embeddable":true,"href":"https:\/\/ppgta.ufms.br\/pb\/wp-json\/wp\/v2\/coauthors?post=56"}],"curies":[{"name":"wp","href":"https:\/\/api.w.org\/{rel}","templated":true}]}}