{"id":53,"date":"2017-06-28T13:33:16","date_gmt":"2017-06-28T17:33:16","guid":{"rendered":"http:\/\/ppgbioanimal.draconis.ufms.br\/?page_id=53"},"modified":"2024-02-29T10:41:25","modified_gmt":"2024-02-29T14:41:25","slug":"coordenacao","status":"publish","type":"page","link":"https:\/\/ppgta.ufms.br\/pb\/coordenacao\/","title":{"rendered":"Coordena\u00e7\u00e3o"},"content":{"rendered":"O curso est\u00e1 sendo administrado pelo colegiado do curso, composto pelo coordenador do curso e mais tr\u00eas professores permanentes, eleitos para estes cargos para mandatos de 2 anos. Desde 10\/2023 o colegiado tem como membros: Marc Arpad Boncz (presidente), Amilcar Machulek Jr., Antonio Concei\u00e7\u00e3o Paranhos Filho, e Jos\u00e9 Marcato Junior.<\/p>\n<p><span style=\"font-family: arial, helvetica, sans-serif;font-size: 14pt\"><strong>Coordenador de Curso 20.09.2023\u00a0 &#8211; <a href=\"http:\/\/lattes.cnpq.br\/6356969961148023\">Marc \u00c1rp\u00e1d Boncz<\/a><\/strong><\/span><\/p>\n<p><img fetchpriority=\"high\" decoding=\"async\" class=\"size-medium wp-image-1653 aligncenter\" src=\"https:\/\/ppgta.ufms.br\/files\/2023\/11\/Marc_Eficient_2023_reduced-300x200.jpg\" alt=\"\" width=\"300\" height=\"200\" srcset=\"https:\/\/ppgta.ufms.br\/files\/2023\/11\/Marc_Eficient_2023_reduced-300x200.jpg 300w, https:\/\/ppgta.ufms.br\/files\/2023\/11\/Marc_Eficient_2023_reduced-150x100.jpg 150w, https:\/\/ppgta.ufms.br\/files\/2023\/11\/Marc_Eficient_2023_reduced-768x513.jpg 768w, https:\/\/ppgta.ufms.br\/files\/2023\/11\/Marc_Eficient_2023_reduced-479x320.jpg 479w, https:\/\/ppgta.ufms.br\/files\/2023\/11\/Marc_Eficient_2023_reduced-350x233.jpg 350w, https:\/\/ppgta.ufms.br\/files\/2023\/11\/Marc_Eficient_2023_reduced.jpg 1024w\" sizes=\"(max-width: 300px) 100vw, 300px\" \/><\/p>\n<p class=\"resumo\">Holand\u00eas, com gradua\u00e7\u00e3o e mestrado em Qu\u00edmica Org\u00e2nica feita sob orienta\u00e7\u00e3o do prof. Bickelhaupt (Vrije Universiteit Amsterdam, Holanda , 1993), e doutorado em Tecnologia Ambiental (Wageningen University &amp; Research Centre, Holanda, 2002). Come\u00e7ou em 2006 como pesquisador bolsista DCR na Universidade Federal de Mato Grosso do Sul (UFMS), e desde 2013 \u00e9 professor concursado nesta institui\u00e7\u00e3o, respons\u00e1vel por diversos projetos de pesquisa, principalmente na area da reaproveitamento da agua e produ\u00e7\u00e3o de bioenergia (biog\u00e1s, biometano e biodiesel) a partir de efluentes, especialmente vinha\u00e7a e esgotos domesticos. Entre agosto de 2017 e novembro de 2018 realizeou 16 meses de pos-doutorado na Universidade Tecnologica de Delft (TU Delft) em Holanda, participando no projeto Zero Brine da UE, tendo como objetivo a recupera\u00e7\u00e3o de materiais de efluentes industriais. Pesquisador com experi\u00eancia na \u00e1rea de Engenharia Sanit\u00e1ria, com \u00eanfase em t\u00e9cnicas avan\u00e7adas de tratamento de efluentes, atuando principalmente nos temas: tratamento de efluentes industriais, tratamento (an)aerobio e denitrifica\u00e7\u00e3o, ozoniza\u00e7\u00e3o, cinetica de rea\u00e7\u00f5es, e com experiencia em programa\u00e7\u00e3o (software e teleinformatica), e instrumenta\u00e7\u00e3o e modelagem.<\/p>\n<ul>\n<li style=\"text-align: left\"><span style=\"font-family: arial, helvetica, sans-serif;font-size: 12pt\"><strong>Coordenador de Curso 1.09.2022 a 19.09.2023 &#8211; <\/strong><strong><a href=\"http:\/\/lattes.cnpq.br\/5149856612324019\">Paulo Tarso Sanches de Oliveira<\/a><\/strong><\/span><\/li>\n<li style=\"text-align: left\"><span style=\"font-family: arial, helvetica, sans-serif;font-size: 12pt\"><strong>Coordenadora de Curso 29.08.2018 a 31.08.2022 &#8211;\u00a0<\/strong><strong><a href=\"http:\/\/lattes.cnpq.br\/7494871013945299\">Isabel Kaufmann de Almeida<\/a><\/strong><\/span><\/li>\n<li style=\"text-align: left\"><span style=\"font-size: 12pt;font-family: arial, helvetica, sans-serif\"><strong>Coordenador de Curso de 2015 a 28.08.2018 \u2013\u00a0<a href=\"http:\/\/lattes.cnpq.br\/8377932686189760\">Johannes Gerson Janzen<\/a><\/strong><\/span><\/li>\n<li style=\"text-align: left\"><span style=\"font-size: 12pt;font-family: arial, helvetica, sans-serif\"><strong>Coordenadora de Curso de 2012 a 2015 \u2013\u00a0<a href=\"http:\/\/lattes.cnpq.br\/7671945473090510\">Paula Loureiro Paulo<\/a><\/strong><\/span><\/li>\n<li style=\"text-align: left\"><span style=\"font-size: 12pt;font-family: arial, helvetica, sans-serif\"><strong>Coordenador de Curso de 2007 a 2012 \u2013\u00a0<a href=\"http:\/\/lattes.cnpq.br\/8947362945273719\">Teodorico Alves Sobrinho<\/a><\/strong><\/span><\/li>\n<li style=\"text-align: left\"><span style=\"font-size: 12pt;font-family: arial, helvetica, sans-serif\"><strong>Coordenadora de Curso de 2006 a 2007 \u2013\u00a0<a href=\"http:\/\/lattes.cnpq.br\/1407441328680158\">Maria L\u00facia Ribeiro<\/a><\/strong><\/span><\/li>\n<li style=\"text-align: left\"><span style=\"font-size: 12pt;font-family: arial, helvetica, sans-serif\"><strong>Coordenador de Curso de 2002 a 2006 \u2013\u00a0<a href=\"http:\/\/lattes.cnpq.br\/6297358376508498\">Robert Schiaveto de Souza<\/a>\u00a0<\/strong><\/span><\/li>\n<li style=\"text-align: left\"><span style=\"font-size: 12pt;font-family: arial, helvetica, sans-serif\"><strong>Coordenador de Curso de 2000 a 2002 \u2013\u00a0<a href=\"http:\/\/lattes.cnpq.br\/7754483170804600\">Carlos Nobuyoshi Ide<\/a><\/strong><\/span><\/li>\n<li style=\"text-align: left\"><span style=\"font-size: 12pt;font-family: arial, helvetica, sans-serif\"><strong>Coordenador do Projeto de Implementa\u00e7\u00e3o do Curso em 1996 \u2013\u00a0<a href=\"http:\/\/lattes.cnpq.br\/7754483170804600\">Carlos Nobuyoshi Ide<\/a><\/strong><\/span><\/li>\n<\/ul>","protected":false},"excerpt":{"rendered":"<p>O curso est\u00e1 sendo administrado pelo colegiado do curso, composto pelo coordenador do curso e mais tr\u00eas professores permanentes, eleitos para estes cargos para mandatos de 2 anos. Desde 10\/2023 o colegiado tem como membros: Marc Arpad Boncz (presidente), Amilcar Machulek Jr., Antonio Concei\u00e7\u00e3o Paranhos Filho, e Jos\u00e9 Marcato Junior. Coordenador de Curso 20.09.2023\u00a0 &#8211; [&hellip;]<\/p>\n","protected":false},"author":1731,"featured_media":0,"parent":0,"menu_order":0,"comment_status":"closed","ping_status":"closed","template":"","meta":{"footnotes":""},"coauthors":[],"class_list":["post-53","page","type-page","status-publish","hentry"],"_links":{"self":[{"href":"https:\/\/ppgta.ufms.br\/pb\/wp-json\/wp\/v2\/pages\/53","targetHints":{"allow":["GET"]}}],"collection":[{"href":"https:\/\/ppgta.ufms.br\/pb\/wp-json\/wp\/v2\/pages"}],"about":[{"href":"https:\/\/ppgta.ufms.br\/pb\/wp-json\/wp\/v2\/types\/page"}],"author":[{"embeddable":true,"href":"https:\/\/ppgta.ufms.br\/pb\/wp-json\/wp\/v2\/users\/1731"}],"replies":[{"embeddable":true,"href":"https:\/\/ppgta.ufms.br\/pb\/wp-json\/wp\/v2\/comments?post=53"}],"version-history":[{"count":32,"href":"https:\/\/ppgta.ufms.br\/pb\/wp-json\/wp\/v2\/pages\/53\/revisions"}],"predecessor-version":[{"id":1767,"href":"https:\/\/ppgta.ufms.br\/pb\/wp-json\/wp\/v2\/pages\/53\/revisions\/1767"}],"wp:attachment":[{"href":"https:\/\/ppgta.ufms.br\/pb\/wp-json\/wp\/v2\/media?parent=53"}],"wp:term":[{"taxonomy":"author","embeddable":true,"href":"https:\/\/ppgta.ufms.br\/pb\/wp-json\/wp\/v2\/coauthors?post=53"}],"curies":[{"name":"wp","href":"https:\/\/api.w.org\/{rel}","templated":true}]}}