{"id":42,"date":"2017-06-28T13:25:48","date_gmt":"2017-06-28T17:25:48","guid":{"rendered":"http:\/\/ppgbioanimal.draconis.ufms.br\/?page_id=42"},"modified":"2024-02-29T10:37:21","modified_gmt":"2024-02-29T14:37:21","slug":"por-que-o-ppg","status":"publish","type":"page","link":"https:\/\/ppgta.ufms.br\/pb\/por-que-o-ppg\/","title":{"rendered":"Por que o PPGTA?"},"content":{"rendered":"O PPGTA \u00e9 um dos programas de p\u00f3s-gradua\u00e7\u00e3o l\u00edder do Brasil na \u00e1rea de Recursos H\u00eddricos e Saneamento. Aqui est\u00e1 um r\u00e1pido panorama daquilo que torna o PPGTA um lugar excepcionalmente atraente para o aprendizado.<\/p>\n<ul>\n<li>A CAPES ranqueou o PGTA como <strong>No. 1<\/strong>\u00a0na regi\u00e3o Centro-Oeste do Brasil <strong>na \u00e1rea de Recursos H\u00eddricos e Saneamento<\/strong><\/li>\n<li>Aproximadamente <strong>75 alunos matriculados<\/strong>\u00a0em 2024<\/li>\n<li>Aproximadamente <strong>20 professores (20% com doutorado no exterior)<\/strong><\/li>\n<li><strong>7 laborat\u00f3rios,<\/strong> incluindo Qualidade da \u00c1gua (LAQUA), Efici\u00eancia Hidr\u00e1ulica e Energ\u00e9tica no Saneamento (LENHS), Tratamento de Esgoto (LabE), Hidrossedimentologia (Heros), \u00c1guas Superficiais e Subterr\u00e2neas, Microbiologia Ambiental e Ecologia e Computational Fluid Dynamics<\/li>\n<li><strong>1 Base de Estudos no Pantanal<\/strong><\/li>\n<li><strong>Financiamento de pesquisa<\/strong>\u00a0externo em 2013-2016:\u00a0<strong>6 milh\u00f5es de reais<\/strong><\/li>\n<\/ul>\n<p>As linhas de pesquisa do Programa:<\/p>\n<ol>\n<li>Diagn\u00f3stico e Avalia\u00e7\u00e3o de Impactos Ambientais<\/li>\n<li>Recursos H\u00eddricos<\/li>\n<li>Tecnologias de Controle da Polui\u00e7\u00e3o<\/li>\n<\/ol>","protected":false},"excerpt":{"rendered":"<p>O PPGTA \u00e9 um dos programas de p\u00f3s-gradua\u00e7\u00e3o l\u00edder do Brasil na \u00e1rea de Recursos H\u00eddricos e Saneamento. Aqui est\u00e1 um r\u00e1pido panorama daquilo que torna o PPGTA um lugar excepcionalmente atraente para o aprendizado. A CAPES ranqueou o PGTA como No. 1\u00a0na regi\u00e3o Centro-Oeste do Brasil na \u00e1rea de Recursos H\u00eddricos e Saneamento Aproximadamente [&hellip;]<\/p>\n","protected":false},"author":1731,"featured_media":0,"parent":0,"menu_order":0,"comment_status":"closed","ping_status":"closed","template":"","meta":{"footnotes":""},"coauthors":[],"class_list":["post-42","page","type-page","status-publish","hentry"],"_links":{"self":[{"href":"https:\/\/ppgta.ufms.br\/pb\/wp-json\/wp\/v2\/pages\/42","targetHints":{"allow":["GET"]}}],"collection":[{"href":"https:\/\/ppgta.ufms.br\/pb\/wp-json\/wp\/v2\/pages"}],"about":[{"href":"https:\/\/ppgta.ufms.br\/pb\/wp-json\/wp\/v2\/types\/page"}],"author":[{"embeddable":true,"href":"https:\/\/ppgta.ufms.br\/pb\/wp-json\/wp\/v2\/users\/1731"}],"replies":[{"embeddable":true,"href":"https:\/\/ppgta.ufms.br\/pb\/wp-json\/wp\/v2\/comments?post=42"}],"version-history":[{"count":10,"href":"https:\/\/ppgta.ufms.br\/pb\/wp-json\/wp\/v2\/pages\/42\/revisions"}],"predecessor-version":[{"id":1766,"href":"https:\/\/ppgta.ufms.br\/pb\/wp-json\/wp\/v2\/pages\/42\/revisions\/1766"}],"wp:attachment":[{"href":"https:\/\/ppgta.ufms.br\/pb\/wp-json\/wp\/v2\/media?parent=42"}],"wp:term":[{"taxonomy":"author","embeddable":true,"href":"https:\/\/ppgta.ufms.br\/pb\/wp-json\/wp\/v2\/coauthors?post=42"}],"curies":[{"name":"wp","href":"https:\/\/api.w.org\/{rel}","templated":true}]}}