{"id":37,"date":"2017-06-23T14:12:17","date_gmt":"2017-06-23T18:12:17","guid":{"rendered":"http:\/\/ppgbioanimal.draconis.ufms.br\/?page_id=37"},"modified":"2023-02-22T16:18:24","modified_gmt":"2023-02-22T20:18:24","slug":"contato","status":"publish","type":"page","link":"https:\/\/ppgta.ufms.br\/pb\/contato\/","title":{"rendered":"Contato"},"content":{"rendered":"<p style=\"text-align: justify\">N\u00f3s ficar\u00edamos muito contentes em receber voc\u00ea em\u00a0nosso campus e de voc\u00ea se encontrar com nossos docentes, t\u00e9cnicos e alunos, assistir uma aula de nosso curso e fazer um \u201ctour\u201d por nosso programa e instala\u00e7\u00f5es de pesquisa.<\/p>\n<p>&nbsp;<\/p>\n<p>Mapas de localiza\u00e7\u00e3o:<\/p>\n<p><a href=\"https:\/\/goo.gl\/maps\/HoBPKNwtr1mYnRw56\">Secretaria de p\u00f3s-gradua\u00e7\u00e3o<\/a><\/p>\n<p><a href=\"https:\/\/goo.gl\/maps\/FTLrPvnnj6nZxru67\">Salas de aula<\/a><\/p>\n<p>&nbsp;<\/p>\n<p style=\"text-align: center\">Funda\u00e7\u00e3o Universidade Federal do Mato Grosso do Sul<\/p>\n<p style=\"text-align: center\">Faculdade de Engenharias, Arquitetura e Urbanismo e Geografia \u2013 FAENG<\/p>\n<p style=\"text-align: center\">Av. Costa e Silva, s\/n, Bairro Universit\u00e1rio.\u00a0Campo Grande \u2013 MS. CEP 79070-900<\/p>\n<p style=\"text-align: center\">Telefone: +55 (67) 3345-7392<\/p>\n<p style=\"text-align: center\">E-mail: pgta.faeng@ufms.br<\/p>\n<p>&nbsp;","protected":false},"excerpt":{"rendered":"<p>N\u00f3s ficar\u00edamos muito contentes em receber voc\u00ea em\u00a0nosso campus e de voc\u00ea se encontrar com nossos docentes, t\u00e9cnicos e alunos, assistir uma aula de nosso curso e fazer um \u201ctour\u201d por nosso programa e instala\u00e7\u00f5es de pesquisa. &nbsp; Mapas de localiza\u00e7\u00e3o: Secretaria de p\u00f3s-gradua\u00e7\u00e3o Salas de aula &nbsp; Funda\u00e7\u00e3o Universidade Federal do Mato Grosso do [&hellip;]<\/p>\n","protected":false},"author":1731,"featured_media":0,"parent":0,"menu_order":0,"comment_status":"closed","ping_status":"closed","template":"","meta":{"footnotes":""},"coauthors":[],"class_list":["post-37","page","type-page","status-publish","hentry"],"_links":{"self":[{"href":"https:\/\/ppgta.ufms.br\/pb\/wp-json\/wp\/v2\/pages\/37","targetHints":{"allow":["GET"]}}],"collection":[{"href":"https:\/\/ppgta.ufms.br\/pb\/wp-json\/wp\/v2\/pages"}],"about":[{"href":"https:\/\/ppgta.ufms.br\/pb\/wp-json\/wp\/v2\/types\/page"}],"author":[{"embeddable":true,"href":"https:\/\/ppgta.ufms.br\/pb\/wp-json\/wp\/v2\/users\/1731"}],"replies":[{"embeddable":true,"href":"https:\/\/ppgta.ufms.br\/pb\/wp-json\/wp\/v2\/comments?post=37"}],"version-history":[{"count":4,"href":"https:\/\/ppgta.ufms.br\/pb\/wp-json\/wp\/v2\/pages\/37\/revisions"}],"predecessor-version":[{"id":1490,"href":"https:\/\/ppgta.ufms.br\/pb\/wp-json\/wp\/v2\/pages\/37\/revisions\/1490"}],"wp:attachment":[{"href":"https:\/\/ppgta.ufms.br\/pb\/wp-json\/wp\/v2\/media?parent=37"}],"wp:term":[{"taxonomy":"author","embeddable":true,"href":"https:\/\/ppgta.ufms.br\/pb\/wp-json\/wp\/v2\/coauthors?post=37"}],"curies":[{"name":"wp","href":"https:\/\/api.w.org\/{rel}","templated":true}]}}