{"id":282,"date":"2017-07-18T03:08:25","date_gmt":"2017-07-18T07:08:25","guid":{"rendered":"https:\/\/ppgta.ufms.br\/?page_id=282"},"modified":"2018-02-26T15:43:06","modified_gmt":"2018-02-26T19:43:06","slug":"teodorico","status":"publish","type":"page","link":"https:\/\/ppgta.ufms.br\/pb\/docentes\/teodorico\/","title":{"rendered":"Teodorico A. Sobrinho"},"content":{"rendered":"<img fetchpriority=\"high\" decoding=\"async\" class=\"aligncenter\" src=\"http:\/\/servicosweb.cnpq.br\/wspessoa\/servletrecuperafoto?tipo=1&amp;id=K4780071A9\" width=\"383\" height=\"287\" \/><\/p>\n<h3><strong>Endere\u00e7o<\/strong><\/h3>\n<ul>\n<li style=\"text-align: left\">Sala:<\/li>\n<li style=\"text-align: left\">Unidade: 7B<\/li>\n<li style=\"text-align: left\">Mapa:<\/li>\n<li style=\"text-align: left\">E-mail: teodorico.alves@ufms.br<\/li>\n<li style=\"text-align: left\">Telefone: 67 3345\u00a07440<\/li>\n<\/ul>\n<h3 style=\"text-align: left\"><strong>Educa\u00e7\u00e3o<\/strong><\/h3>\n<ul>\n<li>1975-1978: Gradua\u00e7\u00e3o em Agronomia,\u00a0Universidade Federal de Vi\u00e7osa, UFV, Brasil<\/li>\n<li>1979-1981: Mestrado em Engenharia Agr\u00edcola,\u00a0Universidade Federal de Vi\u00e7osa, UFV, Brasil<\/li>\n<li>1992-1996:\u00a0Doutorado\u00a0em Engenharia Agr\u00edcola,\u00a0Universidade Federal de Vi\u00e7osa, UFV, Brasil<\/li>\n<li>2006-2007: P\u00f3s-Doutorado, Universidad de C\u00f3rdoba &#8211; Espanha, UCO, Espanha<\/li>\n<\/ul>\n<h3><strong>\u00c1reas de Interesse<\/strong><\/h3>\n<ul>\n<li>Conserva\u00e7\u00e3o de solo e \u00e1gua<\/li>\n<li>Hidrossedimentometria<\/li>\n<li>L\u00f3gica da Reda\u00e7\u00e3o Cient\u00edfica<\/li>\n<\/ul>\n<h3 style=\"text-align: left\"><strong>Curr\u00edculo<\/strong><\/h3>\n<p><a href=\"http:\/\/lattes.cnpq.br\/8947362945273719\" target=\"_blank\" rel=\"noopener noreferrer\">Curr\u00edculo Lattes<\/a><\/p>\n<h3 style=\"text-align: left\"><strong>Experi\u00eancia<\/strong><\/h3>\n<ul>\n<li>2016-Atual: Editor Associado da Revista Brasileira de Recursos H\u00eddricos (RBRH)<\/li>\n<li>2009-Atual: Bolsista de Produtividade do CNPq<\/li>\n<li>2003-2004: Diretor Cient\u00edfico da Fundect\/MS<\/li>\n<\/ul>\n<h3><strong>Disciplinas<\/strong><\/h3>\n<p><em>Gradua\u00e7\u00e3o:<\/em><\/p>\n<ul>\n<li>Eros\u00e3o e Conserva\u00e7\u00e3o do Solo<\/li>\n<li>Planejamento e Gest\u00e3o de Recursos H\u00eddricos<\/li>\n<li>Transporte de Sedimentos e Mec\u00e2nica Fluvial<\/li>\n<li>Metodologia e Reda\u00e7\u00e3o Cient\u00edfica<\/li>\n<\/ul>\n<p><em>P\u00f3s-gradua\u00e7\u00e3o:<\/em><\/p>\n<ul>\n<li>Hidrossedimentologia<\/li>\n<li>Planejamento e Gest\u00e3o de Recursos H\u00eddricos<\/li>\n<li>Tecnologias Aplicadas \u00e0 Conserva\u00e7\u00e3o de Solo e \u00c1gua<\/li>\n<\/ul>","protected":false},"excerpt":{"rendered":"<p>Endere\u00e7o Sala: Unidade: 7B Mapa: E-mail: teodorico.alves@ufms.br Telefone: 67 3345\u00a07440 Educa\u00e7\u00e3o 1975-1978: Gradua\u00e7\u00e3o em Agronomia,\u00a0Universidade Federal de Vi\u00e7osa, UFV, Brasil 1979-1981: Mestrado em Engenharia Agr\u00edcola,\u00a0Universidade Federal de Vi\u00e7osa, UFV, Brasil 1992-1996:\u00a0Doutorado\u00a0em Engenharia Agr\u00edcola,\u00a0Universidade Federal de Vi\u00e7osa, UFV, Brasil 2006-2007: P\u00f3s-Doutorado, Universidad de C\u00f3rdoba &#8211; Espanha, UCO, Espanha \u00c1reas de Interesse Conserva\u00e7\u00e3o de solo e \u00e1gua [&hellip;]<\/p>\n","protected":false},"author":570,"featured_media":0,"parent":82,"menu_order":0,"comment_status":"closed","ping_status":"closed","template":"","meta":{"footnotes":""},"coauthors":[],"class_list":["post-282","page","type-page","status-publish","hentry"],"_links":{"self":[{"href":"https:\/\/ppgta.ufms.br\/pb\/wp-json\/wp\/v2\/pages\/282","targetHints":{"allow":["GET"]}}],"collection":[{"href":"https:\/\/ppgta.ufms.br\/pb\/wp-json\/wp\/v2\/pages"}],"about":[{"href":"https:\/\/ppgta.ufms.br\/pb\/wp-json\/wp\/v2\/types\/page"}],"author":[{"embeddable":true,"href":"https:\/\/ppgta.ufms.br\/pb\/wp-json\/wp\/v2\/users\/570"}],"replies":[{"embeddable":true,"href":"https:\/\/ppgta.ufms.br\/pb\/wp-json\/wp\/v2\/comments?post=282"}],"version-history":[{"count":6,"href":"https:\/\/ppgta.ufms.br\/pb\/wp-json\/wp\/v2\/pages\/282\/revisions"}],"predecessor-version":[{"id":546,"href":"https:\/\/ppgta.ufms.br\/pb\/wp-json\/wp\/v2\/pages\/282\/revisions\/546"}],"up":[{"embeddable":true,"href":"https:\/\/ppgta.ufms.br\/pb\/wp-json\/wp\/v2\/pages\/82"}],"wp:attachment":[{"href":"https:\/\/ppgta.ufms.br\/pb\/wp-json\/wp\/v2\/media?parent=282"}],"wp:term":[{"taxonomy":"author","embeddable":true,"href":"https:\/\/ppgta.ufms.br\/pb\/wp-json\/wp\/v2\/coauthors?post=282"}],"curies":[{"name":"wp","href":"https:\/\/api.w.org\/{rel}","templated":true}]}}