{"id":262,"date":"2017-07-18T02:50:47","date_gmt":"2017-07-18T06:50:47","guid":{"rendered":"https:\/\/ppgta.ufms.br\/?page_id=262"},"modified":"2018-02-26T14:36:19","modified_gmt":"2018-02-26T18:36:19","slug":"isabel","status":"publish","type":"page","link":"https:\/\/ppgta.ufms.br\/pb\/docentes\/isabel\/","title":{"rendered":"Isabel K. de Almeida"},"content":{"rendered":"<strong><img fetchpriority=\"high\" decoding=\"async\" class=\"aligncenter\" src=\"https:\/\/i1.rgstatic.net\/ii\/profile.image\/279285219774467-1443598193459_Q512\/Isabel_Almeida9.jpg\" alt=\"Resultado de imagem para isabel kaufmann\" width=\"288\" height=\"288\" \/><\/strong><\/p>\n<h3><strong>Endere\u00e7o<\/strong><\/h3>\n<ul>\n<li style=\"text-align: left\">Sala:<\/li>\n<li style=\"text-align: left\">Unidade: 7B<\/li>\n<li style=\"text-align: left\">Mapa:<\/li>\n<li style=\"text-align: left\">E-mail: isabel.almeida@ufms.br<\/li>\n<li style=\"text-align: left\">Telefone: 67 3345 XXXX<\/li>\n<\/ul>\n<h3 style=\"text-align: left\"><strong>Educa\u00e7\u00e3o<\/strong><\/h3>\n<ul>\n<li>1988-1994: Gradua\u00e7\u00e3o em Engenharia Civil, Pontif\u00edcia Universidade Cat\u00f3lica do Rio Grande do Sul, PUCRS, Brasil<\/li>\n<li>2007-2009: Mestrado em Tecnologias Ambientais,\u00a0Universidade Federal de Mato Grosso do Sul, UFMS, Brasil<\/li>\n<li>2011-2014:\u00a0Doutorado em Tecnologias Ambientais,\u00a0Universidade Federal de Mato Grosso do Sul, UFMS, Brasil<\/li>\n<\/ul>\n<h3><strong>\u00c1reas de Interesse<\/strong><\/h3>\n<p>Buscando a representa\u00e7\u00e3o matem\u00e1tica dos processos envolvidos, atua nos temas: Recursos H\u00eddricos, Hidrologia, Hidr\u00e1ulica, Ecotecnologias, Processos Hidrol\u00f3gicos, Balan\u00e7o H\u00eddrico, Modelagem e An\u00e1lise de Infraestruturas<\/p>\n<h3 style=\"text-align: left\"><strong>Curr\u00edculo<\/strong><\/h3>\n<p><a href=\"http:\/\/lattes.cnpq.br\/7494871013945299\" target=\"_blank\" rel=\"noopener noreferrer\">Curr\u00edculo Lattes<\/a><\/p>\n<h3 style=\"text-align: left\"><strong>Experi\u00eancia<\/strong><\/h3>\n<ul>\n<li>2017-Atual:\u00a0L\u00edder do Grupo de Pesquisa ModelHy<\/li>\n<\/ul>\n<h3><strong>Disciplinas<\/strong><\/h3>\n<p><em>Gradua\u00e7\u00e3o:<\/em><\/p>\n<ul>\n<li>Fundamentos de Fen\u00f4menos de Transporte<\/li>\n<li>Hidrologia<\/li>\n<li>Hidr\u00e1ulica<\/li>\n<\/ul>\n<p><em>P\u00f3s-gradua\u00e7\u00e3o:<\/em><\/p>\n<ul>\n<li>Fundamentos de Hidrologia<\/li>\n<li>Hidrologia<\/li>\n<li>Matem\u00e1tica Aplicada aos Recursos H\u00eddricos<\/li>\n<\/ul>","protected":false},"excerpt":{"rendered":"<p>Endere\u00e7o Sala: Unidade: 7B Mapa: E-mail: isabel.almeida@ufms.br Telefone: 67 3345 XXXX Educa\u00e7\u00e3o 1988-1994: Gradua\u00e7\u00e3o em Engenharia Civil, Pontif\u00edcia Universidade Cat\u00f3lica do Rio Grande do Sul, PUCRS, Brasil 2007-2009: Mestrado em Tecnologias Ambientais,\u00a0Universidade Federal de Mato Grosso do Sul, UFMS, Brasil 2011-2014:\u00a0Doutorado em Tecnologias Ambientais,\u00a0Universidade Federal de Mato Grosso do Sul, UFMS, Brasil \u00c1reas de Interesse [&hellip;]<\/p>\n","protected":false},"author":570,"featured_media":0,"parent":82,"menu_order":0,"comment_status":"closed","ping_status":"closed","template":"","meta":{"footnotes":""},"coauthors":[],"class_list":["post-262","page","type-page","status-publish","hentry"],"_links":{"self":[{"href":"https:\/\/ppgta.ufms.br\/pb\/wp-json\/wp\/v2\/pages\/262","targetHints":{"allow":["GET"]}}],"collection":[{"href":"https:\/\/ppgta.ufms.br\/pb\/wp-json\/wp\/v2\/pages"}],"about":[{"href":"https:\/\/ppgta.ufms.br\/pb\/wp-json\/wp\/v2\/types\/page"}],"author":[{"embeddable":true,"href":"https:\/\/ppgta.ufms.br\/pb\/wp-json\/wp\/v2\/users\/570"}],"replies":[{"embeddable":true,"href":"https:\/\/ppgta.ufms.br\/pb\/wp-json\/wp\/v2\/comments?post=262"}],"version-history":[{"count":3,"href":"https:\/\/ppgta.ufms.br\/pb\/wp-json\/wp\/v2\/pages\/262\/revisions"}],"predecessor-version":[{"id":531,"href":"https:\/\/ppgta.ufms.br\/pb\/wp-json\/wp\/v2\/pages\/262\/revisions\/531"}],"up":[{"embeddable":true,"href":"https:\/\/ppgta.ufms.br\/pb\/wp-json\/wp\/v2\/pages\/82"}],"wp:attachment":[{"href":"https:\/\/ppgta.ufms.br\/pb\/wp-json\/wp\/v2\/media?parent=262"}],"wp:term":[{"taxonomy":"author","embeddable":true,"href":"https:\/\/ppgta.ufms.br\/pb\/wp-json\/wp\/v2\/coauthors?post=262"}],"curies":[{"name":"wp","href":"https:\/\/api.w.org\/{rel}","templated":true}]}}