{"id":245,"date":"2017-07-17T04:33:48","date_gmt":"2017-07-17T08:33:48","guid":{"rendered":"https:\/\/ppgta.ufms.br\/?page_id=245"},"modified":"2018-02-22T15:59:16","modified_gmt":"2018-02-22T19:59:16","slug":"amilcar","status":"publish","type":"page","link":"https:\/\/ppgta.ufms.br\/pb\/docentes\/amilcar\/","title":{"rendered":"Amilcar M. Junior"},"content":{"rendered":"<h3><strong>Endere\u00e7o<\/strong><\/h3>\n<ul>\n<li style=\"text-align: left\">Sala:<\/li>\n<li style=\"text-align: left\">Unidade:<\/li>\n<li style=\"text-align: left\">Mapa:<\/li>\n<li style=\"text-align: left\">E-mail:\u00a0machulekjr@gmail.com<\/li>\n<li style=\"text-align: left\">Telefone: 67 3345\u00a07009<\/li>\n<\/ul>\n<h3 style=\"text-align: left\"><strong>Educa\u00e7\u00e3o<\/strong><\/h3>\n<ul>\n<li>1996-2000: Licenciatura em Qu\u00edmica, Universidade Estadual de Ponta Grossa, UEPG, Brasil<\/li>\n<li>2001-2002:\u00a0Mestrado em F\u00edsico-Qu\u00edmica,\u00a0Universidade de S\u00e3o Paulo, USP, Brasil<\/li>\n<li>2002-2007: Doutorado em Qu\u00edmica,\u00a0Universidade de S\u00e3o Paulo, USP, Brasil, com\u00a0<em>per\u00edodo\u00a0sandu\u00edche<\/em>\u00a0em Karlsruher Institut f\u00fcr Technologie, KIT, Alemanha<\/li>\n<li>2007-2008: P\u00f3s-Doutorado\u00a0no\u00a0Instituto de Qu\u00edmica &#8211; CEPEMA, IQUSP-CEPEMA, da Universidade de S\u00e3o Paulo, USP, Brasil<\/li>\n<\/ul>\n<h3 style=\"text-align: left\"><strong>\u00c1reas de Interesse<\/strong><\/h3>\n<p>Qu\u00edmica, com \u00eanfase em espectroscopia (UV\/VIS e Fluoresc\u00eancia) e an\u00e1lises cromatogr\u00e1ficas (GCMS\/HPLC) em amostras de interesse ambiental atuando principalmente nos seguintes temas: foto-fenton, tratamento de efluentes industriais, fluoresc\u00eancia e nanopart\u00edculas.<span class=\"texto\">\u00a0<\/span><\/p>\n<h3 style=\"text-align: left\"><strong>Curr\u00edculo<\/strong><\/h3>\n<p><a href=\"http:\/\/lattes.cnpq.br\/0513770505200043\">Curr\u00edculo Lattes<\/a><\/p>\n<h3 style=\"text-align: left\"><strong>Experi\u00eancia<\/strong><\/h3>\n<ul>\n<li>2010-Atual: Membro do Comit\u00ea Local de Inicia\u00e7\u00e3o Cient\u00edfica<\/li>\n<li>2015-2017: Chefe da Coordenadoria de P\u00f3s-Gradua\u00e7\u00e3o<\/li>\n<li>2013-2015: Coordenador do Programa de P\u00f3s-Gradua\u00e7\u00e3o em Qu\u00edmica<\/li>\n<li>2011-2013: Coordenador do Curso de Qu\u00edmica<\/li>\n<\/ul>\n<h3 style=\"text-align: left\"><strong>Disciplinas<\/strong><\/h3>\n<p><em>Gradua\u00e7\u00e3o:<\/em><\/p>\n<ul>\n<li>Fisico-Qu\u00edmica I<\/li>\n<li>Qu\u00edmica Geral I Aplicada a Engenharia Ambiental<\/li>\n<li>Qu\u00edmica Geral I<\/li>\n<li>Laborat\u00f3rio de Qu\u00edmica B\u00e1sica e Org\u00e2nica<\/li>\n<\/ul>\n<p><em>P\u00f3s-gradua\u00e7\u00e3o:<\/em><\/p>\n<ul>\n<li>Cin\u00e9tica Qu\u00edmica<\/li>\n<li>Introdu\u00e7\u00e3o \u00e0 Fotoqu\u00edmica e a Eletroqu\u00edmica aplicadas aos Processos Oxidativos Avan\u00e7ados<\/li>\n<\/ul>","protected":false},"excerpt":{"rendered":"<p>Endere\u00e7o Sala: Unidade: Mapa: E-mail:\u00a0machulekjr@gmail.com Telefone: 67 3345\u00a07009 Educa\u00e7\u00e3o 1996-2000: Licenciatura em Qu\u00edmica, Universidade Estadual de Ponta Grossa, UEPG, Brasil 2001-2002:\u00a0Mestrado em F\u00edsico-Qu\u00edmica,\u00a0Universidade de S\u00e3o Paulo, USP, Brasil 2002-2007: Doutorado em Qu\u00edmica,\u00a0Universidade de S\u00e3o Paulo, USP, Brasil, com\u00a0per\u00edodo\u00a0sandu\u00edche\u00a0em Karlsruher Institut f\u00fcr Technologie, KIT, Alemanha 2007-2008: P\u00f3s-Doutorado\u00a0no\u00a0Instituto de Qu\u00edmica &#8211; CEPEMA, IQUSP-CEPEMA, da Universidade de S\u00e3o [&hellip;]<\/p>\n","protected":false},"author":570,"featured_media":0,"parent":82,"menu_order":0,"comment_status":"closed","ping_status":"closed","template":"","meta":{"footnotes":""},"coauthors":[],"class_list":["post-245","page","type-page","status-publish","hentry"],"_links":{"self":[{"href":"https:\/\/ppgta.ufms.br\/pb\/wp-json\/wp\/v2\/pages\/245","targetHints":{"allow":["GET"]}}],"collection":[{"href":"https:\/\/ppgta.ufms.br\/pb\/wp-json\/wp\/v2\/pages"}],"about":[{"href":"https:\/\/ppgta.ufms.br\/pb\/wp-json\/wp\/v2\/types\/page"}],"author":[{"embeddable":true,"href":"https:\/\/ppgta.ufms.br\/pb\/wp-json\/wp\/v2\/users\/570"}],"replies":[{"embeddable":true,"href":"https:\/\/ppgta.ufms.br\/pb\/wp-json\/wp\/v2\/comments?post=245"}],"version-history":[{"count":8,"href":"https:\/\/ppgta.ufms.br\/pb\/wp-json\/wp\/v2\/pages\/245\/revisions"}],"predecessor-version":[{"id":507,"href":"https:\/\/ppgta.ufms.br\/pb\/wp-json\/wp\/v2\/pages\/245\/revisions\/507"}],"up":[{"embeddable":true,"href":"https:\/\/ppgta.ufms.br\/pb\/wp-json\/wp\/v2\/pages\/82"}],"wp:attachment":[{"href":"https:\/\/ppgta.ufms.br\/pb\/wp-json\/wp\/v2\/media?parent=245"}],"wp:term":[{"taxonomy":"author","embeddable":true,"href":"https:\/\/ppgta.ufms.br\/pb\/wp-json\/wp\/v2\/coauthors?post=245"}],"curies":[{"name":"wp","href":"https:\/\/api.w.org\/{rel}","templated":true}]}}