{"id":1127,"date":"2021-01-26T10:56:48","date_gmt":"2021-01-26T14:56:48","guid":{"rendered":"https:\/\/ppgta.ufms.br\/?page_id=1127"},"modified":"2023-02-22T16:40:13","modified_gmt":"2023-02-22T20:40:13","slug":"alumni-ppgta-ufms","status":"publish","type":"page","link":"https:\/\/ppgta.ufms.br\/pb\/alumni-ppgta-ufms\/","title":{"rendered":"PPGTA Alumni"},"content":{"rendered":"<span style=\"color: #ffffff\">.<\/span><img decoding=\"async\" class=\"size-medium wp-image-1130 aligncenter\" src=\"https:\/\/ppgta.ufms.br\/files\/2021\/01\/PPGTA-Alumni-300x150.jpg\" alt=\"\" width=\"300\" height=\"150\" srcset=\"https:\/\/ppgta.ufms.br\/files\/2021\/01\/PPGTA-Alumni-300x150.jpg 300w, https:\/\/ppgta.ufms.br\/files\/2021\/01\/PPGTA-Alumni-150x75.jpg 150w, https:\/\/ppgta.ufms.br\/files\/2021\/01\/PPGTA-Alumni.jpg 612w\" sizes=\"(max-width: 300px) 100vw, 300px\" \/><\/p>\n<p style=\"text-align: justify\">Os p\u00f3s-graduandos do Programa de P\u00f3s-gradua\u00e7\u00e3o em Tecnologias Ambientais da UFMS (PPGTA\/UFMS) t\u00eam assumido, ao longo de d\u00e9cadas, um papel crucial junto da sociedade, contribuindo de um forma decisiva para o desenvolvimento econ\u00f4mico, cient\u00edfico e social do pa\u00eds.<\/p>\n<p style=\"text-align: justify\">A rede de alunos Alumni apresenta uma grande relev\u00e2ncia estrat\u00e9gica \u00e0 sociedade, proporcionando um acesso direto \u00e0 uma rede de Alumni, detentores de conhecimento t\u00e9cnico e cient\u00edfico de excel\u00eancia que podem servir como propulsores do conhecimento e de m\u00e3o de obra para impulsionar a ci\u00eancia, a ind\u00fastria e a gest\u00e3o p\u00fablica, de forma coerente e assertiva.<\/p>\n<p style=\"text-align: justify\">As suas principais linhas de atua\u00e7\u00e3o assentam em tr\u00eas grandes \u00e1reas:<\/p>\n<ul style=\"text-align: justify\">\n<li>Forma\u00e7\u00e3o continuada e permanente;<\/li>\n<li>Articula\u00e7\u00e3o e Atualiza\u00e7\u00e3o de conhecimentos;<\/li>\n<li>Fortalecimento de uma comunidade orientada para a produ\u00e7\u00e3o cient\u00edfica e tecnol\u00f3gica.<\/li>\n<\/ul>\n<p style=\"text-align: justify\">O PPGTA procura manter o elo entre as sucessivas gera\u00e7\u00f5es de Alumni, revendo-se na excel\u00eancia da qualidade de ensino que mant\u00e9m, apoiando os novos diplomados a conceber uma imagem do futuro que poder\u00e3o construir no seguimento daqueles que os antecederam.<\/p>\n<p style=\"text-align: justify\">Para mais informa\u00e7\u00f5es, nos contate atrav\u00e9s do e-mail:<br \/>\n<a href=\"mailto:pgta.faeng@ufms.br\" target=\"_blank\" rel=\"noopener noreferrer\">pgta.faeng@ufms.br<\/a><\/p>\n<p>&nbsp;<\/p>\n<h2 style=\"text-align: center\"><strong>Depoimentos de Alumni do PPGTA<\/strong><\/h2>\n<p>&nbsp;<\/p>\n<table style=\"width: 100%;border-collapse: collapse;border-style: none\" border=\"1\">\n<tbody>\n<tr>\n<td style=\"width: 684px\"><img fetchpriority=\"high\" decoding=\"async\" class=\"wp-image-1138 aligncenter\" style=\"text-align: center\" src=\"https:\/\/ppgta.ufms.br\/files\/2021\/01\/Peter-300x300.jpg\" alt=\"\" width=\"284\" height=\"284\" srcset=\"https:\/\/ppgta.ufms.br\/files\/2021\/01\/Peter-300x300.jpg 300w, https:\/\/ppgta.ufms.br\/files\/2021\/01\/Peter-150x150.jpg 150w, https:\/\/ppgta.ufms.br\/files\/2021\/01\/Peter-768x768.jpg 768w, https:\/\/ppgta.ufms.br\/files\/2021\/01\/Peter-320x320.jpg 320w, https:\/\/ppgta.ufms.br\/files\/2021\/01\/Peter.jpg 800w\" sizes=\"(max-width: 284px) 100vw, 284px\" \/><\/td>\n<td style=\"width: 684px\">\n<p style=\"text-align: justify\"><em>\u201cEu tenho muito agradecer ao programa em Tecnologias Ambientais. A base te\u00f3rica do Mestrado, onde utilizei M\u00e9todos Num\u00e9ricos, Modelagem Matem\u00e1tica, Otimiza\u00e7\u00e3o etc. proporcionou-me primeiramente alcan\u00e7ar resultados acad\u00e9micos, tal como obten\u00e7\u00e3o do t\u00edtulo de Doutor pela USP de S\u00e3o Carlos. A base te\u00f3rica obtida na P\u00f3s Gradua\u00e7\u00e3o do PGTA me auxiliou no desenvolvimento de algoritmos que foram incorporados em um software chamado INFOSAN, o qual foi adquirido em 2018 por uma empresa multinacional americana (Itron). <\/em><\/p>\n<p style=\"text-align: justify\"><em>Atualmente, estou como Diretor de Solu\u00e7\u00f5es Digitais na Am\u00e9rica Latina na empresa Accell atuando no desenvolvimento de novas solu\u00e7\u00f5es e aplica\u00e7\u00e3o de IoT nos mercados de \u00c1gua, G\u00e1s, Energia e Cidades Inteligentes. Por fim, posso afirmar que o principal diferencial do PGTA \u00e9 a multidisciplinaridade, permitindo aos profissionais que cursam o programa ampliar sua \u00e1rea de atua\u00e7\u00e3o no mercado.\u201d<\/em><\/p>\n<\/td>\n<\/tr>\n<\/tbody>\n<\/table>\n<p>&nbsp;<\/p>\n<table style=\"width: 100%;border-collapse: collapse;border-style: none\" border=\"1\">\n<tbody>\n<tr>\n<td style=\"width: 50%\">\n<p style=\"text-align: justify\"><em>\u201cA UFMS \u00e9 uma institui\u00e7\u00e3o de ensino que, claramente, preza pela excel\u00eancia em todos os aspectos. Voc\u00ea \u00e9 bem tratado desde a porta de entrada e todos os colaboradores lhe recebem com educa\u00e7\u00e3o. \u00c9 incr\u00edvel a forma como se mobilizam para resolver quaisquer contratempos dos alunos, a coordena\u00e7\u00e3o e diretoria s\u00e3o sempre acess\u00edveis e est\u00e3o dispostos a lhe ouvir. A estrutura \u00e9 excelente por v\u00e1rios motivos: estacionamento, lanchonete\/restaurante; o banheiro est\u00e1 sempre higienizado; os corredores e espa\u00e7os internos s\u00e3o amplos, as salas de aulas espa\u00e7osas, confort\u00e1veis, climatizada, com recursos audiovisuais de qualidade, infraestrutura laboratorial, existe ainda uma sala para os alunos do programa conviverem juntos em ambiente social e de estudos.<\/em><\/p>\n<p style=\"text-align: justify\"><em>Os professores, sem d\u00favidas est\u00e3o entre os melhores do Pa\u00eds (qualificados e com alta produtividade cientifica), \u00e9 uma \u00f3tima oportunidade de conhecer grandes profissionais, e outro grande diferencial \u00e9 a possibilidade de manter contato com os professores mesmo ap\u00f3s o t\u00e9rmino dos m\u00f3dulos, tirando d\u00favidas, fazendo aconselhamentos profissionais, enfim, tudo o que for necess\u00e1rio, sendo que s\u00e3o sempre sol\u00edcitos e dedicados.<\/em><\/p>\n<p style=\"text-align: justify\"><em>Eu sou formado em F\u00edsica pela UFSCAR, j\u00e1 fiz o curso de mestrado em meteorologia agr\u00edcola na UFV, tamanha foi minha satisfa\u00e7\u00e3o ao ser aluno da primeira turma do curso de doutorado em Tecnologias Ambientais da UFMS e o primeiro aluno a defender o t\u00edtulo de doutor.\u00a0 O curso me surpreendeu positivamente apesar de ser um curso iniciante tem linhas de pesquisas definidas e materiais de trabalhos com \u00f3timas refer\u00eancias bibliogr\u00e1ficas, oferecendo perspectivas e contatos para futuros trabalhos em parcerias com outras IES. Os planos ap\u00f3s o t\u00e9rmino do doutorado foram concretizados com continuidade de aperfei\u00e7oamento, buscando me tornar um profissional cada vez melhor.<\/em><\/p>\n<p style=\"text-align: justify\"><em>Mas \u00e9 importante deixar claro que no curso de doutorado da UFMS, voc\u00ea n\u00e3o apenas estuda a teoria, mas tamb\u00e9m a pr\u00e1tica, lhe permitindo aplicar as li\u00e7\u00f5es no cotidiano desde o primeiro m\u00f3dulo, voc\u00ea adquire mais conhecimento, se sente mais seguro, e, se necess\u00e1rio, tem o suporte dos melhores profissionais\/professores do Pa\u00eds. \u00c9 um curso que realmente lhe deixa preparado para a vida profissional\u201d<\/em><\/p>\n<\/td>\n<td style=\"width: 50%\"><img decoding=\"async\" class=\" wp-image-1139 aligncenter\" style=\"text-align: center\" src=\"https:\/\/ppgta.ufms.br\/files\/2021\/01\/Amaury2.jpg\" alt=\"\" width=\"278\" height=\"492\" srcset=\"https:\/\/ppgta.ufms.br\/files\/2021\/01\/Amaury2.jpg 127w, https:\/\/ppgta.ufms.br\/files\/2021\/01\/Amaury2-85x150.jpg 85w\" sizes=\"(max-width: 278px) 100vw, 278px\" \/><\/td>\n<\/tr>\n<\/tbody>\n<\/table>\n<p>&nbsp;<\/p>\n<table style=\"width: 100%;border-collapse: collapse;border-style: none\" border=\"1\">\n<tbody>\n<tr>\n<td style=\"width: 50%\"><img loading=\"lazy\" decoding=\"async\" class=\"aligncenter wp-image-1140\" style=\"text-align: center\" src=\"https:\/\/ppgta.ufms.br\/files\/2021\/01\/Jhonatan.jpg\" alt=\"\" width=\"213\" height=\"289\" srcset=\"https:\/\/ppgta.ufms.br\/files\/2021\/01\/Jhonatan.jpg 129w, https:\/\/ppgta.ufms.br\/files\/2021\/01\/Jhonatan-111x150.jpg 111w\" sizes=\"(max-width: 213px) 100vw, 213px\" \/><\/td>\n<td style=\"width: 50%;text-align: justify\"><em>\u201cO Programa de P\u00f3s-Gradua\u00e7\u00e3o em Tecnologias Ambientais foi um divisor de \u00e1guas na minha carreira profissional e mudou positivamente a maneira como penso, posiciono e encaro v\u00e1rios setores da vida. Sou docente hoje em uma Universidade Federal, inspirado em todos os profissionais e ensinamentos que recebi. Com um corpo docente competente e com uma grade completa tive oportunidade de assistir aulas e fazer pesquisa em laborat\u00f3rios modernos, com profissionais com muita did\u00e1tica e qualifica\u00e7\u00e3o. Tenho com todos os profissionais t\u00e9cnicos e professores do programa uma rela\u00e7\u00e3o de amizade, respeito e admira\u00e7\u00e3o, valorizando sempre o nome do programa e da UFMS.\u201d<\/em><\/td>\n<\/tr>\n<\/tbody>\n<\/table>\n<p>&nbsp;","protected":false},"excerpt":{"rendered":"<p>. Os p\u00f3s-graduandos do Programa de P\u00f3s-gradua\u00e7\u00e3o em Tecnologias Ambientais da UFMS (PPGTA\/UFMS) t\u00eam assumido, ao longo de d\u00e9cadas, um papel crucial junto da sociedade, contribuindo de um forma decisiva para o desenvolvimento econ\u00f4mico, cient\u00edfico e social do pa\u00eds. A rede de alunos Alumni apresenta uma grande relev\u00e2ncia estrat\u00e9gica \u00e0 sociedade, proporcionando um acesso direto [&hellip;]<\/p>\n","protected":false},"author":809,"featured_media":0,"parent":0,"menu_order":0,"comment_status":"closed","ping_status":"closed","template":"","meta":{"footnotes":""},"coauthors":[],"class_list":["post-1127","page","type-page","status-publish","hentry"],"_links":{"self":[{"href":"https:\/\/ppgta.ufms.br\/pb\/wp-json\/wp\/v2\/pages\/1127","targetHints":{"allow":["GET"]}}],"collection":[{"href":"https:\/\/ppgta.ufms.br\/pb\/wp-json\/wp\/v2\/pages"}],"about":[{"href":"https:\/\/ppgta.ufms.br\/pb\/wp-json\/wp\/v2\/types\/page"}],"author":[{"embeddable":true,"href":"https:\/\/ppgta.ufms.br\/pb\/wp-json\/wp\/v2\/users\/809"}],"replies":[{"embeddable":true,"href":"https:\/\/ppgta.ufms.br\/pb\/wp-json\/wp\/v2\/comments?post=1127"}],"version-history":[{"count":18,"href":"https:\/\/ppgta.ufms.br\/pb\/wp-json\/wp\/v2\/pages\/1127\/revisions"}],"predecessor-version":[{"id":1500,"href":"https:\/\/ppgta.ufms.br\/pb\/wp-json\/wp\/v2\/pages\/1127\/revisions\/1500"}],"wp:attachment":[{"href":"https:\/\/ppgta.ufms.br\/pb\/wp-json\/wp\/v2\/media?parent=1127"}],"wp:term":[{"taxonomy":"author","embeddable":true,"href":"https:\/\/ppgta.ufms.br\/pb\/wp-json\/wp\/v2\/coauthors?post=1127"}],"curies":[{"name":"wp","href":"https:\/\/api.w.org\/{rel}","templated":true}]}}