{"id":1119,"date":"2021-01-25T20:43:27","date_gmt":"2021-01-26T00:43:27","guid":{"rendered":"https:\/\/ppgta.ufms.br\/?page_id=1119"},"modified":"2024-01-24T14:49:29","modified_gmt":"2024-01-24T18:49:29","slug":"pos-doc","status":"publish","type":"page","link":"https:\/\/ppgta.ufms.br\/pb\/pos-doc\/","title":{"rendered":"Pesquisadores P\u00f3s-Doc"},"content":{"rendered":"<h3>P\u00f3s-Doutorandos<\/h3>\n<p><a href=\"http:\/\/lattes.cnpq.br\/7114836417277954\" rel=\"noopener\" target=\"_blank\">Edilson Sadayuki Omoto<\/a><\/p>\n<p><a href=\"http:\/\/lattes.cnpq.br\/0955424625662282\" rel=\"noopener\" target=\"_blank\">Manoel Lucas Machado Xavier<\/a><\/p>\n<p><a href=\"http:\/\/lattes.cnpq.br\/0702684498841027\" rel=\"noopener\" target=\"_blank\">Karen Midori Takahashi<\/a><\/p>\n<p><a href=\"http:\/\/lattes.cnpq.br\/7962052156143247\" rel=\"noopener\" target=\"_blank\">Vin\u00edcius Alexandre Sikora de Souza<\/a><\/p>\n<p>&nbsp;<\/p>\n<h3>Est\u00e1gio P\u00f3s-Doutoral Conclu\u00eddo<\/h3>\n<p><a href=\"http:\/\/lattes.cnpq.br\/8639803940714813\" rel=\"noopener\" target=\"_blank\">Aleska Kaufmann Almeida<\/a><\/p>\n<p><a href=\"http:\/\/lattes.cnpq.br\/5516235582562726\" rel=\"noopener\" target=\"_blank\">Bruno Bernardo dos Santos<\/a><\/p>\n<p><a href=\"http:\/\/lattes.cnpq.br\/9797541704067903\" rel=\"noopener\" target=\"_blank\">Darlene Gris<\/a><\/p>\n<p><a href=\"http:\/\/lattes.cnpq.br\/4956730907128122\" rel=\"noopener\" target=\"_blank\">Dulce Bucchala Bicca Rodrigues<\/a><\/p>\n<p><a href=\"http:\/\/lattes.cnpq.br\/5266034163588630\" rel=\"noopener\" target=\"_blank\">Fernando Jorge Corr\u00eaa Magalh\u00e3es Filho<\/a><\/p>\n<p><a href=\"http:\/\/lattes.cnpq.br\/0061505400306130\" rel=\"noopener\" target=\"_blank\">Helen Rezende de Figueiredo<\/a><\/p>\n<p><a href=\"http:\/\/lattes.cnpq.br\/0593374045150422\" rel=\"noopener\" target=\"_blank\">Hugo Henrique de Simone Souza<\/a><\/p>\n<p><a href=\"http:\/\/lattes.cnpq.br\/5347735841246647\" rel=\"noopener\" target=\"_blank\">Jonas de Sousa Correa<\/a><\/p>\n<p><a href=\"http:\/\/lattes.cnpq.br\/3272142602525829\" rel=\"noopener\" target=\"_blank\">Ma\u00edsa Hon\u00f3rio Beliz\u00e1rio<\/a><\/p>\n<p><a href=\"http:\/\/lattes.cnpq.br\/6487318383761157\" rel=\"noopener\" target=\"_blank\">Marcel Rodrigo Cavallaro<\/a><\/p>\n<p><a href=\"http:\/\/lattes.cnpq.br\/8632512286885664\" rel=\"noopener\" target=\"_blank\">Tiago Souza Mattos<\/a>","protected":false},"excerpt":{"rendered":"<p>P\u00f3s-Doutorandos Edilson Sadayuki Omoto Manoel Lucas Machado Xavier Karen Midori Takahashi Vin\u00edcius Alexandre Sikora de Souza &nbsp; Est\u00e1gio P\u00f3s-Doutoral Conclu\u00eddo Aleska Kaufmann Almeida Bruno Bernardo dos Santos Darlene Gris Dulce Bucchala Bicca Rodrigues Fernando Jorge Corr\u00eaa Magalh\u00e3es Filho Helen Rezende de Figueiredo Hugo Henrique de Simone Souza Jonas de Sousa Correa Ma\u00edsa Hon\u00f3rio Beliz\u00e1rio Marcel [&hellip;]<\/p>\n","protected":false},"author":1731,"featured_media":0,"parent":0,"menu_order":0,"comment_status":"closed","ping_status":"closed","template":"","meta":{"footnotes":""},"coauthors":[],"class_list":["post-1119","page","type-page","status-publish","hentry"],"_links":{"self":[{"href":"https:\/\/ppgta.ufms.br\/pb\/wp-json\/wp\/v2\/pages\/1119","targetHints":{"allow":["GET"]}}],"collection":[{"href":"https:\/\/ppgta.ufms.br\/pb\/wp-json\/wp\/v2\/pages"}],"about":[{"href":"https:\/\/ppgta.ufms.br\/pb\/wp-json\/wp\/v2\/types\/page"}],"author":[{"embeddable":true,"href":"https:\/\/ppgta.ufms.br\/pb\/wp-json\/wp\/v2\/users\/1731"}],"replies":[{"embeddable":true,"href":"https:\/\/ppgta.ufms.br\/pb\/wp-json\/wp\/v2\/comments?post=1119"}],"version-history":[{"count":6,"href":"https:\/\/ppgta.ufms.br\/pb\/wp-json\/wp\/v2\/pages\/1119\/revisions"}],"predecessor-version":[{"id":1725,"href":"https:\/\/ppgta.ufms.br\/pb\/wp-json\/wp\/v2\/pages\/1119\/revisions\/1725"}],"wp:attachment":[{"href":"https:\/\/ppgta.ufms.br\/pb\/wp-json\/wp\/v2\/media?parent=1119"}],"wp:term":[{"taxonomy":"author","embeddable":true,"href":"https:\/\/ppgta.ufms.br\/pb\/wp-json\/wp\/v2\/coauthors?post=1119"}],"curies":[{"name":"wp","href":"https:\/\/api.w.org\/{rel}","templated":true}]}}