{"id":88,"date":"2017-06-28T13:45:59","date_gmt":"2017-06-28T17:45:59","guid":{"rendered":"http:\/\/ppgbioanimal.draconis.ufms.br\/?page_id=88"},"modified":"2023-02-22T16:38:22","modified_gmt":"2023-02-22T20:38:22","slug":"egressos","status":"publish","type":"page","link":"https:\/\/ppgta.ufms.br\/en\/egressos\/","title":{"rendered":"Egressos"},"content":{"rendered":"<p class=\"qtranxs-available-languages-message qtranxs-available-languages-message-en\">Sorry, this entry is only available in <a href=\"https:\/\/ppgta.ufms.br\/pb\/wp-json\/wp\/v2\/pages\/88\" class=\"qtranxs-available-language-link qtranxs-available-language-link-pb\" title=\"Portugu\u00eas do Brasil\">Portugu\u00eas do Brasil<\/a>. For the sake of viewer convenience, the content is shown below in the alternative language. You may click the link to switch the active language.<\/p><p style=\"text-align: justify\">Os Egressos do PPGTA atuam principalmente como Docentes, Gestores, Fiscais, Projetistas, T\u00e9cnicos, Peritos, Pesquisadores, e vem ocupando posi\u00e7\u00f5es de destaque no Brasil e no exterior, em universidades, institutos de pesquisa, \u00f3rg\u00e3os p\u00fablicos de gest\u00e3o e regulariza\u00e7\u00e3o e empresas privadas.<\/p>\n<p style=\"text-align: justify\">Nossos Egressos s\u00e3o profissionais que atuam na \u00e1rea de Saneamento e Recursos H\u00eddricos em institui\u00e7\u00f5es p\u00fablicas e empresas privadas tais como Instituto de Meio Ambiente de Mato Grosso do Sul, Instituto Municipal de Planejamento Urbano, \u00c1guas Guariroba e ZORTEC, s\u00e3o Professores Universit\u00e1rios, e T\u00e9cnicos em institui\u00e7\u00f5es de ensino superior.<\/p>\n<p style=\"text-align: justify\">O PPGTA tem acompanhado ao longo dos anos os egressos atrav\u00e9s de contato constante dos orientadores com seus ex-alunos.<\/p>\n<p style=\"text-align: justify\">Visando ampliar a intera\u00e7\u00e3o entre Egressos e o PPGTA, a Gest\u00e3o 2018-2021, sob Coordena\u00e7\u00e3o da <a href=\"http:\/\/lattes.cnpq.br\/7494871013945299\">Prof.\u00aa Dr.\u00aa Isabel Kaufmann de Almeida<\/a>, implementou a \u201c<a href=\"https:\/\/ppgta.ufms.br\/files\/2021\/02\/RESOLUCAO-FAENG_PPGTA-n-54-de-24-08-2020.pdf\">Comiss\u00e3o de Acompanhamento de Egressos do PPGTA<\/a>&#8220;.<\/p>\n<p style=\"text-align: justify\">O Acompanhamento de Egressos visa identificar o grau de compatibilidade entre a forma\u00e7\u00e3o obtida no PPGTA e as demandas do mercado de trabalho. Dessa forma, a Comiss\u00e3o presidida pelo <a href=\"http:\/\/lattes.cnpq.br\/7754483170804600\">Prof. Dr. Carlos Nobuyoshi Ide<\/a>, tendo como membros o <a href=\"http:\/\/lattes.cnpq.br\/8133907731850115\">Prof. Dr. F\u00e1bio Ver\u00edssimo Gon\u00e7alves<\/a>, a <a href=\"http:\/\/lattes.cnpq.br\/1588477674884807\">Prof.\u00aa Dr.\u00aa Keila Roberta Ferreira de Oliveira<\/a>, o <a href=\"http:\/\/lattes.cnpq.br\/5235708918971915\">Prof. Me. Ariel Ortiz Gomes<\/a> como membro discente, elaborou o Primeiro \u201c<a href=\"https:\/\/ppgta.ufms.br\/files\/2021\/02\/Relat\u00f3rio_Egresso_REV_18.02-final.pdf\">Relat\u00f3rio de Egressos do PPGTA<\/a>\u201d, no qual, dentre outras informa\u00e7\u00f5es consta a rela\u00e7\u00e3o de todos os Egressos do Programa desde sua implanta\u00e7\u00e3o.<\/p>\n<p style=\"text-align: justify\">Na p\u00e1gina <a href=\"https:\/\/ppgta.ufms.br\/alumni-ppgta-ufms\/\">Alumni PPGTA<\/a>, alimentada pela Comiss\u00e3o de Acompanhamento de Egressos do PPGTA, s\u00e3o apresentadas demais informa\u00e7\u00f5es acerca da integra\u00e7\u00e3o entre o PPGTA e seus Egressos.<\/p>\n<p style=\"text-align: justify\">\n<p><img fetchpriority=\"high\" decoding=\"async\" class=\"size-medium wp-image-1180 aligncenter\" src=\"https:\/\/ppgta.ufms.br\/files\/2021\/02\/Egressos-212x300.png\" alt=\"\" width=\"212\" height=\"300\" srcset=\"https:\/\/ppgta.ufms.br\/files\/2021\/02\/Egressos-212x300.png 212w, https:\/\/ppgta.ufms.br\/files\/2021\/02\/Egressos-106x150.png 106w, https:\/\/ppgta.ufms.br\/files\/2021\/02\/Egressos-226x320.png 226w, https:\/\/ppgta.ufms.br\/files\/2021\/02\/Egressos.png 424w\" sizes=\"(max-width: 212px) 100vw, 212px\" \/>","protected":false},"excerpt":{"rendered":"<p>Sorry, this entry is only available in Portugu\u00eas do Brasil. For the sake of viewer convenience, the content is shown below in the alternative language. You may click the link to switch the active language.Os Egressos do PPGTA atuam principalmente como Docentes, Gestores, Fiscais, Projetistas, T\u00e9cnicos, Peritos, Pesquisadores, e vem ocupando posi\u00e7\u00f5es de destaque no [&hellip;]<\/p>\n","protected":false},"author":1731,"featured_media":0,"parent":0,"menu_order":0,"comment_status":"closed","ping_status":"closed","template":"","meta":{"footnotes":""},"coauthors":[],"class_list":["post-88","page","type-page","status-publish","hentry"],"_links":{"self":[{"href":"https:\/\/ppgta.ufms.br\/en\/wp-json\/wp\/v2\/pages\/88","targetHints":{"allow":["GET"]}}],"collection":[{"href":"https:\/\/ppgta.ufms.br\/en\/wp-json\/wp\/v2\/pages"}],"about":[{"href":"https:\/\/ppgta.ufms.br\/en\/wp-json\/wp\/v2\/types\/page"}],"author":[{"embeddable":true,"href":"https:\/\/ppgta.ufms.br\/en\/wp-json\/wp\/v2\/users\/1731"}],"replies":[{"embeddable":true,"href":"https:\/\/ppgta.ufms.br\/en\/wp-json\/wp\/v2\/comments?post=88"}],"version-history":[{"count":12,"href":"https:\/\/ppgta.ufms.br\/en\/wp-json\/wp\/v2\/pages\/88\/revisions"}],"predecessor-version":[{"id":1498,"href":"https:\/\/ppgta.ufms.br\/en\/wp-json\/wp\/v2\/pages\/88\/revisions\/1498"}],"wp:attachment":[{"href":"https:\/\/ppgta.ufms.br\/en\/wp-json\/wp\/v2\/media?parent=88"}],"wp:term":[{"taxonomy":"author","embeddable":true,"href":"https:\/\/ppgta.ufms.br\/en\/wp-json\/wp\/v2\/coauthors?post=88"}],"curies":[{"name":"wp","href":"https:\/\/api.w.org\/{rel}","templated":true}]}}