{"id":550,"date":"2018-02-26T16:08:01","date_gmt":"2018-02-26T20:08:01","guid":{"rendered":"https:\/\/ppgta.ufms.br\/?page_id=550"},"modified":"2018-02-26T16:10:27","modified_gmt":"2018-02-26T20:10:27","slug":"thiago-rangel-rodrigues","status":"publish","type":"page","link":"https:\/\/ppgta.ufms.br\/en\/docentes\/thiago-rangel-rodrigues\/","title":{"rendered":"(Portugu\u00eas do Brasil) Thiago Rangel Rodrigues"},"content":{"rendered":"<p class=\"qtranxs-available-languages-message qtranxs-available-languages-message-en\">Sorry, this entry is only available in <a href=\"https:\/\/ppgta.ufms.br\/pb\/wp-json\/wp\/v2\/pages\/550\" class=\"qtranxs-available-language-link qtranxs-available-language-link-pb\" title=\"Portugu\u00eas do Brasil\">Portugu\u00eas do Brasil<\/a>. For the sake of viewer convenience, the content is shown below in the alternative language. You may click the link to switch the active language.<\/p><img fetchpriority=\"high\" decoding=\"async\" class=\"aligncenter\" src=\"http:\/\/servicosweb.cnpq.br\/wspessoa\/servletrecuperafoto?tipo=1&amp;id=K4278864A6\" width=\"294\" height=\"259\" \/><\/p>\n<h3><strong>Endere\u00e7o<\/strong><\/h3>\n<ul>\n<li style=\"text-align: left\">Sala:<\/li>\n<li style=\"text-align: left\">Unidade:<\/li>\n<li style=\"text-align: left\">Mapa:<\/li>\n<li style=\"text-align: left\">E-mail: thiagorangel@pgfa.ufmt.br<\/li>\n<li style=\"text-align: left\">Telefone: 67 3345\u00a0XXXX<\/li>\n<\/ul>\n<h3 style=\"text-align: left\"><strong>Educa\u00e7\u00e3o<\/strong><\/h3>\n<ul>\n<li>2006-2009:\u00a0Licenciatura Plena em F\u00edsica, Universidade Federal de Mato Grosso, UFMT, Brasil<\/li>\n<li>2010-2011: Mestrado em F\u00edsica Ambiental,\u00a0Universidade Federal de Mato Grosso, UFMT, Brasil<\/li>\n<li>2011-2014: Doutorado em F\u00edsica Ambiental,\u00a0Universidade Federal de Mato Grosso, UFMT, Brasil,\u00a0 com\u00a0<b>per\u00edodo\u00a0<\/b><b>sandu\u00edche\u00a0<\/b>em California State University San Marcos<\/li>\n<li>2014-2017: P\u00f3s-Doutorado, Universidade Federal de Mato Grosso, UFMT, Brasil<\/li>\n<\/ul>\n<h3><strong>\u00c1reas de Interesse<\/strong><\/h3>\n<p>F\u00edsica aplicada em sistemas ambientais atuando principalmente com modelagem de par\u00e2metros Biof\u00edsicos que controlam o interc\u00e2mbio energ\u00e9tico e gasoso (vapor d&#8217;\u00e1gua e CO2) entre a superf\u00edcie vegetada e a camada limite atmosf\u00e9rica utilizando m\u00e9todos de Correla\u00e7\u00e3o de V\u00f3rtices Turbulentos (EDDY COVARIANCE), analisando as varia\u00e7\u00f5es microclim\u00e1ticas nos Biomas Cerrado e Pantanal.<\/p>\n<h3 style=\"text-align: left\"><strong>Curr\u00edculo<\/strong><\/h3>\n<p><a href=\"http:\/\/lattes.cnpq.br\/7044858666359931\" target=\"_blank\" rel=\"noopener noreferrer\">Curr\u00edculo Lattes<\/a><\/p>\n<h3 style=\"text-align: left\"><strong>Experi\u00eancia<\/strong><\/h3>\n<ul>\n<li><\/li>\n<\/ul>\n<h3><strong>Disciplinas<\/strong><\/h3>\n<p><em>Gradua\u00e7\u00e3o:<\/em><\/p>\n<ul>\n<li>F\u00edsica Aplicada a Zootecnia<\/li>\n<li>F\u00edsica Experimental<\/li>\n<li>Fundamentos da Mec\u00e2nica dos Fluidos<\/li>\n<\/ul>\n<p><em>P\u00f3s-gradua\u00e7\u00e3o:<\/em><\/p>\n<ul>\n<li>Teoria em F\u00edsica Ambiental<\/li>\n<li>F\u00edsica da Atmosfera<\/li>\n<\/ul>","protected":false},"excerpt":{"rendered":"<p>Sorry, this entry is only available in Portugu\u00eas do Brasil. For the sake of viewer convenience, the content is shown below in the alternative language. You may click the link to switch the active language. Endere\u00e7o Sala: Unidade: Mapa: E-mail: thiagorangel@pgfa.ufmt.br Telefone: 67 3345\u00a0XXXX Educa\u00e7\u00e3o 2006-2009:\u00a0Licenciatura Plena em F\u00edsica, Universidade Federal de Mato Grosso, UFMT, [&hellip;]<\/p>\n","protected":false},"author":3160,"featured_media":0,"parent":82,"menu_order":0,"comment_status":"closed","ping_status":"closed","template":"","meta":{"footnotes":""},"coauthors":[],"class_list":["post-550","page","type-page","status-publish","hentry"],"_links":{"self":[{"href":"https:\/\/ppgta.ufms.br\/en\/wp-json\/wp\/v2\/pages\/550","targetHints":{"allow":["GET"]}}],"collection":[{"href":"https:\/\/ppgta.ufms.br\/en\/wp-json\/wp\/v2\/pages"}],"about":[{"href":"https:\/\/ppgta.ufms.br\/en\/wp-json\/wp\/v2\/types\/page"}],"author":[{"embeddable":true,"href":"https:\/\/ppgta.ufms.br\/en\/wp-json\/wp\/v2\/users\/3160"}],"replies":[{"embeddable":true,"href":"https:\/\/ppgta.ufms.br\/en\/wp-json\/wp\/v2\/comments?post=550"}],"version-history":[{"count":2,"href":"https:\/\/ppgta.ufms.br\/en\/wp-json\/wp\/v2\/pages\/550\/revisions"}],"predecessor-version":[{"id":552,"href":"https:\/\/ppgta.ufms.br\/en\/wp-json\/wp\/v2\/pages\/550\/revisions\/552"}],"up":[{"embeddable":true,"href":"https:\/\/ppgta.ufms.br\/en\/wp-json\/wp\/v2\/pages\/82"}],"wp:attachment":[{"href":"https:\/\/ppgta.ufms.br\/en\/wp-json\/wp\/v2\/media?parent=550"}],"wp:term":[{"taxonomy":"author","embeddable":true,"href":"https:\/\/ppgta.ufms.br\/en\/wp-json\/wp\/v2\/coauthors?post=550"}],"curies":[{"name":"wp","href":"https:\/\/api.w.org\/{rel}","templated":true}]}}