{"id":53,"date":"2017-06-28T13:33:16","date_gmt":"2017-06-28T17:33:16","guid":{"rendered":"http:\/\/ppgbioanimal.draconis.ufms.br\/?page_id=53"},"modified":"2024-02-29T10:41:25","modified_gmt":"2024-02-29T14:41:25","slug":"coordenacao","status":"publish","type":"page","link":"https:\/\/ppgta.ufms.br\/en\/coordenacao\/","title":{"rendered":"Course coordinator"},"content":{"rendered":"The course is being administered by the board, made up of the course coordinator and three more permanent professors, all elected for a two-year mandate. Since October 2023, the board is composed of: Marc Arpad Boncz (president), Amilcar Machulek Jr., Antonio Concei\u00e7\u00e3o Paranhos Filho, and Jos\u00e9 Marcato Junior.<\/p>\n<p><span style=\"font-family: arial, helvetica, sans-serif;font-size: 14pt\"><strong>Course coordinator &#8211; 20.09.2023 &#8211; <a href=\"http:\/\/lattes.cnpq.br\/6356969961148023\">Marc \u00c1rp\u00e1d Boncz<\/a><\/strong><\/span><\/p>\n<p class=\"resumo\"><img decoding=\"async\" class=\"alignnone size-medium wp-image-1653 aligncenter\" src=\"https:\/\/ppgta.ufms.br\/files\/2023\/11\/Marc_Eficient_2023_reduced-300x200.jpg\" alt=\"\" width=\"300\" height=\"200\" srcset=\"https:\/\/ppgta.ufms.br\/files\/2023\/11\/Marc_Eficient_2023_reduced-300x200.jpg 300w, https:\/\/ppgta.ufms.br\/files\/2023\/11\/Marc_Eficient_2023_reduced-150x100.jpg 150w, https:\/\/ppgta.ufms.br\/files\/2023\/11\/Marc_Eficient_2023_reduced-768x513.jpg 768w, https:\/\/ppgta.ufms.br\/files\/2023\/11\/Marc_Eficient_2023_reduced-479x320.jpg 479w, https:\/\/ppgta.ufms.br\/files\/2023\/11\/Marc_Eficient_2023_reduced-350x233.jpg 350w, https:\/\/ppgta.ufms.br\/files\/2023\/11\/Marc_Eficient_2023_reduced.jpg 1024w\" sizes=\"(max-width: 300px) 100vw, 300px\" \/><\/p>\n<p class=\"resumo\">Dutch, with a bachelors and master in Organic Chemistry, obtained under supervision of prof. Bickelhaupt (Vrije Universiteit Amsterdam, Netherlands, 1993), and a Ph.D. in Environmental Technology (Wageningen University &amp; Research Centre, Netherlands, 2002). Started in 2006 as a researcher (DCR grant from CNPq) at the Federal University of Mato Grosso do Sul (UFMS), became assistant professor in 2013, responsible for several research projects, mainly in the area of water recovery and reuse, and bioenergy production (biogas, biomethane and biodiesel) from effluents, especially alcohol distillery vinasses and domestic sewage. Between august 2017 and november 2018 spent 16 month doing a post-doc at the Delft University of Technology (TU Delft) in Delft, the Netherlands, participating in the Zero Brine EU project, having as the main goal the recovery of materials from industrial effluents. A researcher with experience in Sanitary Engineering, focusing mainly on advanced wastewater treatment technologies, and active mainly in the following fields: treatment of industrial wastewaters, anaerobic digestion and denitrification, ozonization, reaction kinetics, and with experience in programming (software and telemetry), and modelling and instrumentation.<\/p>\n<ul>\n<li style=\"text-align: left\"><span style=\"font-family: arial, helvetica, sans-serif;font-size: 12pt\"><strong>Course coordinator from 1.09.2022 until 19.09.2023 &#8211; <\/strong><strong><a href=\"http:\/\/lattes.cnpq.br\/5149856612324019\">Paulo Tarso Sanches de Oliveira<\/a><\/strong><\/span><\/li>\n<li style=\"text-align: left\"><span style=\"font-family: arial, helvetica, sans-serif;font-size: 12pt\"><strong>Course coordinator from 29.08.2018 until 31.08.2022 &#8211; <\/strong><strong><a href=\"http:\/\/lattes.cnpq.br\/7494871013945299\">Isabel Kaufmann de Almeida<\/a><\/strong><\/span><\/li>\n<li style=\"text-align: left\"><span style=\"font-size: 12pt;font-family: arial, helvetica, sans-serif\"><strong>Course coordinator from 2015 until 28.08.2018 \u2013 <a href=\"http:\/\/lattes.cnpq.br\/8377932686189760\">Johannes Gerson Janzen<\/a><\/strong><\/span><\/li>\n<li style=\"text-align: left\"><span style=\"font-size: 12pt;font-family: arial, helvetica, sans-serif\"><strong>Course coordinator from 2012 until 2015 \u2013 <a href=\"http:\/\/lattes.cnpq.br\/7671945473090510\">Paula Loureiro Paulo<\/a><\/strong><\/span><\/li>\n<li style=\"text-align: left\"><span style=\"font-size: 12pt;font-family: arial, helvetica, sans-serif\"><strong>Course coordinator from 2007 until 2012 \u2013 <a href=\"http:\/\/lattes.cnpq.br\/8947362945273719\">Teodorico Alves Sobrinho<\/a><\/strong><\/span><\/li>\n<li style=\"text-align: left\"><span style=\"font-size: 12pt;font-family: arial, helvetica, sans-serif\"><strong>Course coordinator from 2006 until 2007 \u2013 <a href=\"http:\/\/lattes.cnpq.br\/1407441328680158\">Maria L\u00facia Ribeiro<\/a><\/strong><\/span><\/li>\n<li style=\"text-align: left\"><span style=\"font-size: 12pt;font-family: arial, helvetica, sans-serif\"><strong>Course coordinator from 2002 until 2006 \u2013 <a href=\"http:\/\/lattes.cnpq.br\/6297358376508498\">Robert Schiaveto de Souza<\/a>\u00a0<\/strong><\/span><\/li>\n<li style=\"text-align: left\"><span style=\"font-size: 12pt;font-family: arial, helvetica, sans-serif\"><strong>Course coordinator from 2000 until 2002 \u2013 <a href=\"http:\/\/lattes.cnpq.br\/7754483170804600\">Carlos Nobuyoshi Ide<\/a><\/strong><\/span><\/li>\n<li style=\"text-align: left\"><span style=\"font-size: 12pt;font-family: arial, helvetica, sans-serif\"><strong>Coordinator of the project for implementation of the PPGTA in 1996 \u2013 <a href=\"http:\/\/lattes.cnpq.br\/7754483170804600\">Carlos Nobuyoshi Ide<\/a><\/strong><\/span><\/li>\n<\/ul>","protected":false},"excerpt":{"rendered":"<p>The course is being administered by the board, made up of the course coordinator and three more permanent professors, all elected for a two-year mandate. Since October 2023, the board is composed of: Marc Arpad Boncz (president), Amilcar Machulek Jr., Antonio Concei\u00e7\u00e3o Paranhos Filho, and Jos\u00e9 Marcato Junior. Course coordinator &#8211; 20.09.2023 &#8211; Marc \u00c1rp\u00e1d [&hellip;]<\/p>\n","protected":false},"author":1731,"featured_media":0,"parent":0,"menu_order":0,"comment_status":"closed","ping_status":"closed","template":"","meta":{"footnotes":""},"coauthors":[],"class_list":["post-53","page","type-page","status-publish","hentry"],"_links":{"self":[{"href":"https:\/\/ppgta.ufms.br\/en\/wp-json\/wp\/v2\/pages\/53","targetHints":{"allow":["GET"]}}],"collection":[{"href":"https:\/\/ppgta.ufms.br\/en\/wp-json\/wp\/v2\/pages"}],"about":[{"href":"https:\/\/ppgta.ufms.br\/en\/wp-json\/wp\/v2\/types\/page"}],"author":[{"embeddable":true,"href":"https:\/\/ppgta.ufms.br\/en\/wp-json\/wp\/v2\/users\/1731"}],"replies":[{"embeddable":true,"href":"https:\/\/ppgta.ufms.br\/en\/wp-json\/wp\/v2\/comments?post=53"}],"version-history":[{"count":32,"href":"https:\/\/ppgta.ufms.br\/en\/wp-json\/wp\/v2\/pages\/53\/revisions"}],"predecessor-version":[{"id":1767,"href":"https:\/\/ppgta.ufms.br\/en\/wp-json\/wp\/v2\/pages\/53\/revisions\/1767"}],"wp:attachment":[{"href":"https:\/\/ppgta.ufms.br\/en\/wp-json\/wp\/v2\/media?parent=53"}],"wp:term":[{"taxonomy":"author","embeddable":true,"href":"https:\/\/ppgta.ufms.br\/en\/wp-json\/wp\/v2\/coauthors?post=53"}],"curies":[{"name":"wp","href":"https:\/\/api.w.org\/{rel}","templated":true}]}}