{"id":289,"date":"2017-07-18T03:22:05","date_gmt":"2017-07-18T07:22:05","guid":{"rendered":"https:\/\/ppgta.ufms.br\/?page_id=289"},"modified":"2017-10-27T12:42:38","modified_gmt":"2017-10-27T15:42:38","slug":"dulce","status":"publish","type":"page","link":"https:\/\/ppgta.ufms.br\/en\/docentes\/dulce\/","title":{"rendered":"(Portugu\u00eas do Brasil) Dulce B. B. Rodrigues"},"content":{"rendered":"<p class=\"qtranxs-available-languages-message qtranxs-available-languages-message-en\">Sorry, this entry is only available in <a href=\"https:\/\/ppgta.ufms.br\/pb\/wp-json\/wp\/v2\/pages\/289\" class=\"qtranxs-available-language-link qtranxs-available-language-link-pb\" title=\"Portugu\u00eas do Brasil\">Portugu\u00eas do Brasil<\/a>. For the sake of viewer convenience, the content is shown below in the alternative language. You may click the link to switch the active language.<\/p><img fetchpriority=\"high\" decoding=\"async\" class=\"aligncenter size-full wp-image-322\" src=\"https:\/\/ppgta.ufms.br\/files\/2017\/08\/perfil2.png\" alt=\"\" width=\"700\" height=\"300\" \/><\/p>\n<h1 style=\"text-align: center\"><\/h1>\n<table class=\" aligncenter\" style=\"width: 700px\" border=\"1\">\n<tbody>\n<tr>\n<td style=\"width: 175px;text-align: center\">\n<p>UFMS<\/p>\n<p>Unidade 7-A<\/p>\n<p>Sala 1234<\/td>\n<td style=\"width: 175px;text-align: center\">email@ufms.br<\/td>\n<td style=\"width: 175px;text-align: center\">(67)3345-xxxx<\/td>\n<td style=\"width: 175px;text-align: center\">Curriculo?<\/td>\n<\/tr>\n<\/tbody>\n<\/table>\n<p>&nbsp;<\/p>\n<table class=\" aligncenter\" style=\"height: 276px\" width=\"439\">\n<tbody>\n<tr>\n<td style=\"width: 200px;text-align: center;vertical-align: top\" colspan=\"3\">\n<h1><strong>Educa\u00e7\u00e3o<\/strong><\/h1>\n<\/td>\n<\/tr>\n<tr>\n<td style=\"width: 200px;text-align: center;vertical-align: center\">\n<h2>1991<\/h2>\n<p>UFMS<\/p>\n<p>Gradua\u00e7\u00e3o<\/td>\n<td style=\"width: 200px;text-align: center;vertical-align: center\">\n<h2>1995<\/h2>\n<p>UFMS<\/p>\n<p>Mestrado<\/td>\n<td style=\"width: 200px;text-align: center;vertical-align: center\">\n<h2>1997<\/h2>\n<p>Unicamp<\/p>\n<p>Doutorado<\/td>\n<\/tr>\n<\/tbody>\n<\/table>\n<h1 style=\"text-align: left\">\u00c1rea de Interesse<\/h1>\n<p>&nbsp;<\/p>\n<h1 style=\"text-align: left\">Curr\u00edculo<\/h1>\n<p>&nbsp;<\/p>\n<h1 style=\"text-align: left\">Experi\u00eancia<\/h1>\n<p>&nbsp;<\/p>\n<h1 style=\"text-align: left\">Disciplinas<\/h1>\n<p>&nbsp;","protected":false},"excerpt":{"rendered":"<p>Sorry, this entry is only available in Portugu\u00eas do Brasil. For the sake of viewer convenience, the content is shown below in the alternative language. You may click the link to switch the active language. UFMS Unidade 7-A Sala 1234 email@ufms.br (67)3345-xxxx Curriculo? &nbsp; Educa\u00e7\u00e3o 1991 UFMS Gradua\u00e7\u00e3o 1995 UFMS Mestrado 1997 Unicamp Doutorado \u00c1rea [&hellip;]<\/p>\n","protected":false},"author":570,"featured_media":0,"parent":82,"menu_order":0,"comment_status":"closed","ping_status":"closed","template":"","meta":{"footnotes":""},"coauthors":[],"class_list":["post-289","page","type-page","status-publish","hentry"],"_links":{"self":[{"href":"https:\/\/ppgta.ufms.br\/en\/wp-json\/wp\/v2\/pages\/289","targetHints":{"allow":["GET"]}}],"collection":[{"href":"https:\/\/ppgta.ufms.br\/en\/wp-json\/wp\/v2\/pages"}],"about":[{"href":"https:\/\/ppgta.ufms.br\/en\/wp-json\/wp\/v2\/types\/page"}],"author":[{"embeddable":true,"href":"https:\/\/ppgta.ufms.br\/en\/wp-json\/wp\/v2\/users\/570"}],"replies":[{"embeddable":true,"href":"https:\/\/ppgta.ufms.br\/en\/wp-json\/wp\/v2\/comments?post=289"}],"version-history":[{"count":2,"href":"https:\/\/ppgta.ufms.br\/en\/wp-json\/wp\/v2\/pages\/289\/revisions"}],"predecessor-version":[{"id":385,"href":"https:\/\/ppgta.ufms.br\/en\/wp-json\/wp\/v2\/pages\/289\/revisions\/385"}],"up":[{"embeddable":true,"href":"https:\/\/ppgta.ufms.br\/en\/wp-json\/wp\/v2\/pages\/82"}],"wp:attachment":[{"href":"https:\/\/ppgta.ufms.br\/en\/wp-json\/wp\/v2\/media?parent=289"}],"wp:term":[{"taxonomy":"author","embeddable":true,"href":"https:\/\/ppgta.ufms.br\/en\/wp-json\/wp\/v2\/coauthors?post=289"}],"curies":[{"name":"wp","href":"https:\/\/api.w.org\/{rel}","templated":true}]}}