{"id":278,"date":"2017-07-18T03:05:52","date_gmt":"2017-07-18T07:05:52","guid":{"rendered":"https:\/\/ppgta.ufms.br\/?page_id=278"},"modified":"2018-02-26T15:32:35","modified_gmt":"2018-02-26T19:32:35","slug":"paulo","status":"publish","type":"page","link":"https:\/\/ppgta.ufms.br\/en\/docentes\/paulo\/","title":{"rendered":"(Portugu\u00eas do Brasil) Paulo T. S. de Oliveira"},"content":{"rendered":"<p class=\"qtranxs-available-languages-message qtranxs-available-languages-message-en\">Sorry, this entry is only available in <a href=\"https:\/\/ppgta.ufms.br\/pb\/wp-json\/wp\/v2\/pages\/278\" class=\"qtranxs-available-language-link qtranxs-available-language-link-pb\" title=\"Portugu\u00eas do Brasil\">Portugu\u00eas do Brasil<\/a>. For the sake of viewer convenience, the content is shown below in the alternative language. You may click the link to switch the active language.<\/p><img decoding=\"async\" class=\"aligncenter\" src=\"http:\/\/servicosweb.cnpq.br\/wspessoa\/servletrecuperafoto?tipo=1&amp;id=K4231726P7\" \/><\/p>\n<h3><strong>Endere\u00e7o<\/strong><\/h3>\n<ul>\n<li style=\"text-align: left\">Sala:<\/li>\n<li style=\"text-align: left\">Unidade: 7B<\/li>\n<li style=\"text-align: left\">Mapa:<\/li>\n<li style=\"text-align: left\">E-mail: paulotarsoms@gmail.com<\/li>\n<li style=\"text-align: left\">Telefone: 67 3345 XXXX<\/li>\n<\/ul>\n<h3 style=\"text-align: left\"><strong>Educa\u00e7\u00e3o<\/strong><\/h3>\n<ul>\n<li>2004-2008: Gradua\u00e7\u00e3o em Engenharia Ambiental,\u00a0Universidade Federal de Mato Grosso do Sul, UFMS, Brasil<\/li>\n<li>2009-2011: Mestrado em Tecnologias Ambientais,\u00a0Universidade Federal de Mato Grosso do Sul, UFMS, Brasil<\/li>\n<li>2011-2014: Doutorado em Engenharia Hidr\u00e1ulica e Saneamento,\u00a0Universidade de S\u00e3o Paulo, USP, Brasil,\u00a0com\u00a0<b>per\u00edodo\u00a0<\/b><b>sandu\u00edche\u00a0<\/b>em United States Department of Agriculture<\/li>\n<li>2015-2015: P\u00f3s-Doutorado em Engenharia Hidr\u00e1ulica e Saneamento,\u00a0Universidade de S\u00e3o Paulo, USP, Brasil<\/li>\n<\/ul>\n<h3><strong>\u00c1reas de Interesse<\/strong><\/h3>\n<p>Hidrologia e Recursos H\u00eddricos, atuando principalmente nos seguintes temas: processos hidrol\u00f3gicos; ecohidrologia; balan\u00e7o h\u00eddrico; aplica\u00e7\u00e3o de dados de sensoriamento remoto na hidrologia; modelagem hidrol\u00f3gica; impactos das mudan\u00e7as clim\u00e1ticas e de uso\/cobertura do solo nos processos hidrol\u00f3gicos e de eros\u00e3o do solo; eros\u00e3o h\u00eddrica; modelagem da eros\u00e3o do solo; planejamento do uso do solo; zoneamento ambiental; conserva\u00e7\u00e3o do solo e da \u00e1gua; quantifica\u00e7\u00e3o de servi\u00e7os ambientais; water-energy-food nexus; water and food security.<\/p>\n<h3 style=\"text-align: left\"><strong>Curr\u00edculo<\/strong><\/h3>\n<p><a href=\"http:\/\/lattes.cnpq.br\/5149856612324019\" target=\"_blank\" rel=\"noopener noreferrer\">Curr\u00edculo Lattes<\/a><\/p>\n<h3 style=\"text-align: left\"><strong>Experi\u00eancia<\/strong><\/h3>\n<ul>\n<li><\/li>\n<\/ul>\n<h3><strong>Disciplinas<\/strong><\/h3>\n<p><em>Gradua\u00e7\u00e3o:<\/em><\/p>\n<ul>\n<li>Eros\u00e3o e Conserva\u00e7\u00e3o do Solo<\/li>\n<li>Modelagem de Sistemas Ambientais<\/li>\n<li>Hidrologia<\/li>\n<li>Hidrologia Aplicada<\/li>\n<\/ul>\n<p><em>P\u00f3s-gradua\u00e7\u00e3o:<\/em><\/p>\n<ul>\n<li>Tecnologias Aplicadas \u00e0 Conserva\u00e7\u00e3o do Solo<\/li>\n<li>Hidrologia<\/li>\n<\/ul>","protected":false},"excerpt":{"rendered":"<p>Sorry, this entry is only available in Portugu\u00eas do Brasil. For the sake of viewer convenience, the content is shown below in the alternative language. You may click the link to switch the active language. Endere\u00e7o Sala: Unidade: 7B Mapa: E-mail: paulotarsoms@gmail.com Telefone: 67 3345 XXXX Educa\u00e7\u00e3o 2004-2008: Gradua\u00e7\u00e3o em Engenharia Ambiental,\u00a0Universidade Federal de Mato [&hellip;]<\/p>\n","protected":false},"author":570,"featured_media":0,"parent":82,"menu_order":0,"comment_status":"closed","ping_status":"closed","template":"","meta":{"footnotes":""},"coauthors":[],"class_list":["post-278","page","type-page","status-publish","hentry"],"_links":{"self":[{"href":"https:\/\/ppgta.ufms.br\/en\/wp-json\/wp\/v2\/pages\/278","targetHints":{"allow":["GET"]}}],"collection":[{"href":"https:\/\/ppgta.ufms.br\/en\/wp-json\/wp\/v2\/pages"}],"about":[{"href":"https:\/\/ppgta.ufms.br\/en\/wp-json\/wp\/v2\/types\/page"}],"author":[{"embeddable":true,"href":"https:\/\/ppgta.ufms.br\/en\/wp-json\/wp\/v2\/users\/570"}],"replies":[{"embeddable":true,"href":"https:\/\/ppgta.ufms.br\/en\/wp-json\/wp\/v2\/comments?post=278"}],"version-history":[{"count":5,"href":"https:\/\/ppgta.ufms.br\/en\/wp-json\/wp\/v2\/pages\/278\/revisions"}],"predecessor-version":[{"id":542,"href":"https:\/\/ppgta.ufms.br\/en\/wp-json\/wp\/v2\/pages\/278\/revisions\/542"}],"up":[{"embeddable":true,"href":"https:\/\/ppgta.ufms.br\/en\/wp-json\/wp\/v2\/pages\/82"}],"wp:attachment":[{"href":"https:\/\/ppgta.ufms.br\/en\/wp-json\/wp\/v2\/media?parent=278"}],"wp:term":[{"taxonomy":"author","embeddable":true,"href":"https:\/\/ppgta.ufms.br\/en\/wp-json\/wp\/v2\/coauthors?post=278"}],"curies":[{"name":"wp","href":"https:\/\/api.w.org\/{rel}","templated":true}]}}