{"id":276,"date":"2017-07-18T03:01:16","date_gmt":"2017-07-18T07:01:16","guid":{"rendered":"https:\/\/ppgta.ufms.br\/?page_id=276"},"modified":"2018-02-26T15:14:42","modified_gmt":"2018-02-26T19:14:42","slug":"paula","status":"publish","type":"page","link":"https:\/\/ppgta.ufms.br\/en\/docentes\/paula\/","title":{"rendered":"(Portugu\u00eas do Brasil) Paula Loureiro Paulo"},"content":{"rendered":"<p class=\"qtranxs-available-languages-message qtranxs-available-languages-message-en\">Sorry, this entry is only available in <a href=\"https:\/\/ppgta.ufms.br\/pb\/wp-json\/wp\/v2\/pages\/276\" class=\"qtranxs-available-language-link qtranxs-available-language-link-pb\" title=\"Portugu\u00eas do Brasil\">Portugu\u00eas do Brasil<\/a>. For the sake of viewer convenience, the content is shown below in the alternative language. You may click the link to switch the active language.<\/p><img fetchpriority=\"high\" decoding=\"async\" class=\"alignnone size-full wp-image-215 aligncenter\" src=\"https:\/\/ppgta.ufms.br\/files\/2017\/06\/paula1.png\" alt=\"\" width=\"225\" height=\"225\" srcset=\"https:\/\/ppgta.ufms.br\/files\/2017\/06\/paula1.png 225w, https:\/\/ppgta.ufms.br\/files\/2017\/06\/paula1-150x150.png 150w\" sizes=\"(max-width: 225px) 100vw, 225px\" \/><\/p>\n<h3><strong>Endere\u00e7o<\/strong><\/h3>\n<ul>\n<li style=\"text-align: left\">Sala:<\/li>\n<li style=\"text-align: left\">Unidade: 7B<\/li>\n<li style=\"text-align: left\">Mapa:<\/li>\n<li style=\"text-align: left\">E-mail: ppaulo.ufms@gmail.com<\/li>\n<li style=\"text-align: left\">Telefone: 67 3345\u00a0XXXX<\/li>\n<\/ul>\n<h3 style=\"text-align: left\"><strong>Educa\u00e7\u00e3o<\/strong><\/h3>\n<ul>\n<li>1985-1992: Gradua\u00e7\u00e3o em Engenharia Qu\u00edmica, Universidade Estadual de Maring\u00e1, UEM, Brasil<\/li>\n<li>1996-1997: Mestrado em Engenharia de Sa\u00fade P\u00fablica,\u00a0Leeds University, Inglaterra.<\/li>\n<li>1999-2002: Doutorado em Ci\u00eancias Ambientais,\u00a0Wageningen University And Research Centrum, WUR, Holanda<\/li>\n<li>2005-2006: Especializa\u00e7\u00e3o em Ecological Alternatives in Sanitation,\u00a0Swedish International Development Agency, SIDA, Su\u00e9cia<\/li>\n<li>2003: P\u00f3s-Doutorado,\u00a0Wageningen University and Research Centrum, WUR, Holanda<\/li>\n<\/ul>\n<h3><strong>\u00c1reas de Interesse<\/strong><\/h3>\n<p>Digest\u00e3o anaer\u00f3bia e saneamento focado em recursos, atuando principalmente nos seguintes temas: sistemas naturais de tratamento, tratamento e reuso de efluentes dom\u00e9sticos e agroindustriais.<\/p>\n<h3 style=\"text-align: left\"><strong>Curr\u00edculo<\/strong><\/h3>\n<p><a href=\"http:\/\/lattes.cnpq.br\/7671945473090510\" target=\"_blank\" rel=\"noopener noreferrer\">Curr\u00edculo Lattes<\/a><\/p>\n<h3 style=\"text-align: left\"><strong>Experi\u00eancia<\/strong><\/h3>\n<ul>\n<li>2012-2015: Coordenadora do\u00a0Programa de P\u00f3s-Gradua\u00e7\u00e3o em Tecnologias Ambientais<\/li>\n<li>2009-2012: Coordenadora do\u00a0Curso de Engenharia Ambiental<\/li>\n<\/ul>\n<h3><strong>Disciplinas<\/strong><\/h3>\n<p><em>Gradua\u00e7\u00e3o:<\/em><\/p>\n<ul>\n<li>Controle e Gest\u00e3o da Polui\u00e7\u00e3o Industrial<\/li>\n<li>Res\u00edduos S\u00f3lidos Urbanos<\/li>\n<li>Engenharia de Sa\u00fade P\u00fablica<\/li>\n<\/ul>\n<p><em>P\u00f3s-gradua\u00e7\u00e3o:<\/em><\/p>\n<ul>\n<li>Processos Unit\u00e1rios de Tratamento de \u00c1gua e Esgoto<\/li>\n<li>Alternativas ecol\u00f3gicas em saneamento<\/li>\n<\/ul>","protected":false},"excerpt":{"rendered":"<p>Sorry, this entry is only available in Portugu\u00eas do Brasil. For the sake of viewer convenience, the content is shown below in the alternative language. You may click the link to switch the active language. Endere\u00e7o Sala: Unidade: 7B Mapa: E-mail: ppaulo.ufms@gmail.com Telefone: 67 3345\u00a0XXXX Educa\u00e7\u00e3o 1985-1992: Gradua\u00e7\u00e3o em Engenharia Qu\u00edmica, Universidade Estadual de Maring\u00e1, [&hellip;]<\/p>\n","protected":false},"author":570,"featured_media":0,"parent":82,"menu_order":0,"comment_status":"closed","ping_status":"closed","template":"","meta":{"footnotes":""},"coauthors":[],"class_list":["post-276","page","type-page","status-publish","hentry"],"_links":{"self":[{"href":"https:\/\/ppgta.ufms.br\/en\/wp-json\/wp\/v2\/pages\/276","targetHints":{"allow":["GET"]}}],"collection":[{"href":"https:\/\/ppgta.ufms.br\/en\/wp-json\/wp\/v2\/pages"}],"about":[{"href":"https:\/\/ppgta.ufms.br\/en\/wp-json\/wp\/v2\/types\/page"}],"author":[{"embeddable":true,"href":"https:\/\/ppgta.ufms.br\/en\/wp-json\/wp\/v2\/users\/570"}],"replies":[{"embeddable":true,"href":"https:\/\/ppgta.ufms.br\/en\/wp-json\/wp\/v2\/comments?post=276"}],"version-history":[{"count":4,"href":"https:\/\/ppgta.ufms.br\/en\/wp-json\/wp\/v2\/pages\/276\/revisions"}],"predecessor-version":[{"id":539,"href":"https:\/\/ppgta.ufms.br\/en\/wp-json\/wp\/v2\/pages\/276\/revisions\/539"}],"up":[{"embeddable":true,"href":"https:\/\/ppgta.ufms.br\/en\/wp-json\/wp\/v2\/pages\/82"}],"wp:attachment":[{"href":"https:\/\/ppgta.ufms.br\/en\/wp-json\/wp\/v2\/media?parent=276"}],"wp:term":[{"taxonomy":"author","embeddable":true,"href":"https:\/\/ppgta.ufms.br\/en\/wp-json\/wp\/v2\/coauthors?post=276"}],"curies":[{"name":"wp","href":"https:\/\/api.w.org\/{rel}","templated":true}]}}