{"id":267,"date":"2017-07-18T02:54:07","date_gmt":"2017-07-18T06:54:07","guid":{"rendered":"https:\/\/ppgta.ufms.br\/?page_id=267"},"modified":"2018-02-26T14:53:32","modified_gmt":"2018-02-26T18:53:32","slug":"kennedy","status":"publish","type":"page","link":"https:\/\/ppgta.ufms.br\/en\/docentes\/kennedy\/","title":{"rendered":"(Portugu\u00eas do Brasil) Kennedy Francis Roche"},"content":{"rendered":"<p class=\"qtranxs-available-languages-message qtranxs-available-languages-message-en\">Sorry, this entry is only available in <a href=\"https:\/\/ppgta.ufms.br\/pb\/wp-json\/wp\/v2\/pages\/267\" class=\"qtranxs-available-language-link qtranxs-available-language-link-pb\" title=\"Portugu\u00eas do Brasil\">Portugu\u00eas do Brasil<\/a>. For the sake of viewer convenience, the content is shown below in the alternative language. You may click the link to switch the active language.<\/p><strong>Endere\u00e7o<\/strong><\/p>\n<ul>\n<li style=\"text-align: left\">Sala:<\/li>\n<li style=\"text-align: left\">Unidade:<\/li>\n<li style=\"text-align: left\">Mapa:<\/li>\n<li style=\"text-align: left\">E-mail: kennedy.roche@ufms.br<\/li>\n<li style=\"text-align: left\">Telefone: 67 3345 XXXX<\/li>\n<\/ul>\n<h3 style=\"text-align: left\"><strong>Educa\u00e7\u00e3o<\/strong><\/h3>\n<ul>\n<li>1977-1981: Gradua\u00e7\u00e3o em Bachelor Of Science, University College Cork, UCC, Irlanda<\/li>\n<li>1981-1982: Mestrado em Zoologia, University College Cork, UCC, Irlanda<\/li>\n<li>1983-1988: Doutorado em Limnologia, Ghent University, UGENT, B\u00e9lgica<\/li>\n<li>1989-1990: P\u00f3s-Doutorado, Universidade de S\u00e3o Paulo, USP, Brasil<\/li>\n<\/ul>\n<h3><strong>\u00c1reas de Interesse<\/strong><\/h3>\n<p>Ecologia, com \u00eanfase em Ecologia de Ecossistemas, atuando principalmente nos seguintes temas: limnologia, polui\u00e7\u00e3o, recursos h\u00eddricos, zoopl\u00e2ncton e peixes.<\/p>\n<h3 style=\"text-align: left\"><strong>Curr\u00edculo<\/strong><\/h3>\n<p><a href=\"http:\/\/lattes.cnpq.br\/2388031186936813\" target=\"_blank\" rel=\"noopener noreferrer\">Curr\u00edculo Lattes<\/a><\/p>\n<h3 style=\"text-align: left\"><strong>Experi\u00eancia<\/strong><\/h3>\n<ul>\n<li><\/li>\n<\/ul>\n<h3><strong>Disciplinas<\/strong><\/h3>\n<p><em>Gradua\u00e7\u00e3o:<\/em><\/p>\n<ul>\n<li>Biologia aplicada a Engenharia Ambiental<\/li>\n<li>Microbiologia Ambiental<\/li>\n<li>Ecologia Aplicada<\/li>\n<\/ul>\n<p><em>P\u00f3s-gradua\u00e7\u00e3o:<\/em><\/p>\n<ul>\n<li>Ecologia de Sistemas Aqu\u00e1ticos<\/li>\n<li>Ecologia de Comunidades e Ecossistemas<\/li>\n<li>Limnologia Geral<\/li>\n<\/ul>","protected":false},"excerpt":{"rendered":"<p>Sorry, this entry is only available in Portugu\u00eas do Brasil. For the sake of viewer convenience, the content is shown below in the alternative language. You may click the link to switch the active language.Endere\u00e7o Sala: Unidade: Mapa: E-mail: kennedy.roche@ufms.br Telefone: 67 3345 XXXX Educa\u00e7\u00e3o 1977-1981: Gradua\u00e7\u00e3o em Bachelor Of Science, University College Cork, UCC, [&hellip;]<\/p>\n","protected":false},"author":570,"featured_media":0,"parent":82,"menu_order":0,"comment_status":"closed","ping_status":"closed","template":"","meta":{"footnotes":""},"coauthors":[],"class_list":["post-267","page","type-page","status-publish","hentry"],"_links":{"self":[{"href":"https:\/\/ppgta.ufms.br\/en\/wp-json\/wp\/v2\/pages\/267","targetHints":{"allow":["GET"]}}],"collection":[{"href":"https:\/\/ppgta.ufms.br\/en\/wp-json\/wp\/v2\/pages"}],"about":[{"href":"https:\/\/ppgta.ufms.br\/en\/wp-json\/wp\/v2\/types\/page"}],"author":[{"embeddable":true,"href":"https:\/\/ppgta.ufms.br\/en\/wp-json\/wp\/v2\/users\/570"}],"replies":[{"embeddable":true,"href":"https:\/\/ppgta.ufms.br\/en\/wp-json\/wp\/v2\/comments?post=267"}],"version-history":[{"count":4,"href":"https:\/\/ppgta.ufms.br\/en\/wp-json\/wp\/v2\/pages\/267\/revisions"}],"predecessor-version":[{"id":534,"href":"https:\/\/ppgta.ufms.br\/en\/wp-json\/wp\/v2\/pages\/267\/revisions\/534"}],"up":[{"embeddable":true,"href":"https:\/\/ppgta.ufms.br\/en\/wp-json\/wp\/v2\/pages\/82"}],"wp:attachment":[{"href":"https:\/\/ppgta.ufms.br\/en\/wp-json\/wp\/v2\/media?parent=267"}],"wp:term":[{"taxonomy":"author","embeddable":true,"href":"https:\/\/ppgta.ufms.br\/en\/wp-json\/wp\/v2\/coauthors?post=267"}],"curies":[{"name":"wp","href":"https:\/\/api.w.org\/{rel}","templated":true}]}}