{"id":264,"date":"2017-07-18T02:51:28","date_gmt":"2017-07-18T06:51:28","guid":{"rendered":"https:\/\/ppgta.ufms.br\/?page_id=264"},"modified":"2018-02-26T14:44:03","modified_gmt":"2018-02-26T18:44:03","slug":"jose","status":"publish","type":"page","link":"https:\/\/ppgta.ufms.br\/en\/docentes\/jose\/","title":{"rendered":"(Portugu\u00eas do Brasil) Jos\u00e9 Marcato Junior"},"content":{"rendered":"<p class=\"qtranxs-available-languages-message qtranxs-available-languages-message-en\">Sorry, this entry is only available in <a href=\"https:\/\/ppgta.ufms.br\/pb\/wp-json\/wp\/v2\/pages\/264\" class=\"qtranxs-available-language-link qtranxs-available-language-link-pb\" title=\"Portugu\u00eas do Brasil\">Portugu\u00eas do Brasil<\/a>. For the sake of viewer convenience, the content is shown below in the alternative language. You may click the link to switch the active language.<\/p><img fetchpriority=\"high\" decoding=\"async\" class=\"aligncenter\" src=\"https:\/\/i1.rgstatic.net\/ii\/profile.image\/279357428912130-1443615409301_Q512\/Jose_Junior43.jpg\" alt=\"Resultado de imagem para jos\u00e9 marcato junior\" width=\"272\" height=\"272\" \/><\/p>\n<h3><strong>Endere\u00e7o<\/strong><\/h3>\n<ul>\n<li style=\"text-align: left\">Sala: 6<\/li>\n<li style=\"text-align: left\">Unidade: 7A<\/li>\n<li style=\"text-align: left\">Mapa:\u00a0https:\/\/goo.gl\/maps\/dpD9H4FUxY42<\/li>\n<li style=\"text-align: left\">E-mail: jose.marcato@ufms.br<\/li>\n<li style=\"text-align: left\">Telefone: 67 3345\u00a07731<\/li>\n<\/ul>\n<h3 style=\"text-align: left\"><strong>Educa\u00e7\u00e3o<\/strong><\/h3>\n<ul>\n<li>2004-2008: Gradua\u00e7\u00e3o em Engenharia Cartogr\u00e1fica, Universidade Estadual Paulista J\u00falio de Mesquita Filho, UNESP, Brasil<\/li>\n<li>2009-2011: Mestrado em Ci\u00eancias Cartogr\u00e1ficas<span class=\"ajaxCAPES\">,\u00a0<\/span>Universidade Estadual Paulista J\u00falio de Mesquita Filho, UNESP, Brasil<\/li>\n<li>2011-2014:\u00a0Doutorado em Ci\u00eancias Cartogr\u00e1ficas<span class=\"ajaxCAPES\">,\u00a0<\/span>Universidade Estadual Paulista J\u00falio de Mesquita Filho, UNESP, Brasil<\/li>\n<\/ul>\n<h3><strong>\u00c1reas de Interesse<\/strong><\/h3>\n<p>Geoci\u00eancias e Ci\u00eancias Ambientais, atuando principalmente no seguinte tema: Geom\u00e1tica (Fotogrametria, Sensoriamento Remoto, Geod\u00e9sia, SIG, Cartografia) aplicada aos estudos ambientais.<\/p>\n<h3 style=\"text-align: left\"><strong>Curr\u00edculo<\/strong><\/h3>\n<p><a href=\"http:\/\/lattes.cnpq.br\/1054922336409334\" target=\"_blank\" rel=\"noopener noreferrer\">Curr\u00edculo Lattes<\/a><\/p>\n<h3 style=\"text-align: left\"><strong>Experi\u00eancia<\/strong><\/h3>\n<ul>\n<li><\/li>\n<li><\/li>\n<\/ul>\n<h3><strong>Disciplinas<\/strong><\/h3>\n<p><em>Gradua\u00e7\u00e3o:<\/em><\/p>\n<ul>\n<li>Topografia<\/li>\n<li>Cartografia<\/li>\n<li>Modelagem de Sistemas Ambientais<\/li>\n<\/ul>\n<p><em>P\u00f3s-gradua\u00e7\u00e3o:<\/em><\/p>\n<ul>\n<li>Geod\u00e9sia aplicada aos estudos dos Recursos Naturais<\/li>\n<li>Sensoriamento Remoto aplicado aos estudos dos Recursos Naturais<\/li>\n<li>Sensoriamento Remoto e Geod\u00e9sia aplicados aos estudos ambientais<\/li>\n<\/ul>","protected":false},"excerpt":{"rendered":"<p>Sorry, this entry is only available in Portugu\u00eas do Brasil. For the sake of viewer convenience, the content is shown below in the alternative language. You may click the link to switch the active language. Endere\u00e7o Sala: 6 Unidade: 7A Mapa:\u00a0https:\/\/goo.gl\/maps\/dpD9H4FUxY42 E-mail: jose.marcato@ufms.br Telefone: 67 3345\u00a07731 Educa\u00e7\u00e3o 2004-2008: Gradua\u00e7\u00e3o em Engenharia Cartogr\u00e1fica, Universidade Estadual Paulista [&hellip;]<\/p>\n","protected":false},"author":570,"featured_media":0,"parent":82,"menu_order":0,"comment_status":"closed","ping_status":"closed","template":"","meta":{"footnotes":""},"coauthors":[],"class_list":["post-264","page","type-page","status-publish","hentry"],"_links":{"self":[{"href":"https:\/\/ppgta.ufms.br\/en\/wp-json\/wp\/v2\/pages\/264","targetHints":{"allow":["GET"]}}],"collection":[{"href":"https:\/\/ppgta.ufms.br\/en\/wp-json\/wp\/v2\/pages"}],"about":[{"href":"https:\/\/ppgta.ufms.br\/en\/wp-json\/wp\/v2\/types\/page"}],"author":[{"embeddable":true,"href":"https:\/\/ppgta.ufms.br\/en\/wp-json\/wp\/v2\/users\/570"}],"replies":[{"embeddable":true,"href":"https:\/\/ppgta.ufms.br\/en\/wp-json\/wp\/v2\/comments?post=264"}],"version-history":[{"count":3,"href":"https:\/\/ppgta.ufms.br\/en\/wp-json\/wp\/v2\/pages\/264\/revisions"}],"predecessor-version":[{"id":533,"href":"https:\/\/ppgta.ufms.br\/en\/wp-json\/wp\/v2\/pages\/264\/revisions\/533"}],"up":[{"embeddable":true,"href":"https:\/\/ppgta.ufms.br\/en\/wp-json\/wp\/v2\/pages\/82"}],"wp:attachment":[{"href":"https:\/\/ppgta.ufms.br\/en\/wp-json\/wp\/v2\/media?parent=264"}],"wp:term":[{"taxonomy":"author","embeddable":true,"href":"https:\/\/ppgta.ufms.br\/en\/wp-json\/wp\/v2\/coauthors?post=264"}],"curies":[{"name":"wp","href":"https:\/\/api.w.org\/{rel}","templated":true}]}}