{"id":258,"date":"2017-07-18T02:49:55","date_gmt":"2017-07-18T06:49:55","guid":{"rendered":"https:\/\/ppgta.ufms.br\/?page_id=258"},"modified":"2018-02-26T14:40:55","modified_gmt":"2018-02-26T18:40:55","slug":"fabio-2","status":"publish","type":"page","link":"https:\/\/ppgta.ufms.br\/en\/docentes\/fabio-2\/","title":{"rendered":"(Portugu\u00eas do Brasil) F\u00e1bio Ver\u00edssimo Gon\u00e7alves"},"content":{"rendered":"<p class=\"qtranxs-available-languages-message qtranxs-available-languages-message-en\">Sorry, this entry is only available in <a href=\"https:\/\/ppgta.ufms.br\/pb\/wp-json\/wp\/v2\/pages\/258\" class=\"qtranxs-available-language-link qtranxs-available-language-link-pb\" title=\"Portugu\u00eas do Brasil\">Portugu\u00eas do Brasil<\/a>. For the sake of viewer convenience, the content is shown below in the alternative language. You may click the link to switch the active language.<\/p><img fetchpriority=\"high\" decoding=\"async\" class=\"wp-image-517 size-medium aligncenter\" src=\"https:\/\/ppgta.ufms.br\/files\/2017\/07\/f\u00e1bio-ver\u00edssimo-233x300.jpg\" alt=\"\" width=\"233\" height=\"300\" \/><\/p>\n<h3><strong>Endere\u00e7o<\/strong><\/h3>\n<ul>\n<li style=\"text-align: left\">Sala:<\/li>\n<li style=\"text-align: left\">Unidade: 7A<\/li>\n<li style=\"text-align: left\">Mapa:\u00a0https:\/\/goo.gl\/maps\/dpD9H4FUxY42<\/li>\n<li style=\"text-align: left\">E-mail: fabio.goncalves@ufms.br<\/li>\n<li style=\"text-align: left\">Telefone: 67 3345\u00a07676<\/li>\n<\/ul>\n<h3 style=\"text-align: left\"><strong>Educa\u00e7\u00e3o<\/strong><\/h3>\n<ul>\n<li>1996-2000: Gradua\u00e7\u00e3o em Engenharia Civil, Universidade Anhanguera &#8211; Uniderp, UNIDERP, Brasil<\/li>\n<li>2001-2005: Mestrado em Tecnologias Ambientais,\u00a0Universidade Federal de Mato Grosso do Sul, UFMS, Brasil<\/li>\n<li>2009-2012: Doutorado em Engenharia Civil, Instituto Superior T\u00e9cnico, IST, Portugal<\/li>\n<\/ul>\n<h3><strong>\u00c1reas de Interesse<\/strong><\/h3>\n<p>Efici\u00eancia energ\u00e9tica em SAA&#8217;s, otimiza\u00e7\u00e3o, micro turbinas hidr\u00e1ulicas e transporte de sedimentos e suas implica\u00e7\u00f5es.<\/p>\n<h3 style=\"text-align: left\"><strong>Curr\u00edculo<\/strong><\/h3>\n<p><a href=\"http:\/\/lattes.cnpq.br\/8133907731850115\" target=\"_blank\" rel=\"noopener noreferrer\">Curr\u00edculo Lattes<\/a><\/p>\n<h3 style=\"text-align: left\"><strong>Experi\u00eancia<\/strong><\/h3>\n<ul>\n<li>2017-Atual: Coordenador\u00a0de Gest\u00e3o Acad\u00eamica da Faculdade de Engenharias, Arquitetura e Urbanismo e Geografia, FAENG<\/li>\n<li>2012-2015: Coordenador\u00a0do Curso de Gradua\u00e7\u00e3o em Engenharia Ambiental<\/li>\n<\/ul>\n<h3><strong>Disciplinas<\/strong><\/h3>\n<p><em>Gradua\u00e7\u00e3o:<\/em><\/p>\n<ul>\n<li>Hidr\u00e1ulica I e II<\/li>\n<li>Hidrologia<\/li>\n<li>Instala\u00e7\u00f5es hidr\u00e1ulicas prediais<\/li>\n<\/ul>\n<p><em>P\u00f3s-gradua\u00e7\u00e3o:<\/em><\/p>\n<ul>\n<li>Fundamentos, t\u00e9cnicas e an\u00e1lise hidrossimentom\u00e9tricas<\/li>\n<\/ul>","protected":false},"excerpt":{"rendered":"<p>Sorry, this entry is only available in Portugu\u00eas do Brasil. For the sake of viewer convenience, the content is shown below in the alternative language. You may click the link to switch the active language. Endere\u00e7o Sala: Unidade: 7A Mapa:\u00a0https:\/\/goo.gl\/maps\/dpD9H4FUxY42 E-mail: fabio.goncalves@ufms.br Telefone: 67 3345\u00a07676 Educa\u00e7\u00e3o 1996-2000: Gradua\u00e7\u00e3o em Engenharia Civil, Universidade Anhanguera &#8211; Uniderp, [&hellip;]<\/p>\n","protected":false},"author":570,"featured_media":0,"parent":82,"menu_order":0,"comment_status":"closed","ping_status":"closed","template":"","meta":{"footnotes":""},"coauthors":[],"class_list":["post-258","page","type-page","status-publish","hentry"],"_links":{"self":[{"href":"https:\/\/ppgta.ufms.br\/en\/wp-json\/wp\/v2\/pages\/258","targetHints":{"allow":["GET"]}}],"collection":[{"href":"https:\/\/ppgta.ufms.br\/en\/wp-json\/wp\/v2\/pages"}],"about":[{"href":"https:\/\/ppgta.ufms.br\/en\/wp-json\/wp\/v2\/types\/page"}],"author":[{"embeddable":true,"href":"https:\/\/ppgta.ufms.br\/en\/wp-json\/wp\/v2\/users\/570"}],"replies":[{"embeddable":true,"href":"https:\/\/ppgta.ufms.br\/en\/wp-json\/wp\/v2\/comments?post=258"}],"version-history":[{"count":5,"href":"https:\/\/ppgta.ufms.br\/en\/wp-json\/wp\/v2\/pages\/258\/revisions"}],"predecessor-version":[{"id":532,"href":"https:\/\/ppgta.ufms.br\/en\/wp-json\/wp\/v2\/pages\/258\/revisions\/532"}],"up":[{"embeddable":true,"href":"https:\/\/ppgta.ufms.br\/en\/wp-json\/wp\/v2\/pages\/82"}],"wp:attachment":[{"href":"https:\/\/ppgta.ufms.br\/en\/wp-json\/wp\/v2\/media?parent=258"}],"wp:term":[{"taxonomy":"author","embeddable":true,"href":"https:\/\/ppgta.ufms.br\/en\/wp-json\/wp\/v2\/coauthors?post=258"}],"curies":[{"name":"wp","href":"https:\/\/api.w.org\/{rel}","templated":true}]}}