{"id":254,"date":"2017-07-18T02:46:48","date_gmt":"2017-07-18T06:46:48","guid":{"rendered":"https:\/\/ppgta.ufms.br\/?page_id=254"},"modified":"2018-02-22T15:57:15","modified_gmt":"2018-02-22T19:57:15","slug":"carlos","status":"publish","type":"page","link":"https:\/\/ppgta.ufms.br\/en\/docentes\/carlos\/","title":{"rendered":"(Portugu\u00eas do Brasil) Carlos N. Ide"},"content":{"rendered":"<p class=\"qtranxs-available-languages-message qtranxs-available-languages-message-en\">Sorry, this entry is only available in <a href=\"https:\/\/ppgta.ufms.br\/pb\/wp-json\/wp\/v2\/pages\/254\" class=\"qtranxs-available-language-link qtranxs-available-language-link-pb\" title=\"Portugu\u00eas do Brasil\">Portugu\u00eas do Brasil<\/a>. For the sake of viewer convenience, the content is shown below in the alternative language. You may click the link to switch the active language.<\/p><img fetchpriority=\"high\" decoding=\"async\" class=\"wp-image-513  aligncenter\" src=\"https:\/\/ppgta.ufms.br\/files\/2017\/07\/Carlos_Ide-300x300.jpg\" alt=\"\" width=\"468\" height=\"468\" srcset=\"https:\/\/ppgta.ufms.br\/files\/2017\/07\/Carlos_Ide-300x300.jpg 300w, https:\/\/ppgta.ufms.br\/files\/2017\/07\/Carlos_Ide-150x150.jpg 150w, https:\/\/ppgta.ufms.br\/files\/2017\/07\/Carlos_Ide-320x320.jpg 320w, https:\/\/ppgta.ufms.br\/files\/2017\/07\/Carlos_Ide.jpg 512w\" sizes=\"(max-width: 468px) 100vw, 468px\" \/><\/p>\n<h3><strong>Endere\u00e7o<\/strong><\/h3>\n<ul>\n<li style=\"text-align: left\">Sala:<\/li>\n<li style=\"text-align: left\">Unidade:<\/li>\n<li style=\"text-align: left\">Mapa:<\/li>\n<li style=\"text-align: left\">E-mail: carlos.ide@ufms.br<\/li>\n<li style=\"text-align: left\">Telefone: 67 3345\u00a07495<\/li>\n<\/ul>\n<h3 style=\"text-align: left\"><strong>Educa\u00e7\u00e3o<\/strong><\/h3>\n<ul>\n<li>1973-1977: Gradua\u00e7\u00e3o em Engenharia Civil, Universidade Estadual de Mato Grosso, UEMT, Brasil<\/li>\n<li>1982-1984: Mestrado em Recursos H\u00eddricos e Saneamento Ambiental, Universidade Federal do Rio Grande do Sul, UFRGS, Brasil<\/li>\n<li>1990-1994: Doutorado em Recursos H\u00eddricos e Saneamento Ambiental<span class=\"ajaxCAPES\">,\u00a0Universidade Federal do Rio Grande do Sul, UFRGS, Brasil<\/span><\/li>\n<\/ul>\n<h3><strong>\u00c1reas de Interesse<\/strong><\/h3>\n<p>Engenharia Sanit\u00e1ria, com \u00eanfase em Processos de Tratamento de \u00c1guas e Esgotos. Temas: Pantanal, Lagoas de Estabiliza\u00e7\u00e3o, Reatores Anaer\u00f3bios, Banhados Constru\u00eddos, Qualidade das \u00c1guas e Efluentes, Efici\u00eancia Energ\u00e9tica no Saneamento e Hidrossedimentologia.<\/p>\n<h3 style=\"text-align: left\"><strong>Curr\u00edculo<\/strong><\/h3>\n<p><a href=\"http:\/\/lattes.cnpq.br\/7754483170804600\" target=\"_blank\" rel=\"noopener noreferrer\">Curr\u00edculo Lattes<\/a><\/p>\n<h3 style=\"text-align: left\"><strong>Experi\u00eancia<\/strong><\/h3>\n<ul>\n<li>2006-2009: Coordenador do Curso de Capacita\u00e7\u00e3o em Hidrometria para Gest\u00e3o de Recursos H\u00eddricos<\/li>\n<li>2003-2005: Coordenador do Curso de P\u00f3s-Gradua\u00e7\u00e3o Lato Sensu em Planejamento e Gerenciamento em Recursos H\u00eddricos<\/li>\n<li>2000-2003: Coordenador do Curso de P\u00f3s-Gradua\u00e7\u00e3o Lato Sensu em Per\u00edcia Ambiental<\/li>\n<li>1998-2002: Coordenador do Programa de P\u00f3s-Gradua\u00e7\u00e3o em Tecnologias Ambientais<\/li>\n<\/ul>\n<h3 style=\"text-align: left\"><strong>Disciplinas<\/strong><\/h3>\n<p><em>Gradua\u00e7\u00e3o:<\/em><\/p>\n<ul>\n<li>Introdu\u00e7\u00e3o a Engenharia Ambiental<\/li>\n<li>Tratamento de \u00e1gua<\/li>\n<li>Tratamento de esgoto<\/li>\n<li>Qualidade da \u00e1gua<\/li>\n<\/ul>\n<p><em>P\u00f3s-gradua\u00e7\u00e3o:<\/em><\/p>\n<ul>\n<li>Avalia\u00e7\u00e3o de Impactos Ambientais<\/li>\n<li>Controle da Polui\u00e7\u00e3o Industrial<\/li>\n<li>Ecotecnologia<\/li>\n<li>Hidrologia Ambiental<\/li>\n<li>Monitoramento e Avalia\u00e7\u00e3o da Qualidade dos Recursos H\u00eddricos<\/li>\n<li>Processos unit\u00e1rios de tratamento de \u00e1gua e esgoto<\/li>\n<li>Qu\u00edmica para Engenharia Ambiental<\/li>\n<\/ul>","protected":false},"excerpt":{"rendered":"<p>Sorry, this entry is only available in Portugu\u00eas do Brasil. For the sake of viewer convenience, the content is shown below in the alternative language. You may click the link to switch the active language. Endere\u00e7o Sala: Unidade: Mapa: E-mail: carlos.ide@ufms.br Telefone: 67 3345\u00a07495 Educa\u00e7\u00e3o 1973-1977: Gradua\u00e7\u00e3o em Engenharia Civil, Universidade Estadual de Mato Grosso, [&hellip;]<\/p>\n","protected":false},"author":570,"featured_media":0,"parent":82,"menu_order":0,"comment_status":"closed","ping_status":"closed","template":"","meta":{"footnotes":""},"coauthors":[],"class_list":["post-254","page","type-page","status-publish","hentry"],"_links":{"self":[{"href":"https:\/\/ppgta.ufms.br\/en\/wp-json\/wp\/v2\/pages\/254","targetHints":{"allow":["GET"]}}],"collection":[{"href":"https:\/\/ppgta.ufms.br\/en\/wp-json\/wp\/v2\/pages"}],"about":[{"href":"https:\/\/ppgta.ufms.br\/en\/wp-json\/wp\/v2\/types\/page"}],"author":[{"embeddable":true,"href":"https:\/\/ppgta.ufms.br\/en\/wp-json\/wp\/v2\/users\/570"}],"replies":[{"embeddable":true,"href":"https:\/\/ppgta.ufms.br\/en\/wp-json\/wp\/v2\/comments?post=254"}],"version-history":[{"count":3,"href":"https:\/\/ppgta.ufms.br\/en\/wp-json\/wp\/v2\/pages\/254\/revisions"}],"predecessor-version":[{"id":514,"href":"https:\/\/ppgta.ufms.br\/en\/wp-json\/wp\/v2\/pages\/254\/revisions\/514"}],"up":[{"embeddable":true,"href":"https:\/\/ppgta.ufms.br\/en\/wp-json\/wp\/v2\/pages\/82"}],"wp:attachment":[{"href":"https:\/\/ppgta.ufms.br\/en\/wp-json\/wp\/v2\/media?parent=254"}],"wp:term":[{"taxonomy":"author","embeddable":true,"href":"https:\/\/ppgta.ufms.br\/en\/wp-json\/wp\/v2\/coauthors?post=254"}],"curies":[{"name":"wp","href":"https:\/\/api.w.org\/{rel}","templated":true}]}}