{"id":193,"date":"2017-07-05T10:09:14","date_gmt":"2017-07-05T14:09:14","guid":{"rendered":"https:\/\/ppgta.ufms.br\/?page_id=193"},"modified":"2018-02-23T11:10:45","modified_gmt":"2018-02-23T15:10:45","slug":"johannes","status":"publish","type":"page","link":"https:\/\/ppgta.ufms.br\/en\/docentes\/johannes\/","title":{"rendered":"(Portugu\u00eas do Brasil) Johannes G. Janzen"},"content":{"rendered":"<p class=\"qtranxs-available-languages-message qtranxs-available-languages-message-en\">Sorry, this entry is only available in <a href=\"https:\/\/ppgta.ufms.br\/pb\/wp-json\/wp\/v2\/pages\/193\" class=\"qtranxs-available-language-link qtranxs-available-language-link-pb\" title=\"Portugu\u00eas do Brasil\">Portugu\u00eas do Brasil<\/a>. For the sake of viewer convenience, the content is shown below in the alternative language. You may click the link to switch the active language.<\/p><img fetchpriority=\"high\" decoding=\"async\" class=\"wp-image-522 aligncenter\" src=\"https:\/\/ppgta.ufms.br\/files\/2017\/07\/DSC_0027-300x199.jpg\" alt=\"\" width=\"466\" height=\"309\" srcset=\"https:\/\/ppgta.ufms.br\/files\/2017\/07\/DSC_0027-300x199.jpg 300w, https:\/\/ppgta.ufms.br\/files\/2017\/07\/DSC_0027-768x511.jpg 768w, https:\/\/ppgta.ufms.br\/files\/2017\/07\/DSC_0027-1024x681.jpg 1024w, https:\/\/ppgta.ufms.br\/files\/2017\/07\/DSC_0027-481x320.jpg 481w, https:\/\/ppgta.ufms.br\/files\/2017\/07\/DSC_0027-350x233.jpg 350w\" sizes=\"(max-width: 466px) 100vw, 466px\" \/><\/p>\n<h3><strong>Endere\u00e7o<\/strong><\/h3>\n<ul>\n<li style=\"text-align: left\">\n<div>Sala:<\/div>\n<\/li>\n<li style=\"text-align: left\">\n<div>Unidade: 7A<\/div>\n<\/li>\n<li style=\"text-align: left\">\n<div>Mapa:\u00a0<a href=\"https:\/\/goo.gl\/maps\/dpD9H4FUxY42\" target=\"_blank\" rel=\"noopener noreferrer\">https:\/\/goo.gl\/maps\/dpD9H4FUxY42<\/a><\/div>\n<\/li>\n<li style=\"text-align: left\">\n<div>E-mail:\u00a0johannesjanzen@gmail.com<\/div>\n<\/li>\n<li style=\"text-align: left\">\n<div>Telefone: 67 3345 7676<\/div>\n<\/li>\n<\/ul>\n<h3 style=\"text-align: left\"><strong>Educa\u00e7\u00e3o<\/strong><\/h3>\n<ul>\n<li>\n<div>1996-2000:\u00a0Engenheiro Civil\u00a0pela Universidade Federal do Mato Grosso do Sul, UFMS, Brasil<\/div>\n<\/li>\n<li>\n<div>2001-2003: Mestrado em Engenharia Civil (Hidr\u00e1ulica e Saneamento, Universidade de S\u00e3o Paulo, USP, Brasil<\/div>\n<\/li>\n<li>\n<div>2003-2006: Doutorado em Engenharia Civil (Hidr\u00e1ulica e Saneamento, Universidade\u00a0de S\u00e3o Paulo, USP, Brasil, com per\u00edodo sandu\u00edche no Karlsruhe Institute for Technology (KIT), Alemanha<\/div>\n<\/li>\n<li>\n<div>2013-2014: P\u00f3s-Doutorado\u00a0em Mec\u00e2nica dos Fluidos Ambiental no\u00a0Massachusetts Institute of Technology (MIT), Estados Unidos<\/div>\n<\/li>\n<\/ul>\n<h3><strong>\u00c1reas de Interesse<\/strong><\/h3>\n<p><span class=\"texto\">Fen\u00f4menos de transporte ambiental, hidroinform\u00e1tica, hidr\u00e1ulica<\/span><\/p>\n<h3 style=\"text-align: left\"><strong>Curr\u00edculo<\/strong><\/h3>\n<p><a href=\"http:\/\/lattes.cnpq.br\/8377932686189760\" target=\"_blank\" rel=\"noopener noreferrer\">Curr\u00edculo Lattes<\/a><\/p>\n<p><a href=\"https:\/\/scholar.google.com\/citations?user=TFr3xT0AAAAJ&amp;hl=pt-BR\">Google Acad\u00eamico<\/a><\/p>\n<p><a href=\"https:\/\/www.researchgate.net\/profile\/Johannes_Janzen\" target=\"_blank\" rel=\"noopener noreferrer\">ResearchGate<\/a><\/p>\n<h3 style=\"text-align: left\"><strong>Experi\u00eancia<\/strong><\/h3>\n<ul>\n<li>2016-Atual:\u00a0Coordenador do Programa de P\u00f3s-Gradua\u00e7\u00e3o em Tecnologias Ambientais<\/li>\n<li>2012-Atual:\u00a0Coordenador do\u00a0Laborat\u00f3rio CFD-UFMS<\/li>\n<li>2018:\u00a0Organizador da Gerhard Jirka Summer School of Environmental Fluid Mechanics na UFMS<\/li>\n<li>2011-2013:\u00a0Coordenador do Curso Tecnol\u00f3gico em Saneamento Ambiental<\/li>\n<li>\n<div>2007-2009:\u00a0Coordenador do Curso de Especializa\u00e7\u00e3o em Engenharia Ambiental<\/div>\n<\/li>\n<\/ul>\n<h3 style=\"text-align: left\"><strong>Disciplinas<\/strong><\/h3>\n<p><em>Gradua\u00e7\u00e3o:<\/em><\/p>\n<ul>\n<li>Fen\u00f4menos de Transporte<\/li>\n<\/ul>\n<p><em>P\u00f3s-gradua\u00e7\u00e3o:<\/em><\/p>\n<ul>\n<li>Est\u00e1tica para Experimentos<\/li>\n<li>\n<div><em>Computational Fluid Dynamics<\/em><\/div>\n<\/li>\n<\/ul>","protected":false},"excerpt":{"rendered":"<p>Sorry, this entry is only available in Portugu\u00eas do Brasil. For the sake of viewer convenience, the content is shown below in the alternative language. You may click the link to switch the active language. Endere\u00e7o Sala: Unidade: 7A Mapa:\u00a0https:\/\/goo.gl\/maps\/dpD9H4FUxY42 E-mail:\u00a0johannesjanzen@gmail.com Telefone: 67 3345 7676 Educa\u00e7\u00e3o 1996-2000:\u00a0Engenheiro Civil\u00a0pela Universidade Federal do Mato Grosso do Sul, [&hellip;]<\/p>\n","protected":false},"author":3160,"featured_media":0,"parent":82,"menu_order":0,"comment_status":"closed","ping_status":"closed","template":"","meta":{"footnotes":""},"coauthors":[],"class_list":["post-193","page","type-page","status-publish","hentry"],"_links":{"self":[{"href":"https:\/\/ppgta.ufms.br\/en\/wp-json\/wp\/v2\/pages\/193","targetHints":{"allow":["GET"]}}],"collection":[{"href":"https:\/\/ppgta.ufms.br\/en\/wp-json\/wp\/v2\/pages"}],"about":[{"href":"https:\/\/ppgta.ufms.br\/en\/wp-json\/wp\/v2\/types\/page"}],"author":[{"embeddable":true,"href":"https:\/\/ppgta.ufms.br\/en\/wp-json\/wp\/v2\/users\/3160"}],"replies":[{"embeddable":true,"href":"https:\/\/ppgta.ufms.br\/en\/wp-json\/wp\/v2\/comments?post=193"}],"version-history":[{"count":43,"href":"https:\/\/ppgta.ufms.br\/en\/wp-json\/wp\/v2\/pages\/193\/revisions"}],"predecessor-version":[{"id":526,"href":"https:\/\/ppgta.ufms.br\/en\/wp-json\/wp\/v2\/pages\/193\/revisions\/526"}],"up":[{"embeddable":true,"href":"https:\/\/ppgta.ufms.br\/en\/wp-json\/wp\/v2\/pages\/82"}],"wp:attachment":[{"href":"https:\/\/ppgta.ufms.br\/en\/wp-json\/wp\/v2\/media?parent=193"}],"wp:term":[{"taxonomy":"author","embeddable":true,"href":"https:\/\/ppgta.ufms.br\/en\/wp-json\/wp\/v2\/coauthors?post=193"}],"curies":[{"name":"wp","href":"https:\/\/api.w.org\/{rel}","templated":true}]}}